{"id":9739,"date":"2023-10-12T13:52:56","date_gmt":"2023-10-12T13:52:56","guid":{"rendered":"https:\/\/mariswiss.com\/?post_type=product&#038;p=9739"},"modified":"2025-07-11T08:19:28","modified_gmt":"2025-07-11T08:19:28","slug":"seda-filtres-bio","status":"publish","type":"product","link":"https:\/\/mariswiss.com\/es\/product\/seda-filtres-bio\/","title":{"rendered":"Biofiltros SEDA"},"content":{"rendered":"<p>Los filtros SEDA Bio son totalmente ecol\u00f3gicos. Fabricados a partir de semillas de amaranto, son respetuosos con el planeta y hacen que su degustaci\u00f3n sea a\u00fan m\u00e1s especial.<\/p>\n<p>Aproximadamente 35 filtros por paquete.<\/p>\n<p>Un peque\u00f1o precio por un accesorio simb\u00f3lico.<\/p>\n<p>Todos nuestros accesorios y productos relacionados se seleccionan cuidadosamente en funci\u00f3n de su composici\u00f3n, reputaci\u00f3n y uso. En nuestro sitio solo encontrar\u00e1s marcas de referencia que te traer\u00e1n buenos recuerdos.<\/p>","protected":false},"excerpt":{"rendered":"<p>Los filtros SEDA Bio son totalmente ecol\u00f3gicos. Fabricados a partir de semillas de amaranto, son respetuosos con el planeta y hacen que su degustaci\u00f3n sea a\u00fan m\u00e1s especial.<\/p>\n<p>Aproximadamente 35 filtros por paquete.<\/p>\n<p>Un peque\u00f1o precio por un accesorio simb\u00f3lico.<\/p>","protected":false},"featured_media":0,"comment_status":"open","ping_status":"closed","template":"","meta":{"inline_featured_image":false},"product_cat":[15,366,368],"product_tag":[218],"class_list":{"0":"post-9739","1":"product","2":"type-product","3":"status-publish","5":"product_brand-seda","6":"product_cat-uncategorized","7":"product_cat-accessoires","8":"product_cat-filtres","9":"product_tag-filtres","11":"first","12":"instock","13":"taxable","14":"shipping-taxable","15":"purchasable","16":"product-type-simple"},"jetpack_sharing_enabled":true,"_links":{"self":[{"href":"https:\/\/mariswiss.com\/es\/wp-json\/wp\/v2\/product\/9739","targetHints":{"allow":["GET"]}}],"collection":[{"href":"https:\/\/mariswiss.com\/es\/wp-json\/wp\/v2\/product"}],"about":[{"href":"https:\/\/mariswiss.com\/es\/wp-json\/wp\/v2\/types\/product"}],"replies":[{"embeddable":true,"href":"https:\/\/mariswiss.com\/es\/wp-json\/wp\/v2\/comments?post=9739"}],"wp:attachment":[{"href":"https:\/\/mariswiss.com\/es\/wp-json\/wp\/v2\/media?parent=9739"}],"wp:term":[{"taxonomy":"product_cat","embeddable":true,"href":"https:\/\/mariswiss.com\/es\/wp-json\/wp\/v2\/product_cat?post=9739"},{"taxonomy":"product_tag","embeddable":true,"href":"https:\/\/mariswiss.com\/es\/wp-json\/wp\/v2\/product_tag?post=9739"}],"curies":[{"name":"wp","href":"https:\/\/api.w.org\/{rel}","templated":true}]}}