{"id":9746,"date":"2023-10-12T13:52:56","date_gmt":"2023-10-12T13:52:56","guid":{"rendered":"https:\/\/mariswiss.com\/?post_type=product&#038;p=9746"},"modified":"2025-07-11T08:19:30","modified_gmt":"2025-07-11T08:19:30","slug":"bulldog-silver-feuilles-king-size-slim","status":"publish","type":"product","link":"https:\/\/mariswiss.com\/es\/product\/bulldog-silver-feuilles-king-size-slim\/","title":{"rendered":"S\u00e1banas Bulldog Silver King size slim"},"content":{"rendered":"<p>Las s\u00e1banas delgadas Bulldog Silver King size son muy conocidas y se han convertido en iconos del sector.<\/p>\n<p>Originarias de \u00c1msterdam, la capital del c\u00e1\u00f1amo, deben su nombre a la famosa cafeter\u00eda de la ciudad.<\/p>\n<p>Para los entendidos, la calidad deja una degustaci\u00f3n digna de ese nombre.<\/p>","protected":false},"excerpt":{"rendered":"<p>Las s\u00e1banas delgadas Bulldog Silver King size son muy conocidas y se han convertido en iconos del sector.<\/p>\n<p>33 hojas \/ paquete.<\/p>\n<p>Su ligereza y durabilidad le encantar\u00e1n.<\/p>","protected":false},"featured_media":9749,"comment_status":"open","ping_status":"closed","template":"","meta":{"inline_featured_image":false},"product_cat":[15,366,369],"product_tag":[217],"class_list":{"0":"post-9746","1":"product","2":"type-product","3":"status-publish","4":"has-post-thumbnail","6":"product_brand-bulldog","7":"product_cat-uncategorized","8":"product_cat-accessoires","9":"product_cat-feuilles-a-rouler","10":"product_tag-feuilles","12":"first","13":"instock","14":"taxable","15":"shipping-taxable","16":"purchasable","17":"product-type-simple"},"jetpack_sharing_enabled":true,"_links":{"self":[{"href":"https:\/\/mariswiss.com\/es\/wp-json\/wp\/v2\/product\/9746","targetHints":{"allow":["GET"]}}],"collection":[{"href":"https:\/\/mariswiss.com\/es\/wp-json\/wp\/v2\/product"}],"about":[{"href":"https:\/\/mariswiss.com\/es\/wp-json\/wp\/v2\/types\/product"}],"replies":[{"embeddable":true,"href":"https:\/\/mariswiss.com\/es\/wp-json\/wp\/v2\/comments?post=9746"}],"wp:featuredmedia":[{"embeddable":true,"href":"https:\/\/mariswiss.com\/es\/wp-json\/wp\/v2\/media\/9749"}],"wp:attachment":[{"href":"https:\/\/mariswiss.com\/es\/wp-json\/wp\/v2\/media?parent=9746"}],"wp:term":[{"taxonomy":"product_cat","embeddable":true,"href":"https:\/\/mariswiss.com\/es\/wp-json\/wp\/v2\/product_cat?post=9746"},{"taxonomy":"product_tag","embeddable":true,"href":"https:\/\/mariswiss.com\/es\/wp-json\/wp\/v2\/product_tag?post=9746"}],"curies":[{"name":"wp","href":"https:\/\/api.w.org\/{rel}","templated":true}]}}