{"id":9750,"date":"2023-10-12T13:52:55","date_gmt":"2023-10-12T13:52:55","guid":{"rendered":"https:\/\/mariswiss.com\/?post_type=product&#038;p=9750"},"modified":"2025-07-11T08:19:33","modified_gmt":"2025-07-11T08:19:33","slug":"gizeh-feuilles-bio","status":"publish","type":"product","link":"https:\/\/mariswiss.com\/es\/product\/gizeh-feuilles-bio\/","title":{"rendered":"Gizeh 100% Organic hojas King size slim + filtros"},"content":{"rendered":"<p>Estas s\u00e1banas ecol\u00f3gicas Gizeh 100% son una sutil mezcla de s\u00e1banas King Size Slim, fabricadas con c\u00e1\u00f1amo crudo procedente de agricultura ecol\u00f3gica certificada, y puntillas a juego de la gama GIZEH pure.<\/p>\n<p>Las puntas de las cajas pueden plegarse para que el filtrado sea m\u00e1s eficaz.<\/p>\n<p>Ultrafinos y ligeramente transparentes, los papeles arden lenta y uniformemente, ofreciendo un sabor perfecto.<\/p>\n<p>Producto apto para veganos.<\/p>","protected":false},"excerpt":{"rendered":"<p>Estas s\u00e1banas ecol\u00f3gicas Gizeh 100% son una sutil mezcla de s\u00e1banas King Size Slim, fabricadas con c\u00e1\u00f1amo crudo procedente de agricultura ecol\u00f3gica certificada, y puntillas a juego de la gama GIZEH pure.<\/p>\n<ul>\n<li>tama\u00f1o de la hoja: 44*107 mm<\/li>\n<li>dimensiones del filtro: 24*54 mm<\/li>\n<li>34 hojas y filtros \/ paquete<\/li>\n<\/ul>","protected":false},"featured_media":9751,"comment_status":"open","ping_status":"closed","template":"","meta":{"inline_featured_image":false},"product_cat":[15,366,369],"product_tag":[217],"class_list":{"0":"post-9750","1":"product","2":"type-product","3":"status-publish","4":"has-post-thumbnail","6":"product_brand-gizeh","7":"product_cat-uncategorized","8":"product_cat-accessoires","9":"product_cat-feuilles-a-rouler","10":"product_tag-feuilles","12":"first","13":"instock","14":"taxable","15":"shipping-taxable","16":"purchasable","17":"product-type-simple"},"jetpack_sharing_enabled":true,"_links":{"self":[{"href":"https:\/\/mariswiss.com\/es\/wp-json\/wp\/v2\/product\/9750","targetHints":{"allow":["GET"]}}],"collection":[{"href":"https:\/\/mariswiss.com\/es\/wp-json\/wp\/v2\/product"}],"about":[{"href":"https:\/\/mariswiss.com\/es\/wp-json\/wp\/v2\/types\/product"}],"replies":[{"embeddable":true,"href":"https:\/\/mariswiss.com\/es\/wp-json\/wp\/v2\/comments?post=9750"}],"wp:featuredmedia":[{"embeddable":true,"href":"https:\/\/mariswiss.com\/es\/wp-json\/wp\/v2\/media\/9751"}],"wp:attachment":[{"href":"https:\/\/mariswiss.com\/es\/wp-json\/wp\/v2\/media?parent=9750"}],"wp:term":[{"taxonomy":"product_cat","embeddable":true,"href":"https:\/\/mariswiss.com\/es\/wp-json\/wp\/v2\/product_cat?post=9750"},{"taxonomy":"product_tag","embeddable":true,"href":"https:\/\/mariswiss.com\/es\/wp-json\/wp\/v2\/product_tag?post=9750"}],"curies":[{"name":"wp","href":"https:\/\/api.w.org\/{rel}","templated":true}]}}