{"id":9763,"date":"2023-10-12T13:52:55","date_gmt":"2023-10-12T13:52:55","guid":{"rendered":"https:\/\/mariswiss.com\/?post_type=product&#038;p=9763"},"modified":"2025-07-11T08:19:33","modified_gmt":"2025-07-11T08:19:33","slug":"ocb-king-size-slim-organic-hemp","status":"publish","type":"product","link":"https:\/\/mariswiss.com\/es\/product\/ocb-king-size-slim-organic-hemp\/","title":{"rendered":"OCB King Size Slim C\u00e1\u00f1amo Ecol\u00f3gico"},"content":{"rendered":"<p>Las hojas de c\u00e1\u00f1amo org\u00e1nico OCB King Size Slim son hojas originales hechas de c\u00e1\u00f1amo ORG\u00c1NICO.<\/p>\n<p>Est\u00e1n hechos de c\u00e1\u00f1amo org\u00e1nico sin blanquear y no contienen sustancias qu\u00edmicas (como el cloruro).<\/p>\n<p>La l\u00ednea pegajosa est\u00e1 elaborada con goma ar\u00e1biga natural derivada de la acacia africana, un enfoque comprometido con el desarrollo sostenible.<\/p>\n<p>&nbsp;<\/p>","protected":false},"excerpt":{"rendered":"<p>Las hojas de c\u00e1\u00f1amo org\u00e1nico OCB King Size Slim son hojas originales hechas de c\u00e1\u00f1amo ORG\u00c1NICO.<\/p>\n<p>Est\u00e1n hechos de c\u00e1\u00f1amo org\u00e1nico sin blanquear y no contienen sustancias qu\u00edmicas (como el cloruro).<\/p>\n<ul>\n<li>Tama\u00f1o: aprox. 44*109 mm<\/li>\n<li>32 hojas \/ paquete<\/li>\n<li>envases fabricados con materiales reciclados e impresos con tinta ecol\u00f3gica<\/li>\n<\/ul>","protected":false},"featured_media":9764,"comment_status":"open","ping_status":"closed","template":"","meta":{"inline_featured_image":false},"product_cat":[15,366,369],"product_tag":[217],"class_list":{"0":"post-9763","1":"product","2":"type-product","3":"status-publish","4":"has-post-thumbnail","6":"product_brand-ocb","7":"product_cat-uncategorized","8":"product_cat-accessoires","9":"product_cat-feuilles-a-rouler","10":"product_tag-feuilles","12":"first","13":"instock","14":"taxable","15":"shipping-taxable","16":"purchasable","17":"product-type-simple"},"jetpack_sharing_enabled":true,"_links":{"self":[{"href":"https:\/\/mariswiss.com\/es\/wp-json\/wp\/v2\/product\/9763","targetHints":{"allow":["GET"]}}],"collection":[{"href":"https:\/\/mariswiss.com\/es\/wp-json\/wp\/v2\/product"}],"about":[{"href":"https:\/\/mariswiss.com\/es\/wp-json\/wp\/v2\/types\/product"}],"replies":[{"embeddable":true,"href":"https:\/\/mariswiss.com\/es\/wp-json\/wp\/v2\/comments?post=9763"}],"wp:featuredmedia":[{"embeddable":true,"href":"https:\/\/mariswiss.com\/es\/wp-json\/wp\/v2\/media\/9764"}],"wp:attachment":[{"href":"https:\/\/mariswiss.com\/es\/wp-json\/wp\/v2\/media?parent=9763"}],"wp:term":[{"taxonomy":"product_cat","embeddable":true,"href":"https:\/\/mariswiss.com\/es\/wp-json\/wp\/v2\/product_cat?post=9763"},{"taxonomy":"product_tag","embeddable":true,"href":"https:\/\/mariswiss.com\/es\/wp-json\/wp\/v2\/product_tag?post=9763"}],"curies":[{"name":"wp","href":"https:\/\/api.w.org\/{rel}","templated":true}]}}