{"id":10,"date":"2023-10-03T11:47:05","date_gmt":"2023-10-03T11:47:05","guid":{"rendered":"https:\/\/mariswiss.com\/?page_id=10"},"modified":"2024-03-18T11:27:24","modified_gmt":"2024-03-18T11:27:24","slug":"livraison-retour","status":"publish","type":"page","link":"https:\/\/mariswiss.com\/fi\/livraison-retour\/","title":{"rendered":"Toimitus + Palautukset"},"content":{"rendered":"<div class=\"row\"  id=\"row-1352481067\">\n\n\t<div id=\"col-1157635253\" class=\"col medium-8 small-12 large-8\"  >\n\t\t\t\t<div class=\"col-inner\"  >\n\t\t\t\n\t\t\t\n<div class=\"container section-title-container\" ><h1 class=\"section-title section-title-bold-center\"><b><\/b><span class=\"section-title-main\" >Pakettien valmistelu<\/span><b><\/b><\/h1><\/div>\n<p>Paketit l\u00e4hetet\u00e4\u00e4n yleens\u00e4 2 (kahden) p\u00e4iv\u00e4n kuluessa maksun vastaanottamisesta, ja ne l\u00e4hetet\u00e4\u00e4n Colissimon kautta, jossa on seuranta ja toimitus ilman allekirjoitusta.<br \/>\n- Paketit l\u00e4hetet\u00e4\u00e4n Colissimon kautta, jossa on seuranta ja luovutus ilman allekirjoitusta. Paketit voidaan l\u00e4hett\u00e4\u00e4 my\u00f6s Colissimon kautta, jossa on seuranta ja luovutus ilman allekirjoitusta.<br \/>\n- Valitsitpa mink\u00e4 toimitustavan tahansa, l\u00e4het\u00e4mme sinulle linkin pakettisi seurantaan.<\/p>\n<div class=\"container section-title-container\" ><h1 class=\"section-title section-title-bold-center\"><b><\/b><span class=\"section-title-main\" >Toimitus<\/span><b><\/b><\/h1><\/div>\n<p>Toimitushinnat, ilmaiset toimitusehdot ja arvioidut toimitusajat l\u00f6yd\u00e4t alta:<\/p>\n\t<div id=\"text-2910950630\" class=\"text\">\n\t\t\n<table class=\"shipping-table\" style=\"height: 252px;\" width=\"292\">\n<tbody>\n<tr>\n<th style=\"text-align: center;\">maa<\/th>\n<th style=\"text-align: center;\">Toimituskulut<\/th>\n<th style=\"text-align: center;\">Vapaa<\/th>\n<th style=\"text-align: center;\">M\u00e4\u00e4r\u00e4ajat<\/th>\n<\/tr>\n<tr>\n<td style=\"text-align: center;\"><strong>Ranskan p\u00e4\u00e4kaupunkiseutu<\/strong><\/td>\n<td class=\"price\" style=\"text-align: center;\"><strong>4.95 \u20ac<\/strong><\/td>\n<td class=\"price\" style=\"text-align: center;\"><strong>50 \u20ac<\/strong><\/td>\n<td class=\"time\" style=\"text-align: center;\"><strong>48-72 tuntia<\/strong><\/td>\n<\/tr>\n<tr>\n<td style=\"text-align: center;\"><strong>Merentakaiset<\/strong><\/td>\n<td class=\"price\" style=\"text-align: center;\"><strong>13.10 \u20ac<\/strong><\/td>\n<td class=\"price\" style=\"text-align: center;\"><strong>95 \u20ac<\/strong><\/td>\n<td class=\"time\" style=\"text-align: center;\"><strong>5-10 p\u00e4iv\u00e4\u00e4<\/strong><\/td>\n<\/tr>\n<tr>\n<td style=\"text-align: center;\"><strong>Eurooppa<\/strong><\/td>\n<td class=\"price\" style=\"text-align: center;\"><strong>10 \u20ac<\/strong><\/td>\n<td class=\"price\" style=\"text-align: center;\"><strong>70 \u20ac<\/strong><\/td>\n<td class=\"time\" style=\"text-align: center;\"><strong>4-7 p\u00e4iv\u00e4\u00e4<\/strong><\/td>\n<\/tr>\n<tr>\n<td style=\"text-align: center;\"><strong>UK<\/strong><\/td>\n<td class=\"price\" style=\"text-align: center;\"><strong>10\u20ac<\/strong><\/td>\n<td class=\"price\" style=\"text-align: center;\"><strong>70\u20ac<\/strong><\/td>\n<td class=\"time\" style=\"text-align: center;\"><strong>4-8 p\u00e4iv\u00e4\u00e4<\/strong><\/td>\n<\/tr>\n<tr>\n<td style=\"text-align: center;\"><strong>Sveitsi<\/strong><\/td>\n<td class=\"price\" style=\"text-align: center;\"><strong>5 \u20ac<\/strong><\/td>\n<td class=\"price\" style=\"text-align: center;\"><strong>50 \u20ac<\/strong><\/td>\n<td class=\"time\" style=\"text-align: center;\"><strong>48-72 tuntia<\/strong><\/td>\n<\/tr>\n<\/tbody>\n<\/table>\n\t\t\n<style>\n#text-2910950630 {\n  font-size: 0.8rem;\n}\n<\/style>\n\t<\/div>\n\t\n\t\t<\/div>\n\t\t\t\t\t<\/div>\n\n\t\n\n\t<div id=\"col-826198491\" class=\"col medium-4 small-12 large-4\"  >\n\t\t\t\t<div class=\"col-inner\"  >\n\t\t\t\n\t\t\t\n\t<div class=\"img has-hover x md-x lg-x y md-y lg-y\" id=\"image_1164504080\">\n\t\t\t\t\t\t\t\t<div class=\"img-inner dark\" >\n\t\t\t<img decoding=\"async\" width=\"800\" height=\"800\" src=\"https:\/\/i0.wp.com\/mariswiss.com\/wp-content\/uploads\/2023\/10\/Untitled-design-13-min.jpg?resize=800%2C800&#038;ssl=1\" class=\"attachment-original size-original\" alt=\"CBD toimitus\" srcset=\"https:\/\/i0.wp.com\/mariswiss.com\/wp-content\/uploads\/2023\/10\/Untitled-design-13-min.jpg?w=800&amp;ssl=1 800w, https:\/\/i0.wp.com\/mariswiss.com\/wp-content\/uploads\/2023\/10\/Untitled-design-13-min.jpg?resize=400%2C400&amp;ssl=1 400w, https:\/\/i0.wp.com\/mariswiss.com\/wp-content\/uploads\/2023\/10\/Untitled-design-13-min.jpg?resize=280%2C280&amp;ssl=1 280w, https:\/\/i0.wp.com\/mariswiss.com\/wp-content\/uploads\/2023\/10\/Untitled-design-13-min.jpg?resize=768%2C768&amp;ssl=1 768w, https:\/\/i0.wp.com\/mariswiss.com\/wp-content\/uploads\/2023\/10\/Untitled-design-13-min.jpg?resize=510%2C510&amp;ssl=1 510w, https:\/\/i0.wp.com\/mariswiss.com\/wp-content\/uploads\/2023\/10\/Untitled-design-13-min.jpg?resize=100%2C100&amp;ssl=1 100w\" sizes=\"(max-width: 800px) 100vw, 800px\" title=\"\" data-recalc-dims=\"1\">\t\t\t\t\t\t\n\t\t\t\t\t<\/div>\n\t\t\t\t\t\t\t\t\n<style>\n#image_1164504080 {\n  width: 100%;\n}\n<\/style>\n\t<\/div>\n\t\n\t\t<\/div>\n\t\t\t\t\t<\/div>\n\n\t\n<\/div>\n<div class=\"container section-title-container\" ><h1 class=\"section-title section-title-bold-center\"><b><\/b><span class=\"section-title-main\" >MAKSU<\/span><b><\/b><\/h1><\/div>\n<div class=\"row\"  id=\"row-1353446416\">\n\n\t<div id=\"col-1008303878\" class=\"col medium-4 small-12 large-4\"  >\n\t\t\t\t<div class=\"col-inner\"  >\n\t\t\t\n\t\t\t\n\t<div class=\"img has-hover x md-x lg-x y md-y lg-y\" id=\"image_1617603576\">\n\t\t\t\t\t\t\t\t<div class=\"img-inner dark\" >\n\t\t\t<img decoding=\"async\" width=\"768\" height=\"768\" src=\"https:\/\/i0.wp.com\/mariswiss.com\/wp-content\/uploads\/2023\/10\/Untitled-design-14.jpg?fit=768%2C768&amp;ssl=1\" class=\"attachment-medium_large size-medium_large\" alt=\"Turvallinen CBD-MAKSU\" srcset=\"https:\/\/i0.wp.com\/mariswiss.com\/wp-content\/uploads\/2023\/10\/Untitled-design-14.jpg?w=800&amp;ssl=1 800w, https:\/\/i0.wp.com\/mariswiss.com\/wp-content\/uploads\/2023\/10\/Untitled-design-14.jpg?resize=400%2C400&amp;ssl=1 400w, https:\/\/i0.wp.com\/mariswiss.com\/wp-content\/uploads\/2023\/10\/Untitled-design-14.jpg?resize=280%2C280&amp;ssl=1 280w, https:\/\/i0.wp.com\/mariswiss.com\/wp-content\/uploads\/2023\/10\/Untitled-design-14.jpg?resize=768%2C768&amp;ssl=1 768w, https:\/\/i0.wp.com\/mariswiss.com\/wp-content\/uploads\/2023\/10\/Untitled-design-14.jpg?resize=510%2C510&amp;ssl=1 510w, https:\/\/i0.wp.com\/mariswiss.com\/wp-content\/uploads\/2023\/10\/Untitled-design-14.jpg?resize=100%2C100&amp;ssl=1 100w\" sizes=\"(max-width: 768px) 100vw, 768px\" title=\"\">\t\t\t\t\t\t\n\t\t\t\t\t<\/div>\n\t\t\t\t\t\t\t\t\n<style>\n#image_1617603576 {\n  width: 73%;\n}\n<\/style>\n\t<\/div>\n\t\n\t\t<\/div>\n\t\t\t\t\t<\/div>\n\n\t\n\n\t<div id=\"col-972979976\" class=\"col medium-8 small-12 large-8\"  >\n\t\t\t\t<div class=\"col-inner\"  >\n\t\t\t\n\t\t\t\n<p>Tarjoamme seuraavia maksutapoja:<\/p>\n<p>- Luottokortit ( Visa, MasterCard, American Express )<br \/>\n- Pankkisiirto<\/p>\n<p><em>*Luottokorttisi numero ohjataan maksupalvelimille. Maksusi suoritetaan suoraan suojatussa ymp\u00e4rist\u00f6ss\u00e4 kulkematta palvelimemme kautta, mik\u00e4 takaa, ett\u00e4 luottokorttisi numerot ovat vain pankkikumppanimme tiedossa.<\/em><\/p>\n\t\t<\/div>\n\t\t\t\t\t<\/div>\n\n\t\n<\/div>\n<div class=\"container section-title-container\" ><h1 class=\"section-title section-title-bold-center\"><b><\/b><span class=\"section-title-main\" >PALAUTUKSET JA HYVITYKSET<\/span><b><\/b><\/h1><\/div>\n<div class=\"row row-collapse row-full-width align-middle\"  id=\"row-544890194\">\n\n\t<div id=\"col-602282502\" class=\"col medium-6 small-12 large-6\"  >\n\t\t\t\t<div class=\"col-inner\"  >\n\t\t\t\n\t\t\t\n<p>Siin\u00e4 ep\u00e4todenn\u00e4k\u00f6isess\u00e4 tapauksessa, ett\u00e4 et ole tyytyv\u00e4inen tuotteidemme laatuun, tarjoamme hyvityspalvelua:<\/p>\n<ul>\n<li>Sinun on otettava meihin yhteytt\u00e4 7 p\u00e4iv\u00e4n kuluessa vastaanottamisesta l\u00e4hett\u00e4m\u00e4ll\u00e4 s\u00e4hk\u00f6postia osoitteeseen <a href=\"mailto:hello@mariswiss.com\">hello@mariswiss.com<\/a>. Ilmoittamalla meille tilausnumerosi ja kuvaamalla syyt, miksi haluat hyvityksen.<\/li>\n<li>Palauta tuote alkuper\u00e4isess\u00e4, avaamattomassa pakkauksessa. Jos tuotetta on k\u00e4ytetty\/avattu, emme voi hyv\u00e4ksy\u00e4 palautuksia.<\/li>\n<li>Palautetut tuotteet tarkastetaan vikojen varalta ja joko korvataan tai palautetaan, jos vika havaitaan.<\/li>\n<li>Palautus koskee tuotteen hintaa, eik\u00e4 se sis\u00e4ll\u00e4 kaikkia posti-, pakkaus- ja toimituskuluja.<\/li>\n<li>Palautukset hyvitet\u00e4\u00e4n k\u00e4ytt\u00e4en samaa maksutapaa kuin ostos.<\/li>\n<li><strong>Emme hyv\u00e4ksy tuotteiden palautuksia, jos et pid\u00e4 niiden mausta tai tuoksusta.<\/strong><\/li>\n<\/ul>\n<h3 id=\"h-5-remboursement\" class=\"wp-block-heading\"><strong>Korvaus<\/strong><\/h3>\n<ul>\n<li>Jos haluat hyvityst\u00e4 jostain syyst\u00e4, ota meihin yhteytt\u00e4 seuraavaan s\u00e4hk\u00f6postiosoitteeseen: <a href=\"mailto:hello@mariswiss.com\">hello@mariswiss.com<\/a> ja me vastaamme pyynt\u00f6\u00f6si. Palautukset tehd\u00e4\u00e4n tapauskohtaisesti ja kiistattomien todisteiden perusteella.<\/li>\n<\/ul>\n\t\t<\/div>\n\t\t\t\t\n<style>\n#col-602282502 > .col-inner {\n  padding: 5% 5% 5% 5%;\n  max-width: 520px;\n}\n<\/style>\n\t<\/div>\n\n\t\n\n\t<div id=\"col-997157401\" class=\"col medium-6 small-12 large-6\"  >\n\t\t\t\t<div class=\"col-inner\"  >\n\t\t\t\n\t\t\t\n\t<div class=\"img has-hover x md-x lg-x y md-y lg-y\" id=\"image_186961781\">\n\t\t\t\t\t\t\t\t<div class=\"img-inner dark\" >\n\t\t\t<img decoding=\"async\" width=\"800\" height=\"800\" src=\"https:\/\/i0.wp.com\/mariswiss.com\/wp-content\/uploads\/2023\/10\/efund-1.jpg?fit=800%2C800&amp;ssl=1\" class=\"attachment-large size-large\" alt=\"\" srcset=\"https:\/\/i0.wp.com\/mariswiss.com\/wp-content\/uploads\/2023\/10\/efund-1.jpg?w=800&amp;ssl=1 800w, https:\/\/i0.wp.com\/mariswiss.com\/wp-content\/uploads\/2023\/10\/efund-1.jpg?resize=400%2C400&amp;ssl=1 400w, https:\/\/i0.wp.com\/mariswiss.com\/wp-content\/uploads\/2023\/10\/efund-1.jpg?resize=280%2C280&amp;ssl=1 280w, https:\/\/i0.wp.com\/mariswiss.com\/wp-content\/uploads\/2023\/10\/efund-1.jpg?resize=768%2C768&amp;ssl=1 768w, https:\/\/i0.wp.com\/mariswiss.com\/wp-content\/uploads\/2023\/10\/efund-1.jpg?resize=510%2C510&amp;ssl=1 510w, https:\/\/i0.wp.com\/mariswiss.com\/wp-content\/uploads\/2023\/10\/efund-1.jpg?resize=100%2C100&amp;ssl=1 100w\" sizes=\"(max-width: 800px) 100vw, 800px\" title=\"\">\t\t\t\t\t\t\n\t\t\t\t\t<\/div>\n\t\t\t\t\t\t\t\t\n<style>\n#image_186961781 {\n  width: 100%;\n}\n<\/style>\n\t<\/div>\n\t\n\t\t<\/div>\n\t\t\t\t\t<\/div>\n\n\t\n<\/div>","protected":false},"excerpt":{"rendered":"","protected":false},"author":2,"featured_media":0,"parent":0,"menu_order":0,"comment_status":"closed","ping_status":"closed","template":"","meta":{"inline_featured_image":false,"footnotes":""},"class_list":["post-10","page","type-page","status-publish","hentry"],"jetpack_sharing_enabled":true,"_links":{"self":[{"href":"https:\/\/mariswiss.com\/fi\/wp-json\/wp\/v2\/pages\/10","targetHints":{"allow":["GET"]}}],"collection":[{"href":"https:\/\/mariswiss.com\/fi\/wp-json\/wp\/v2\/pages"}],"about":[{"href":"https:\/\/mariswiss.com\/fi\/wp-json\/wp\/v2\/types\/page"}],"author":[{"embeddable":true,"href":"https:\/\/mariswiss.com\/fi\/wp-json\/wp\/v2\/users\/2"}],"replies":[{"embeddable":true,"href":"https:\/\/mariswiss.com\/fi\/wp-json\/wp\/v2\/comments?post=10"}],"version-history":[{"count":15,"href":"https:\/\/mariswiss.com\/fi\/wp-json\/wp\/v2\/pages\/10\/revisions"}],"predecessor-version":[{"id":17591,"href":"https:\/\/mariswiss.com\/fi\/wp-json\/wp\/v2\/pages\/10\/revisions\/17591"}],"wp:attachment":[{"href":"https:\/\/mariswiss.com\/fi\/wp-json\/wp\/v2\/media?parent=10"}],"curies":[{"name":"wp","href":"https:\/\/api.w.org\/{rel}","templated":true}]}}