{"id":16180,"date":"2023-10-02T06:59:01","date_gmt":"2023-10-02T06:59:01","guid":{"rendered":"https:\/\/mariswiss.com\/?page_id=16180"},"modified":"2024-12-05T15:25:42","modified_gmt":"2024-12-05T15:25:42","slug":"qui-sommes-nous","status":"publish","type":"page","link":"https:\/\/mariswiss.com\/fi\/qui-sommes-nous\/","title":{"rendered":"Keit\u00e4 me olemme?"},"content":{"rendered":"<h1>\u00c0 propos de MariSwiss : Votre Source de Confiance pour le Cannabis L\u00e9gal de Qualit\u00e9 Suisse et Monde<\/h1>\n<p>Bienvenue chez MariSwiss, une soci\u00e9t\u00e9 europ\u00e9enne d\u00e9di\u00e9e \u00e0 l&#8217;offre de produits de cannabis l\u00e9gal de qualit\u00e9 depuis 2022. Nous sommes fiers de notre engagement envers l&#8217;excellence, la durabilit\u00e9 et la satisfaction de nos clients. Dans cette page, nous vous invitons \u00e0 en apprendre davantage sur notre histoire, notre engagement envers la qualit\u00e9 suisse, notre gamme de produits, notre service d&#8217;exp\u00e9dition en Europe, notre \u00e9quipe passionn\u00e9e, et comment nous contacter pour toute question ou demande.<\/p>\n<div class=\"ux-logo has-hover align-middle ux_logo inline-block\" style=\"max-width: 100%!important; width: 230px!important\"><a class=\"ux-logo-link block image-\" title=\"\" href=\"https:\/\/mariswiss.com\/fi\/\" style=\"padding: 15px;\"><img decoding=\"async\" src=\"https:\/\/i0.wp.com\/mariswiss.com\/wp-content\/uploads\/2023\/10\/MariSwiss-B-scaled.jpg?w=1020&#038;ssl=1\" title=\"\" alt=\"\" class=\"ux-logo-image block\" style=\"height:200px;\" data-recalc-dims=\"1\"><\/a><\/div>\n<h2>MariSwissin tarina<\/h2>\n<p>L&#8217;histoire de MariSwiss a commenc\u00e9 en 2022 avec une vision claire : devenir un leader dans l&#8217;industrie du cannabis l\u00e9gal. Fond\u00e9e par des passionn\u00e9s du cannabis et de la qualit\u00e9 suisse, notre entreprise a rapidement \u00e9volu\u00e9 pour r\u00e9pondre aux besoins croissants du march\u00e9 en produits de cannabis l\u00e9gal de haute qualit\u00e9.<\/p>\n<h2>Notre Engagement envers la Qualit\u00e9<\/h2>\n<p>Chez MariSwiss, la qualit\u00e9 est notre ma\u00eetre-mot. Nous croyons en la puret\u00e9 de la nature suisse et autre, et c&#8217;est pourquoi certains de nos produits de cannabis l\u00e9gal proviennent de cultures suisses biologiques. Les autres proviennent d&#8217;autres parties du monde (Uruguay, France, Italie), avec une rigueur de production que nous trions sur le volet. Nous sommes d\u00e9termin\u00e9s \u00e0 maintenir les normes les plus strictes en mati\u00e8re de contr\u00f4le de la qualit\u00e9 pour chaque produit que nous proposons. Nous travaillons en \u00e9troite collaboration avec des cultivateurs locaux qui partagent notre passion pour la culture durable et respectueuse de l&#8217;environnement.<\/p>\n<h2>Tuotevalikoimamme<\/h2>\n<p>Olemme ylpeit\u00e4 voidessamme tarjota sinulle monipuolisen valikoiman laillisia kannabistuotteita, jotka on suunniteltu vastaamaan yksil\u00f6llisi\u00e4 tarpeitasi. Etsitp\u00e4 sitten ensiluokkaisia kannabiskukkia, voimakkaita uutteita, jalostettuja \u00f6ljyj\u00e4 tai herkullisia sy\u00f6t\u00e4vi\u00e4, MariSwissilt\u00e4 l\u00f6yd\u00e4t tarvitsemasi. Jokainen tuotteemme on valittu huolellisesti sen laadun ja potentiaalin perusteella, joka mahdollistaa poikkeuksellisen kulutuskokemuksen.<\/p>\n<h2>Toimitus Euroopassa<\/h2>\n<p>MariSwissin teht\u00e4v\u00e4n\u00e4 on tuoda lailliset kannabistuotteemme laajemman yleis\u00f6n saataville Euroopassa. Meill\u00e4 on ilo ilmoittaa, ett\u00e4 tarjoamme luotettavan ja turvallisen toimituspalvelun moniin Euroopan maihin. Logistiikkaan liittyv\u00e4n kokemuksemme ansiosta olemme sitoutuneet varmistamaan, ett\u00e4 tilauksesi saapuvat turvallisesti kotiovellesi.<\/p>\n<h2>Tiimimme<\/h2>\n<p>Tiimimme koostuu intohimoisista ja omistautuneista ammattilaisista, joilla on sama n\u00e4kemys laadusta ja innovaatiosta. Viljelyst\u00e4 jakeluun jokainen tiimimme j\u00e4sen tuo arvokasta asiantuntemusta varmistaakseen, ett\u00e4 MariSwiss on jatkossakin laillisen kannabiksen vertailukohta.<\/p>\n<h2>Sitoutuminen kest\u00e4v\u00e4\u00e4n kehitykseen<\/h2>\n<p>Me MariSwissill\u00e4 ymm\u00e4rr\u00e4mme kest\u00e4v\u00e4n kehityksen merkityksen kannabisteollisuudessa. Siksi olemme sitoutuneet pienent\u00e4m\u00e4\u00e4n ymp\u00e4rist\u00f6jalanj\u00e4lke\u00e4mme niin paljon kuin mahdollista. Viljelij\u00e4mme k\u00e4ytt\u00e4v\u00e4t ymp\u00e4rist\u00f6yst\u00e4v\u00e4llisi\u00e4 viljelyk\u00e4yt\u00e4nt\u00f6j\u00e4, ja k\u00e4yt\u00e4mme kierr\u00e4tett\u00e4vi\u00e4 pakkauksia muovij\u00e4tteen v\u00e4hent\u00e4miseksi. Olemme sitoutuneet edist\u00e4m\u00e4\u00e4n vihre\u00e4mp\u00e4\u00e4 tulevaisuutta samalla kun tarjoamme sinulle parhaat lailliset kannabistuotteet.<\/p>\n<h2>Innovaatio ja tutkimus<\/h2>\n<p>Nous croyons en l&#8217;innovation continue pour am\u00e9liorer nos produits et r\u00e9pondre aux besoins changeants de nos clients. Notre \u00e9quipe de recherche et d\u00e9veloppement travaille sans rel\u00e2che pour d\u00e9velopper de nouvelles vari\u00e9t\u00e9s de cannabis, des m\u00e9thodes d&#8217;extraction avanc\u00e9es et des produits novateurs. Nous restons \u00e0 l&#8217;avant-garde de l&#8217;industrie du cannabis l\u00e9gal.<\/p>\n<h2>Yhteis\u00f6 ja sosiaalinen vastuu<\/h2>\n<p>MariSwiss est fier de faire partie int\u00e9grante de la communaut\u00e9. Nous nous engageons \u00e0 soutenir des initiatives locales et \u00e0 contribuer positivement \u00e0 notre soci\u00e9t\u00e9. De plus, nous plaidons pour une utilisation responsable du cannabis l\u00e9gal et nous promouvons des informations \u00e9ducatives pour aider nos clients \u00e0 prendre des d\u00e9cisions \u00e9clair\u00e9es.<\/p>\n<h2>Ota yhteytt\u00e4<\/h2>\n<p>Olemme aina iloisia kuullessamme asiakkaitamme ja vastataksemme heid\u00e4n kysymyksiins\u00e4. \u00c4l\u00e4 ep\u00e4r\u00f6i ottaa meihin yhteytt\u00e4, jos tarvitset tietoja, tukea tai tuotetiedusteluja. Tavoitat meid\u00e4t s\u00e4hk\u00f6postitse osoitteesta [s\u00e4hk\u00f6postiosoite] tai puhelimitse numerosta [puhelinnumero]. Olemme l\u00e4sn\u00e4 my\u00f6s sosiaalisessa mediassa, jossa voit seurata meit\u00e4 uusimpien uutisten ja p\u00e4ivitysten saamiseksi.<\/p>\n<p>Kiitos, ett\u00e4 valitsit MariSwissin sveitsil\u00e4isten kannabistuotteiden tarpeisiisi. Odotamme innolla, ett\u00e4 voimme palvella sinua ja tarjota sinulle poikkeuksellisen kokemuksen joka vaiheessa.<\/p>","protected":false},"excerpt":{"rendered":"<p>\u00c0 propos de MariSwiss : Votre Source de Confiance pour le Cannabis L\u00e9gal de Qualit\u00e9 Suisse et Monde Bienvenue chez MariSwiss, une soci\u00e9t\u00e9 europ\u00e9enne d\u00e9di\u00e9e \u00e0 l&#8217;offre de produits de cannabis l\u00e9gal de qualit\u00e9 depuis 2022. Nous sommes fiers de notre engagement envers l&#8217;excellence, la durabilit\u00e9 et la satisfaction de nos clients. Dans cette page, [&#8230;]","protected":false},"author":2,"featured_media":16175,"parent":0,"menu_order":0,"comment_status":"closed","ping_status":"closed","template":"","meta":{"inline_featured_image":false,"footnotes":""},"class_list":["post-16180","page","type-page","status-publish","has-post-thumbnail","hentry"],"jetpack_sharing_enabled":true,"_links":{"self":[{"href":"https:\/\/mariswiss.com\/fi\/wp-json\/wp\/v2\/pages\/16180","targetHints":{"allow":["GET"]}}],"collection":[{"href":"https:\/\/mariswiss.com\/fi\/wp-json\/wp\/v2\/pages"}],"about":[{"href":"https:\/\/mariswiss.com\/fi\/wp-json\/wp\/v2\/types\/page"}],"author":[{"embeddable":true,"href":"https:\/\/mariswiss.com\/fi\/wp-json\/wp\/v2\/users\/2"}],"replies":[{"embeddable":true,"href":"https:\/\/mariswiss.com\/fi\/wp-json\/wp\/v2\/comments?post=16180"}],"version-history":[{"count":13,"href":"https:\/\/mariswiss.com\/fi\/wp-json\/wp\/v2\/pages\/16180\/revisions"}],"predecessor-version":[{"id":19797,"href":"https:\/\/mariswiss.com\/fi\/wp-json\/wp\/v2\/pages\/16180\/revisions\/19797"}],"wp:featuredmedia":[{"embeddable":true,"href":"https:\/\/mariswiss.com\/fi\/wp-json\/wp\/v2\/media\/16175"}],"wp:attachment":[{"href":"https:\/\/mariswiss.com\/fi\/wp-json\/wp\/v2\/media?parent=16180"}],"curies":[{"name":"wp","href":"https:\/\/api.w.org\/{rel}","templated":true}]}}