{"id":16212,"date":"2023-10-03T12:59:53","date_gmt":"2023-10-03T12:59:53","guid":{"rendered":"https:\/\/mariswiss.com\/?page_id=16212"},"modified":"2024-12-05T15:16:10","modified_gmt":"2024-12-05T15:16:10","slug":"conditions-generales","status":"publish","type":"page","link":"https:\/\/mariswiss.com\/fi\/conditions-generales\/","title":{"rendered":"Yleiset ehdot (GTC)"},"content":{"rendered":"<h1>Yleiset ehdot (GTC)<\/h1>\n<p>K\u00e4ytt\u00e4m\u00e4ll\u00e4 verkkosivustoamme ja ostamalla sielt\u00e4 tuotteita tai palveluita hyv\u00e4ksyt automaattisesti ehtomme ja vahvistat olevasi v\u00e4hint\u00e4\u00e4n 18-vuotias.<\/p>\n<p><strong>1. Rekister\u00f6inti<\/strong><br \/>\nOlet yksin vastuussa sivustolle rekister\u00f6ityess\u00e4si antamiesi tietojen oikeellisuudesta ja t\u00e4ydellisyydest\u00e4.<br \/>\nTarvittaessa ilmoitat meille kaikista annettujen tietojen muutoksista p\u00e4ivitt\u00e4m\u00e4ll\u00e4 profiilin mahdollisimman pian.<br \/>\nKun rekister\u00f6idyt, sinun on valittava salasana, jonka avulla voit k\u00e4ytt\u00e4\u00e4 sivustoamme. T\u00e4m\u00e4 salasana on ehdottoman luottamuksellinen. Sit\u00e4 ei saa luovuttaa kolmansille osapuolille.<br \/>\nOlet yksin vastuussa salasanasi k\u00e4yt\u00f6st\u00e4, s\u00e4ilytyksest\u00e4 ja turvallisuudesta.<br \/>\nJos tied\u00e4t tai ep\u00e4ilet, ett\u00e4 kolmannella osapuolella on p\u00e4\u00e4sy salasanallesi, ilmoita siit\u00e4 meille v\u00e4litt\u00f6m\u00e4sti.<\/p>\n<p><strong>2. Palkinnot<\/strong><br \/>\nSivustollamme ilmoitetut hinnat ovat euroina (EUR), Sveitsin frangina (CHF) ja Englannin puntina (\u00a3).<br \/>\nTuoteselosteissa ilmoitettu hinta ei sis\u00e4ll\u00e4 kuljetusta.<br \/>\n<em>Hinnat voivat muuttua ilman ennakkoilmoitusta.<\/em><\/p>\n<p><strong>3. Toimitus<\/strong><br \/>\nTilauksesi l\u00e4hetet\u00e4\u00e4n 24-48 tunnin kuluessa maksun vastaanottamisesta. Kun tilauksesi on l\u00e4hetetty, saat s\u00e4hk\u00f6postitse seurantanumeron.<br \/>\nL\u00f6yd\u00e4t seurantanumerosi my\u00f6s henkil\u00f6kohtaisesta osiostasi sivustollamme, kohdasta \"tilaukset\".<br \/>\nTilauksesi toimitetaan tilauksessa ilmoitettuun osoitteeseen.<br \/>\nL\u00e4het\u00e4mme tilauksesi prioriteettipostina, jossa on seurantanumero.<br \/>\nTilauksesi voidaan l\u00e4hett\u00e4\u00e4 useissa paketeissa.<br \/>\nToimitusaika on 3 (kolme) - 5 (viisi) ty\u00f6p\u00e4iv\u00e4\u00e4 tai pidempi olosuhteista riippuen.<\/p>\n<p><strong>4. Palautusoikeus<\/strong><br \/>\nSiin\u00e4 ep\u00e4todenn\u00e4k\u00f6isess\u00e4 tapauksessa, ett\u00e4 et ole tyytyv\u00e4inen tuotteidemme laatuun, tarjoamme hyvityspalvelua:<\/p>\n<p>Sinun on otettava meihin yhteytt\u00e4 7 p\u00e4iv\u00e4n kuluessa vastaanottamisesta l\u00e4hett\u00e4m\u00e4ll\u00e4 s\u00e4hk\u00f6postia osoitteeseen <a href=\"mailto:hello@mariswiss.com\">hello@mariswiss.com<\/a> . Antamalla meille tilausviitteesi ja kuvaamalla, miksi haluat hyvityksen. Emme ole vastuussa mist\u00e4\u00e4n menetyksest\u00e4 tai vahingosta, jos et tee n\u00e4in.<br \/>\nPalauta tuote alkuper\u00e4isess\u00e4, avaamattomassa pakkauksessa. Jos tuotetta on k\u00e4ytetty\/avattu, emme voi hyv\u00e4ksy\u00e4 palautuksia.<br \/>\nPalautetut tuotteet tarkastetaan vikojen varalta ja joko korvataan tai palautetaan, jos vika havaitaan.<br \/>\nPalautus koskee tuotteen hintaa, eik\u00e4 se sis\u00e4ll\u00e4 kaikkia posti-, pakkaus- ja toimituskuluja.<br \/>\nPalautukset hyvitet\u00e4\u00e4n yleens\u00e4 samaa maksutapaa k\u00e4ytt\u00e4en kuin ostos.<br \/>\nEmme hyv\u00e4ksy tuotteiden palautuksia, jos et pid\u00e4 niiden mausta tai tuoksusta.<\/p>\n<p><strong>5. Palautus<\/strong><\/p>\n<p>Jos haluat hyvityst\u00e4 jostain syyst\u00e4, ota meihin yhteytt\u00e4 seuraavaan s\u00e4hk\u00f6postiosoitteeseen: <a href=\"mailto:hello@mariswiss.com\">hello@mariswiss.com<\/a> ja me vastaamme pyynt\u00f6\u00f6si. Palautukset tehd\u00e4\u00e4n tapauskohtaisesti ja kiistattomien todisteiden perusteella.<\/p>\n<p><strong>6. Toimitusvirhe<\/strong><br \/>\n- Sinun on tarkistettava toimitettu tilaus v\u00e4litt\u00f6m\u00e4sti.<\/p>\n<p>- Jos tuote ei vastaa tilattua tuotetta, syyn\u00e4 voi olla toimitusvirhe. Sinulla on silloin kolme (3) ty\u00f6p\u00e4iv\u00e4\u00e4 aikaa ilmoittaa meille virheest\u00e4.<\/p>\n<p>- Jos kyseess\u00e4 on toimitusvirhe, josta olemme vastuussa, ehdotamme korvausratkaisua tapauskohtaisesti.<\/p>\n<p><strong>7. Maksutavat<\/strong><br \/>\nSuosittelemme seuraavaa maksutapaa:<\/p>\n<p>Luottokortit (Visa, MasterCard, American Express)<br \/>\nPankkisiirto: IBAN : FR76 3000 4006 8300 0102 5141 293. BIC: BNPAFRPPXXX<br \/>\n* Luottokorttisi numero ohjataan maksupalvelimille. Maksusi suoritetaan suoraan suojatussa ymp\u00e4rist\u00f6ss\u00e4 ilman, ett\u00e4 se kulkee www.mariswiss.com -palvelimen kautta, mik\u00e4 takaa, ett\u00e4 luottokorttisi numerot ovat vain pankkikumppanimme tiedossa.<\/p>\n<p><strong>8. Asiakkaan vastuu<\/strong><br \/>\nHuomaa, ett\u00e4 meill\u00e4 ei ole valtuuksia antaa l\u00e4\u00e4ketieteellisi\u00e4 neuvoja tai diagnooseja. Suosittelemme, ett\u00e4 otat yhteytt\u00e4 l\u00e4\u00e4k\u00e4riisi ennen kuin aloitat CBD:t\u00e4 sis\u00e4lt\u00e4vien tuotteiden k\u00e4yt\u00f6n. Muistutamme my\u00f6s, ett\u00e4 sitoutuessasi ostokseen sitoudut noudattamaan s\u00e4\u00e4nt\u00f6j\u00e4, olemaan t\u00e4ysi-ik\u00e4inen ja tuntemaan maassasi voimassa olevat CBD:t\u00e4 koskevat lait.<\/p>\n<p>Asiakas hyv\u00e4ksyy vastuun seuraavista:<\/p>\n<p>Henkil\u00f6vahinko,<br \/>\nVahingonkorvaukset ja korot,<br \/>\nRangaistustoimenpiteet,<br \/>\nVoittojen tai tulojen menetys,<br \/>\nTuotteen tai laitteen k\u00e4yt\u00f6n menetys,<br \/>\nTuotteen ostamisesta, k\u00e4yt\u00f6st\u00e4 tai v\u00e4\u00e4rink\u00e4yt\u00f6st\u00e4 johtuva omaisuuden menetys.<br \/>\nMariswiss.com, sen omistajat, edustajat ja ty\u00f6ntekij\u00e4t eiv\u00e4t ole vastuussa asiakkaidensa toimista.<\/p>\n<p><strong>9. Tietopolitiikka<\/strong><br \/>\nLue tietosuojak\u00e4yt\u00e4nt\u00f6mme huolellisesti.<\/p>\n<p><strong>10. Yleisten ehtojemme muuttaminen<\/strong><br \/>\nVoimme muuttaa (p\u00e4ivitt\u00e4\u00e4) k\u00e4ytt\u00f6ehtojamme aika ajoin. Ilmoitamme sinulle kaikista muutoksista julkaisemalla uuden tietosuojak\u00e4yt\u00e4nn\u00f6n t\u00e4ll\u00e4 sivulla.<br \/>\nTutustu t\u00e4h\u00e4n sivuun usein, kun k\u00e4yt\u00e4t palveluitamme.<br \/>\nSuosittelemme, ett\u00e4 tutustut t\u00e4h\u00e4n luottamuksellisuuspolitiikkaan s\u00e4\u00e4nn\u00f6llisesti ja otat huomioon mahdolliset muutokset. T\u00e4m\u00e4n tietosuojak\u00e4yt\u00e4nn\u00f6n muutokset tulevat voimaan heti, kun ne on julkaistu t\u00e4ll\u00e4 sivulla.<\/p>\n<p><strong>11. Yhteystiedot ja asiakaspalvelu<\/strong><br \/>\nJos haluat lis\u00e4tietoja, ota meihin yhteytt\u00e4 s\u00e4hk\u00f6postitse osoitteeseen <a href=\"mailto:contact@mariswiss.com\">contatc@mariswiss.com<\/a> tai meid\u00e4n <a href=\"https:\/\/ticket.mariswiss.com\/\">Ota yhteytt\u00e4 saadaksesi lis\u00e4tietoja.<\/a><\/p>","protected":false},"excerpt":{"rendered":"<p>Conditions g\u00e9n\u00e9rales (CVG) L\u2019utilisation de notre site web et l\u2019achat de produits ou services sur celui-ci, confirme automatiquement que vous acceptez nos conditions g\u00e9n\u00e9rales et que vous confirmez que vous avez au moins 18 ans. 1. Inscription Vous \u00eates seul responsable de l\u2019exactitude et de l\u2019exhaustivit\u00e9 des donn\u00e9es que vous fournissez lors de votre inscription [&#8230;]","protected":false},"author":2,"featured_media":0,"parent":0,"menu_order":0,"comment_status":"closed","ping_status":"closed","template":"","meta":{"inline_featured_image":false,"footnotes":""},"class_list":["post-16212","page","type-page","status-publish","hentry"],"jetpack_sharing_enabled":true,"_links":{"self":[{"href":"https:\/\/mariswiss.com\/fi\/wp-json\/wp\/v2\/pages\/16212","targetHints":{"allow":["GET"]}}],"collection":[{"href":"https:\/\/mariswiss.com\/fi\/wp-json\/wp\/v2\/pages"}],"about":[{"href":"https:\/\/mariswiss.com\/fi\/wp-json\/wp\/v2\/types\/page"}],"author":[{"embeddable":true,"href":"https:\/\/mariswiss.com\/fi\/wp-json\/wp\/v2\/users\/2"}],"replies":[{"embeddable":true,"href":"https:\/\/mariswiss.com\/fi\/wp-json\/wp\/v2\/comments?post=16212"}],"version-history":[{"count":7,"href":"https:\/\/mariswiss.com\/fi\/wp-json\/wp\/v2\/pages\/16212\/revisions"}],"predecessor-version":[{"id":19794,"href":"https:\/\/mariswiss.com\/fi\/wp-json\/wp\/v2\/pages\/16212\/revisions\/19794"}],"wp:attachment":[{"href":"https:\/\/mariswiss.com\/fi\/wp-json\/wp\/v2\/media?parent=16212"}],"curies":[{"name":"wp","href":"https:\/\/api.w.org\/{rel}","templated":true}]}}