{"id":16230,"date":"2023-10-06T09:47:04","date_gmt":"2023-10-06T09:47:04","guid":{"rendered":"https:\/\/mariswiss.com\/?page_id=16230"},"modified":"2023-12-13T12:48:57","modified_gmt":"2023-12-13T12:48:57","slug":"faqs","status":"publish","type":"page","link":"https:\/\/mariswiss.com\/fi\/faqs\/","title":{"rendered":"UKK"},"content":{"rendered":"<div id=\"page-header-2131122914\" class=\"page-header-wrapper\">\n  <div class=\"page-title dark featured-title\">\n\n    \n    <div class=\"page-title-inner container align-center text-center flex-row-col medium-flex-wrap\" >\n              <div class=\"title-wrapper flex-col\">\n          <h1 class=\"entry-title mb-0\">\n            UKK          <\/h1>\n        <\/div>\n                    <div class=\"title-content flex-col\">\n        <div class=\"title-breadcrumbs pb-half pt-half\"><nav class=\"woocommerce-breadcrumb breadcrumbs uppercase\" data-no-translation=\"\" data-trp-gettext=\"\">Etusivu<\/nav><\/div>      <\/div>\n    <\/div>\n\n       <\/div>\n    <\/div>\n  \n<div class=\"row\"  id=\"row-1568727883\">\n\n\t<div id=\"col-666227456\" class=\"col small-12 large-12\"  >\n\t\t\t\t<div class=\"col-inner\"  >\n\t\t\t\n\t\t\t\n\t<div id=\"gap-1496498617\" class=\"gap-element clearfix\" style=\"display:block; height:auto;\">\n\t\t\n<style>\n#gap-1496498617 {\n  padding-top: 30px;\n}\n<\/style>\n\t<\/div>\n\t\n\t<div id=\"text-474253859\" class=\"text\">\n\t\t\n<h2>Toimitus, palautukset, maksu ja peruutus<\/h2>\n\t\t\n<style>\n#text-474253859 {\n  text-align: center;\n}\n@media (min-width:550px) {\n  #text-474253859 {\n    text-align: center;\n  }\n}\n@media (min-width:850px) {\n  #text-474253859 {\n    text-align: center;\n  }\n}\n<\/style>\n\t<\/div>\n\t\n\t\t<\/div>\n\t\t\t\t\t<\/div>\n\n\t\n<\/div>\n<div class=\"accordion\">\n\t<div id=\"accordion-4062996471\" class=\"accordion-item\">\n\t\t<a id=\"accordion-4062996471-label\" class=\"accordion-title plain\" href=\"#accordion-item-o\u00f9-exp\u00e9diez-vous-vos-produits-?\" aria-expanded=\"false\" aria-controls=\"accordion-4062996471-content\" >\n\t\t\t<button class=\"toggle\" aria-label=\"Toggle\"><i class=\"icon-angle-down\"><\/i><\/button>\n\t\t\t<span>Minne l\u00e4het\u00e4tte tuotteitanne?<\/span>\n\t\t<\/a>\n\t\t<div id=\"accordion-4062996471-content\" class=\"accordion-inner\" aria-labelledby=\"accordion-4062996471-label\" >\n\t\t\t\n<p>Toimitamme tuotteitamme Sveitsiin ja l\u00e4hes kaikkiin Euroopan maihin (Ranska, Yhdistynyt kuningaskunta, Espanja, Italia jne.).<\/p>\n\t\t<\/div>\n\t<\/div>\n\t\n\t<div id=\"accordion-3761758699\" class=\"accordion-item\">\n\t\t<a id=\"accordion-3761758699-label\" class=\"accordion-title plain\" href=\"#accordion-item-comment-fonctionne-la-livraison-?\" aria-expanded=\"false\" aria-controls=\"accordion-3761758699-content\" >\n\t\t\t<button class=\"toggle\" aria-label=\"Toggle\"><i class=\"icon-angle-down\"><\/i><\/button>\n\t\t\t<span>Miten toimitus toimii?<\/span>\n\t\t<\/a>\n\t\t<div id=\"accordion-3761758699-content\" class=\"accordion-inner\" aria-labelledby=\"accordion-3761758699-label\" >\n\t\t\t\n<p>Heti kun paketti on luovutettu logistiikkakumppanillemme, saat seurantanumeron ja toimitusvahvistuksen s\u00e4hk\u00f6postitse. N\u00e4in voit seurata pakettisi tilaa verkkoportaalissa.<\/p>\n\t\t<\/div>\n\t<\/div>\n\t\n\t<div id=\"accordion-3349545615\" class=\"accordion-item\">\n\t\t<a id=\"accordion-3349545615-label\" class=\"accordion-title plain\" href=\"#accordion-item-quels-sont-les-d\u00e9lais-de-livraison?\" aria-expanded=\"false\" aria-controls=\"accordion-3349545615-content\" >\n\t\t\t<button class=\"toggle\" aria-label=\"Toggle\"><i class=\"icon-angle-down\"><\/i><\/button>\n\t\t\t<span>Mitk\u00e4 ovat toimitusajat?<\/span>\n\t\t<\/a>\n\t\t<div id=\"accordion-3349545615-content\" class=\"accordion-inner\" aria-labelledby=\"accordion-3349545615-label\" >\n\t\t\t\n<p>Toimitushinnat, ilmaiset toimitusehdot ja arvioidut toimitusajat l\u00f6yd\u00e4t alta:<\/p>\n<div id=\"text-2205728838\" class=\"text\">\n<table class=\"shipping-table\" width=\"292\">\n<tbody>\n<tr>\n<th>MAA<\/th>\n<th>TOIMITUSKULUT<\/th>\n<th>VAPAA<\/th>\n<th>M\u00c4\u00c4R\u00c4AIKA<\/th>\n<\/tr>\n<tr>\n<td><strong>Ranskan p\u00e4\u00e4kaupunkiseutu<\/strong><\/td>\n<td class=\"price\"><strong>4.95 \u20ac<\/strong><\/td>\n<td class=\"price\"><strong>65.00 \u20ac<\/strong><\/td>\n<td class=\"time\"><strong>48-72 tuntia<\/strong><\/td>\n<\/tr>\n<tr>\n<td><strong>Merentakaiset<\/strong><\/td>\n<td class=\"price\"><strong>13.10 \u20ac<\/strong><\/td>\n<td class=\"price\"><strong>95 \u20ac<\/strong><\/td>\n<td class=\"time\"><strong>5-10 p\u00e4iv\u00e4\u00e4<\/strong><\/td>\n<\/tr>\n<tr>\n<td><strong>Eurooppa<\/strong><\/td>\n<td class=\"price\"><strong>13.35 \u20ac<\/strong><\/td>\n<td class=\"price\"><strong>90 \u20ac<\/strong><\/td>\n<td class=\"time\"><strong>4-7 p\u00e4iv\u00e4\u00e4<\/strong><\/td>\n<\/tr>\n<tr>\n<td><strong>UK<\/strong><\/td>\n<td class=\"price\"><strong>16.5 \u20ac<\/strong><\/td>\n<td class=\"price\"><strong>110\u20ac<\/strong><\/td>\n<td class=\"time\"><strong>4-7 p\u00e4iv\u00e4\u00e4<\/strong><\/td>\n<\/tr>\n<tr>\n<td><strong>Sveitsi<\/strong><\/td>\n<td class=\"price\"><strong>5 \u20ac<\/strong><\/td>\n<td class=\"price\"><strong>65 \u20ac<\/strong><\/td>\n<td class=\"time\"><strong>48-72 tuntia<\/strong><\/td>\n<\/tr>\n<\/tbody>\n<\/table>\n<\/div>\n\t\t<\/div>\n\t<\/div>\n\t\n\t<div id=\"accordion-112369776\" class=\"accordion-item\">\n\t\t<a id=\"accordion-112369776-label\" class=\"accordion-title plain\" href=\"#accordion-item-j&#039;habite-en-france,-dois-je-payer-des-droits-de-douane-et-des-taxes-\u00e0-l&#039;importation?\" aria-expanded=\"false\" aria-controls=\"accordion-112369776-content\" >\n\t\t\t<button class=\"toggle\" aria-label=\"Toggle\"><i class=\"icon-angle-down\"><\/i><\/button>\n\t\t\t<span>Asun Ranskassa, onko minun maksettava tulleja ja tuontiveroja?<\/span>\n\t\t<\/a>\n\t\t<div id=\"accordion-112369776-content\" class=\"accordion-inner\" aria-labelledby=\"accordion-112369776-label\" >\n\t\t\t\n<p>Ei, me maksamme arvonlis\u00e4veron ja mahdolliset lis\u00e4kustannukset. Sinun ei siis tarvitse maksaa mit\u00e4\u00e4n.<\/p>\n\t\t<\/div>\n\t<\/div>\n\t\n\t<div id=\"accordion-526312475\" class=\"accordion-item\">\n\t\t<a id=\"accordion-526312475-label\" class=\"accordion-title plain\" href=\"#accordion-item-mon-colis-ne-semble-pas-bouger,-que-se-passe-t&#039;il-?\" aria-expanded=\"false\" aria-controls=\"accordion-526312475-content\" >\n\t\t\t<button class=\"toggle\" aria-label=\"Toggle\"><i class=\"icon-angle-down\"><\/i><\/button>\n\t\t\t<span>Pakettini ei n\u00e4yt\u00e4 liikkuvan. Mit\u00e4 on tekeill\u00e4?<\/span>\n\t\t<\/a>\n\t\t<div id=\"accordion-526312475-content\" class=\"accordion-inner\" aria-labelledby=\"accordion-526312475-label\" >\n\t\t\t\n<p>\u00c4l\u00e4 huoli, voi olla, ett\u00e4 kuljetusliikkeemme ei skannaa pakettiasi heti.<\/p>\n<p>Paketin siirtyminen eteenp\u00e4in voi siis kest\u00e4\u00e4 1-3 ty\u00f6p\u00e4iv\u00e4\u00e4. Jos paketti ei edelleenk\u00e4\u00e4n liiku t\u00e4m\u00e4n ajan kuluttua, ota meihin yhteytt\u00e4 osoitteeseen <strong> contact@mariswiss.com<\/strong><\/p>\n\t\t<\/div>\n\t<\/div>\n\t\n\t<div id=\"accordion-3983915575\" class=\"accordion-item\">\n\t\t<a id=\"accordion-3983915575-label\" class=\"accordion-title plain\" href=\"#accordion-item-est-ce-que-mes-articles-seront-regroup\u00e9s-dans-un-unique-colis-pour-la-livraison-?\" aria-expanded=\"false\" aria-controls=\"accordion-3983915575-content\" >\n\t\t\t<button class=\"toggle\" aria-label=\"Toggle\"><i class=\"icon-angle-down\"><\/i><\/button>\n\t\t\t<span>Ryhmitell\u00e4\u00e4nk\u00f6 tuotteeni yhteen pakettiin toimitusta varten?<\/span>\n\t\t<\/a>\n\t\t<div id=\"accordion-3983915575-content\" class=\"accordion-inner\" aria-labelledby=\"accordion-3983915575-label\" >\n\t\t\t\n<p>Tietyiss\u00e4 tilanteissa saatamme joutua l\u00e4hett\u00e4m\u00e4\u00e4n tilauksesi useammassa paketissa. Ilmoitamme siit\u00e4 etuk\u00e4teen ja annamme sinulle tarvittaessa vastaavat seurantanumerot.<\/p>\n\t\t<\/div>\n\t<\/div>\n\t\n\t<div id=\"accordion-2238731698\" class=\"accordion-item\">\n\t\t<a id=\"accordion-2238731698-label\" class=\"accordion-title plain\" href=\"#accordion-item-quels-modes-de-paiement-sont-propos\u00e9s-?\" aria-expanded=\"false\" aria-controls=\"accordion-2238731698-content\" >\n\t\t\t<button class=\"toggle\" aria-label=\"Toggle\"><i class=\"icon-angle-down\"><\/i><\/button>\n\t\t\t<span>Mit\u00e4 maksutapoja on k\u00e4ytett\u00e4viss\u00e4?<\/span>\n\t\t<\/a>\n\t\t<div id=\"accordion-2238731698-content\" class=\"accordion-inner\" aria-labelledby=\"accordion-2238731698-label\" >\n\t\t\t\n<p>Tarjoamme seuraavia maksutapoja:<\/p>\n<ol>\n<li>Luottokortit (Visa, MasterCard, American Express).<\/li>\n<li>Twint (saatavana vain Sveitsiss\u00e4).<\/li>\n<li>K\u00e4teismaksu paikan p\u00e4\u00e4ll\u00e4. (saatavilla vain Sveitsiss\u00e4)<\/li>\n<\/ol>\n\t\t<\/div>\n\t<\/div>\n\t\n\t<div id=\"accordion-795394781\" class=\"accordion-item\">\n\t\t<a id=\"accordion-795394781-label\" class=\"accordion-title plain\" href=\"#accordion-item-\u00c0-partir-de-quel-\u00e2ge-est-il-autoris\u00e9-d&#039;acheter-du-cbd-l\u00e9galement-?\" aria-expanded=\"false\" aria-controls=\"accordion-795394781-content\" >\n\t\t\t<button class=\"toggle\" aria-label=\"Toggle\"><i class=\"icon-angle-down\"><\/i><\/button>\n\t\t\t<span>Mink\u00e4 ik\u00e4isen\u00e4 on laillista ostaa CBD:t\u00e4?<\/span>\n\t\t<\/a>\n\t\t<div id=\"accordion-795394781-content\" class=\"accordion-inner\" aria-labelledby=\"accordion-795394781-label\" >\n\t\t\t\n<p>Sinun on oltava v\u00e4hint\u00e4\u00e4n 18-vuotias voidaksesi tilata tuotteita sivustoltamme.<\/p>\n\t\t<\/div>\n\t<\/div>\n\t\n\t<div id=\"accordion-2895919258\" class=\"accordion-item\">\n\t\t<a id=\"accordion-2895919258-label\" class=\"accordion-title plain\" href=\"#accordion-item-est-ce-que-les-transactions-en-ligne-sont-s\u00e9curis\u00e9es-?\" aria-expanded=\"false\" aria-controls=\"accordion-2895919258-content\" >\n\t\t\t<button class=\"toggle\" aria-label=\"Toggle\"><i class=\"icon-angle-down\"><\/i><\/button>\n\t\t\t<span>Ovatko verkkotapahtumat turvallisia?<\/span>\n\t\t<\/a>\n\t\t<div id=\"accordion-2895919258-content\" class=\"accordion-inner\" aria-labelledby=\"accordion-2895919258-label\" >\n\t\t\t\n<p>Luottokorttisi numero ohjataan maksupalvelimille, joissa maksusi k\u00e4sitell\u00e4\u00e4n suoraan suojatussa ymp\u00e4rist\u00f6ss\u00e4 ilman, ett\u00e4 se kulkee palvelimiemme kautta. <a href=\"https:\/\/mariswiss.com\/fi\/\">mariswiss.com.<\/a> N\u00e4in varmistetaan, ett\u00e4 luottokorttitietosi ovat vain pankkikumppanimme saatavilla.<\/p>\n\t\t<\/div>\n\t<\/div>\n\t\n\t<div id=\"accordion-3829685883\" class=\"accordion-item\">\n\t\t<a id=\"accordion-3829685883-label\" class=\"accordion-title plain\" href=\"#accordion-item-si-vous-avez-re\u00e7u-le-mauvais-article,-que-devez-vous-faire-?\" aria-expanded=\"false\" aria-controls=\"accordion-3829685883-content\" >\n\t\t\t<button class=\"toggle\" aria-label=\"Toggle\"><i class=\"icon-angle-down\"><\/i><\/button>\n\t\t\t<span>Jos olet saanut v\u00e4\u00e4r\u00e4n tuotteen, mit\u00e4 sinun pit\u00e4isi tehd\u00e4?<\/span>\n\t\t<\/a>\n\t\t<div id=\"accordion-3829685883-content\" class=\"accordion-inner\" aria-labelledby=\"accordion-3829685883-label\" >\n\t\t\t\n<p>Sinulla on sen j\u00e4lkeen kolme (3) ty\u00f6p\u00e4iv\u00e4\u00e4 aikaa ilmoittaa meille virheest\u00e4.<\/p>\n<p>Jos kyseess\u00e4 on toimitusvirhe, josta olemme vastuussa, ehdotamme korvausratkaisua tapauskohtaisesti.<\/p>\n\t\t<\/div>\n\t<\/div>\n\t\n\t<div id=\"accordion-3616649505\" class=\"accordion-item\">\n\t\t<a id=\"accordion-3616649505-label\" class=\"accordion-title plain\" href=\"#accordion-item-est-il-possible-d&#039;annuler-ou-de-modifier-ma-commande-?\" aria-expanded=\"false\" aria-controls=\"accordion-3616649505-content\" >\n\t\t\t<button class=\"toggle\" aria-label=\"Toggle\"><i class=\"icon-angle-down\"><\/i><\/button>\n\t\t\t<span>Voinko peruuttaa tai muuttaa tilaustani?<\/span>\n\t\t<\/a>\n\t\t<div id=\"accordion-3616649505-content\" class=\"accordion-inner\" aria-labelledby=\"accordion-3616649505-label\" >\n\t\t\t\n<p>Kyll\u00e4, voit peruuttaa tai muuttaa tilaustasi niin kauan kuin sit\u00e4 ei ole viel\u00e4 l\u00e4hetetty.<\/p>\n\t\t<\/div>\n\t<\/div>\n\t\n<\/div>\n<div class=\"accordion\">\n<\/div>","protected":false},"excerpt":{"rendered":"","protected":false},"author":2,"featured_media":0,"parent":0,"menu_order":0,"comment_status":"closed","ping_status":"closed","template":"","meta":{"inline_featured_image":false,"footnotes":""},"class_list":["post-16230","page","type-page","status-publish","hentry"],"jetpack_sharing_enabled":true,"_links":{"self":[{"href":"https:\/\/mariswiss.com\/fi\/wp-json\/wp\/v2\/pages\/16230","targetHints":{"allow":["GET"]}}],"collection":[{"href":"https:\/\/mariswiss.com\/fi\/wp-json\/wp\/v2\/pages"}],"about":[{"href":"https:\/\/mariswiss.com\/fi\/wp-json\/wp\/v2\/types\/page"}],"author":[{"embeddable":true,"href":"https:\/\/mariswiss.com\/fi\/wp-json\/wp\/v2\/users\/2"}],"replies":[{"embeddable":true,"href":"https:\/\/mariswiss.com\/fi\/wp-json\/wp\/v2\/comments?post=16230"}],"version-history":[{"count":6,"href":"https:\/\/mariswiss.com\/fi\/wp-json\/wp\/v2\/pages\/16230\/revisions"}],"predecessor-version":[{"id":16666,"href":"https:\/\/mariswiss.com\/fi\/wp-json\/wp\/v2\/pages\/16230\/revisions\/16666"}],"wp:attachment":[{"href":"https:\/\/mariswiss.com\/fi\/wp-json\/wp\/v2\/media?parent=16230"}],"curies":[{"name":"wp","href":"https:\/\/api.w.org\/{rel}","templated":true}]}}