{"id":16396,"date":"2023-10-18T11:57:06","date_gmt":"2023-10-18T11:57:06","guid":{"rendered":"https:\/\/mariswiss.com\/?page_id=16396"},"modified":"2024-04-02T12:43:15","modified_gmt":"2024-04-02T12:43:15","slug":"programme-de-fidelite","status":"publish","type":"page","link":"https:\/\/mariswiss.com\/fi\/programme-de-fidelite\/","title":{"rendered":"Kanta-asiakasohjelma"},"content":{"rendered":"<ol>\n<li>Miten j\u00e4rjestelm\u00e4 toimii?\n<ul>\n<li>Jokaisesta sivustollamme k\u00e4ytt\u00e4m\u00e4st\u00e4si eurosta saat 1 pisteen.<\/li>\n<\/ul>\n<\/li>\n<li>J\u00e4t\u00e4 arvostelu kaupastamme ansaita 20 pistett\u00e4.<\/li>\n<li>Rekister\u00f6idy asiakkaaksi kaupassamme ja saat 100 pistett\u00e4.<\/li>\n<li>N\u00e4ill\u00e4 pisteill\u00e4 voit sitten tehd\u00e4 alennettuja ostoksia verkkosivuillamme tai jopa tehd\u00e4 ilmaisen tilauksen, jos sinulla on tarpeeksi pisteit\u00e4.\n<ul>\n<li>1 k\u00e4ytetty = 1 piste<\/li>\n<li>1 arvostelu = 20 pistett\u00e4<\/li>\n<li>Rekister\u00f6i asiakastili = 100 pistett\u00e4<\/li>\n<\/ul>\n<\/li>\n<li>Kun olet saanut pakettisi ja olet tyytyv\u00e4inen tuotteisiin ja palveluun, voit j\u00e4tt\u00e4\u00e4 5 t\u00e4hden arvostelun seuraavalla sivulla: [Trustpilot-linkki]. Kun teet niin, hyvit\u00e4mme sinulle 100 kanta-asiakaspistett\u00e4, jotka vastaavat 5 euron alennusta seuraavasta tilauksestasi.\n<ul>\n<li>100 pistett\u00e4 = 5 \u20ac alennusta seuraavasta tilauksestasi<\/li>\n<\/ul>\n<\/li>\n<li>Haluatko ker\u00e4t\u00e4 lis\u00e4\u00e4 pisteit\u00e4? Kirjoita arvosteluja ostamistasi tuotteista, ja saat jokaisesta arvostelusta 20 pistett\u00e4.<\/li>\n<li>Voit tarkistaa pistesaldosi kirjautumalla tilillesi ja valitsemalla p\u00e4\u00e4valikosta \"Pisteet\".<\/li>\n<li>Jos haluat tiet\u00e4\u00e4, miten voit k\u00e4ytt\u00e4\u00e4 pisteit\u00e4si, k\u00e4y asiaa koskevalla sivulla.<\/li>\n<\/ol>","protected":false},"excerpt":{"rendered":"<p>Comment fonctionne ce syst\u00e8me ? Chaque euro que vous d\u00e9pensez sur notre site vous rapporte 1 point. Laissez un avis sur notre boutique pour accumuler 20 points. Enregistrez-vous en tant que client sur notre boutique et recevez 100 points. Ensuite, avec ces points, vous pouvez effectuer des achats \u00e0 prix r\u00e9duit sur notre site web, [&#8230;]","protected":false},"author":2,"featured_media":0,"parent":0,"menu_order":0,"comment_status":"closed","ping_status":"closed","template":"","meta":{"inline_featured_image":false,"footnotes":""},"class_list":["post-16396","page","type-page","status-publish","hentry"],"jetpack_sharing_enabled":true,"_links":{"self":[{"href":"https:\/\/mariswiss.com\/fi\/wp-json\/wp\/v2\/pages\/16396","targetHints":{"allow":["GET"]}}],"collection":[{"href":"https:\/\/mariswiss.com\/fi\/wp-json\/wp\/v2\/pages"}],"about":[{"href":"https:\/\/mariswiss.com\/fi\/wp-json\/wp\/v2\/types\/page"}],"author":[{"embeddable":true,"href":"https:\/\/mariswiss.com\/fi\/wp-json\/wp\/v2\/users\/2"}],"replies":[{"embeddable":true,"href":"https:\/\/mariswiss.com\/fi\/wp-json\/wp\/v2\/comments?post=16396"}],"version-history":[{"count":4,"href":"https:\/\/mariswiss.com\/fi\/wp-json\/wp\/v2\/pages\/16396\/revisions"}],"predecessor-version":[{"id":16403,"href":"https:\/\/mariswiss.com\/fi\/wp-json\/wp\/v2\/pages\/16396\/revisions\/16403"}],"wp:attachment":[{"href":"https:\/\/mariswiss.com\/fi\/wp-json\/wp\/v2\/media?parent=16396"}],"curies":[{"name":"wp","href":"https:\/\/api.w.org\/{rel}","templated":true}]}}