{"id":19726,"date":"2024-11-23T08:38:05","date_gmt":"2024-11-23T08:38:05","guid":{"rendered":"https:\/\/mariswiss.com\/?page_id=19726"},"modified":"2024-12-05T15:11:47","modified_gmt":"2024-12-05T15:11:47","slug":"mention-legal","status":"publish","type":"page","link":"https:\/\/mariswiss.com\/fi\/mention-legal\/","title":{"rendered":"Oikeudelliset tiedot"},"content":{"rendered":"<p>Digitaalitalouden luottamuksesta 21. kes\u00e4kuuta 2004 annetun lain nro 2004-575, joka tunnetaan nimell\u00e4 L.C.E.N., 6-III ja 19 pyk\u00e4l\u00e4n s\u00e4\u00e4nn\u00f6sten mukaisesti ilmoitamme t\u00e4ten https:\/\/www.mariswiss.com -sivuston k\u00e4ytt\u00e4jille ja vierailijoille seuraavat tiedot:<\/p>\n<p><strong>Oikeudelliset tiedot :<br \/>\n<\/strong><br \/>\nYrityksen nimi: Eco Brothers S\u00e0rl<br \/>\nOsoite:13 Route d'annemasse, 74160 SAINT-JULIEN-EN-GENEVOIS, Ranska.<br \/>\nPuh: +33 (0)679 82 40 78.<br \/>\nP\u00e4\u00e4kaupunki : 10 000 EUROA<br \/>\nSIRET : 901 440 503 R.C.S. : Thonon-les-Bains.<br \/>\nIntracommunity alv-numero: FR30901440503.<br \/>\nS\u00e4hk\u00f6postiosoite: contact@mariswiss.com<\/p>\n<p>Sivuston luoja on: Mari Swiss<br \/>\nJulkaisun vastuuhenkil\u00f6 on sen puheenjohtaja ja toimitusjohtaja.<br \/>\nOta yhteytt\u00e4 julkaisup\u00e4\u00e4llikk\u00f6\u00f6n: contact@mariswiss.com<\/p>\n<p>Ota yhteytt\u00e4 webmasteriin: voit k\u00e4ytt\u00e4\u00e4 sivustolla olevaa yhteydenottolomaketta.<\/p>\n<p>Sivuston is\u00e4nt\u00e4 on: 1&amp;1 IONOS Inc, 701 Lee Road, Suite 300, Chesterbrook, PA 19087, USA.<\/p>","protected":false},"excerpt":{"rendered":"<p>Conform\u00e9ment aux dispositions des articles 6-III et 19 de la Loi n\u00b0 2004-575 du 21 juin 2004 pour la Confiance dans l\u2019\u00e9conomie num\u00e9rique, dite L.C.E.N., nous portons \u00e0 la connaissance des utilisateurs et visiteurs du site : https:\/\/www.mariswiss.com les informations suivantes : Informations l\u00e9gales : Nom de la Soci\u00e9t\u00e9 : Eco Brothers S\u00e0rl Adresse :13 [&#8230;]","protected":false},"author":81,"featured_media":0,"parent":0,"menu_order":0,"comment_status":"closed","ping_status":"closed","template":"","meta":{"inline_featured_image":false,"footnotes":""},"class_list":["post-19726","page","type-page","status-publish","hentry"],"jetpack_sharing_enabled":true,"_links":{"self":[{"href":"https:\/\/mariswiss.com\/fi\/wp-json\/wp\/v2\/pages\/19726","targetHints":{"allow":["GET"]}}],"collection":[{"href":"https:\/\/mariswiss.com\/fi\/wp-json\/wp\/v2\/pages"}],"about":[{"href":"https:\/\/mariswiss.com\/fi\/wp-json\/wp\/v2\/types\/page"}],"author":[{"embeddable":true,"href":"https:\/\/mariswiss.com\/fi\/wp-json\/wp\/v2\/users\/81"}],"replies":[{"embeddable":true,"href":"https:\/\/mariswiss.com\/fi\/wp-json\/wp\/v2\/comments?post=19726"}],"version-history":[{"count":3,"href":"https:\/\/mariswiss.com\/fi\/wp-json\/wp\/v2\/pages\/19726\/revisions"}],"predecessor-version":[{"id":19792,"href":"https:\/\/mariswiss.com\/fi\/wp-json\/wp\/v2\/pages\/19726\/revisions\/19792"}],"wp:attachment":[{"href":"https:\/\/mariswiss.com\/fi\/wp-json\/wp\/v2\/media?parent=19726"}],"curies":[{"name":"wp","href":"https:\/\/api.w.org\/{rel}","templated":true}]}}