{"id":16436,"date":"2023-10-24T15:03:16","date_gmt":"2023-10-24T15:03:16","guid":{"rendered":"https:\/\/mariswiss.com\/?post_type=product&#038;p=16436"},"modified":"2025-07-11T08:17:56","modified_gmt":"2025-07-11T08:17:56","slug":"strawberry-cbd-greenhouse","status":"publish","type":"product","link":"https:\/\/mariswiss.com\/fi\/product\/strawberry-cbd-greenhouse\/","title":{"rendered":"Mansikka CBD kasvihuone"},"content":{"rendered":"<p><span style=\"text-decoration: underline;\"><strong>MANSIKKA CBD KASVIHUONE<\/strong><\/span><\/p>\n<ul>\n<li>Alkuper\u00e4: kasvatettu Sveitsiss\u00e4 (Valais'n kantonissa) lasin alla. Lauhkea ilmasto, ihanteellinen kukkien kasvattamiseen.<\/li>\n<li>Ulkon\u00e4k\u00f6: Suuret, tummanvihre\u00e4t, tiiviit kukat, joissa on pieni\u00e4 oransseja trikomeja, jotka erottuvat.<\/li>\n<li>Tuoksu \/ maku: Nimens\u00e4 mukaisesti kukka, jossa on makea mansikan tuoksu. Poltettaessa esiin nousee hedelm\u00e4isi\u00e4 ja puumaisia s\u00e4vyj\u00e4.<\/li>\n<li>CBD-pitoisuus \/ vaikutukset: 14% CBD:t\u00e4 t\u00e4ss\u00e4 kukassa. Ei liian voimakas, ihanteellinen sek\u00e4 p\u00e4iv\u00e4- ett\u00e4 iltak\u00e4ytt\u00f6\u00f6n.<\/li>\n<\/ul>","protected":false},"excerpt":{"rendered":"<p><span style=\"text-decoration: underline;\"><strong>MANSIKKA CBD KASVIHUONE<\/strong><\/span><\/p>\n<ul>\n<li>Alkuper\u00e4: kasvatettu Sveitsiss\u00e4 (Valais'n kantonissa) lasin alla. Lauhkea ilmasto<\/li>\n<li>Ulkon\u00e4k\u00f6: Suuret, tummanvihre\u00e4t, tiiviit kukat, joissa on n\u00e4kyvi\u00e4 oransseja trikomeja.<\/li>\n<li>Tuoksu \/ maku: Nimens\u00e4 mukaisesti makea mansikan tuoksu. Palamisen my\u00f6t\u00e4 esiin nousee hedelm\u00e4isi\u00e4 ja puumaisia s\u00e4vyj\u00e4.<\/li>\n<li>CBD-pitoisuus\/vaikutukset: 15% CBD:t\u00e4 t\u00e4ss\u00e4 kukassa, suhteellisen maltillinen teho, joka takaa kevyen rentoutumisen.<\/li>\n<\/ul>","protected":false},"featured_media":16441,"comment_status":"open","ping_status":"closed","template":"","meta":{"inline_featured_image":false},"product_cat":[353,355],"product_tag":[220,227],"class_list":{"0":"post-16436","1":"product","2":"type-product","3":"status-publish","4":"has-post-thumbnail","6":"product_brand-mari-swiss","7":"product_cat-fleurs-de-cbd","8":"product_cat-greenhouse","9":"product_tag-fleurs-cbd","10":"product_tag-greenhouse","12":"first","13":"instock","14":"sale","15":"taxable","16":"shipping-taxable","17":"purchasable","18":"product-type-variable"},"jetpack_sharing_enabled":true,"_links":{"self":[{"href":"https:\/\/mariswiss.com\/fi\/wp-json\/wp\/v2\/product\/16436","targetHints":{"allow":["GET"]}}],"collection":[{"href":"https:\/\/mariswiss.com\/fi\/wp-json\/wp\/v2\/product"}],"about":[{"href":"https:\/\/mariswiss.com\/fi\/wp-json\/wp\/v2\/types\/product"}],"replies":[{"embeddable":true,"href":"https:\/\/mariswiss.com\/fi\/wp-json\/wp\/v2\/comments?post=16436"}],"wp:featuredmedia":[{"embeddable":true,"href":"https:\/\/mariswiss.com\/fi\/wp-json\/wp\/v2\/media\/16441"}],"wp:attachment":[{"href":"https:\/\/mariswiss.com\/fi\/wp-json\/wp\/v2\/media?parent=16436"}],"wp:term":[{"taxonomy":"product_cat","embeddable":true,"href":"https:\/\/mariswiss.com\/fi\/wp-json\/wp\/v2\/product_cat?post=16436"},{"taxonomy":"product_tag","embeddable":true,"href":"https:\/\/mariswiss.com\/fi\/wp-json\/wp\/v2\/product_tag?post=16436"}],"curies":[{"name":"wp","href":"https:\/\/api.w.org\/{rel}","templated":true}]}}