{"id":16442,"date":"2023-10-31T08:12:12","date_gmt":"2023-10-31T08:12:12","guid":{"rendered":"https:\/\/mariswiss.com\/?post_type=product&#038;p=16442"},"modified":"2025-07-11T08:17:55","modified_gmt":"2025-07-11T08:17:55","slug":"queen-purple-cbd-greenhouse-copy","status":"publish","type":"product","link":"https:\/\/mariswiss.com\/fi\/product\/queen-purple-cbd-greenhouse-copy\/","title":{"rendered":"Queen Purple CBD kasvihuone"},"content":{"rendered":"<p><span style=\"text-decoration: underline;\"><strong>KUNINGATAR VIOLETTI CBD KASVIHUONE<\/strong><\/span><\/p>\n<ul>\n<li>Alkuper\u00e4: kasvatettu Sveitsiss\u00e4 (Valais'n kantonissa) lasin alla. Lauhkea ilmasto, ihanteellinen kukkien kasvattamiseen.<\/li>\n<li>Ulkon\u00e4k\u00f6: Suuret, tummanvihre\u00e4t kukat, joissa on kauniita violetteja kohokohtia.<\/li>\n<li>Tuoksu \/ maku: Melko kukkainen ja hedelm\u00e4inen tuoksu, kun pussi avataan. Kulutettaessa maku on miellytt\u00e4v\u00e4n makea.<\/li>\n<li>CBD-pitoisuus \/ vaikutukset: 16% CBD:t\u00e4 t\u00e4ss\u00e4 kukassa. Ei liian voimakas, ihanteellinen sek\u00e4 p\u00e4iv\u00e4- ett\u00e4 iltak\u00e4ytt\u00f6\u00f6n.<\/li>\n<\/ul>","protected":false},"excerpt":{"rendered":"<p><span style=\"text-decoration: underline;\"><strong>KUNINGATAR VIOLETTI CBD KASVIHUONE<\/strong><\/span><\/p>\n<ul>\n<li>Alkuper\u00e4: kasvatettu Sveitsiss\u00e4 (Valais'n kantonissa) lasin alla. Lauhkea ilmasto<\/li>\n<li>Ulkon\u00e4k\u00f6: Suuret, tummanvihre\u00e4t kukat, joissa on kauniita violetteja kohokohtia.<\/li>\n<li>Tuoksu \/ maku: Eritt\u00e4in kukkainen, hedelm\u00e4inen tuoksu. Kun poltat, tunnistat pehme\u00e4n, makean kukan.<\/li>\n<li>CBD-pitoisuus\/vaikutukset: 16% CBD:t\u00e4 t\u00e4ss\u00e4 kukassa, suhteellisen maltillinen teho, joka takaa kevyen rentoutumisen.<\/li>\n<\/ul>","protected":false},"featured_media":16447,"comment_status":"open","ping_status":"closed","template":"","meta":{"inline_featured_image":false},"product_cat":[353,355],"product_tag":[220,227],"class_list":{"0":"post-16442","1":"product","2":"type-product","3":"status-publish","4":"has-post-thumbnail","6":"product_brand-mari-swiss","7":"product_cat-fleurs-de-cbd","8":"product_cat-greenhouse","9":"product_tag-fleurs-cbd","10":"product_tag-greenhouse","12":"first","13":"outofstock","14":"sale","15":"taxable","16":"shipping-taxable","17":"purchasable","18":"product-type-variable"},"jetpack_sharing_enabled":true,"_links":{"self":[{"href":"https:\/\/mariswiss.com\/fi\/wp-json\/wp\/v2\/product\/16442","targetHints":{"allow":["GET"]}}],"collection":[{"href":"https:\/\/mariswiss.com\/fi\/wp-json\/wp\/v2\/product"}],"about":[{"href":"https:\/\/mariswiss.com\/fi\/wp-json\/wp\/v2\/types\/product"}],"replies":[{"embeddable":true,"href":"https:\/\/mariswiss.com\/fi\/wp-json\/wp\/v2\/comments?post=16442"}],"wp:featuredmedia":[{"embeddable":true,"href":"https:\/\/mariswiss.com\/fi\/wp-json\/wp\/v2\/media\/16447"}],"wp:attachment":[{"href":"https:\/\/mariswiss.com\/fi\/wp-json\/wp\/v2\/media?parent=16442"}],"wp:term":[{"taxonomy":"product_cat","embeddable":true,"href":"https:\/\/mariswiss.com\/fi\/wp-json\/wp\/v2\/product_cat?post=16442"},{"taxonomy":"product_tag","embeddable":true,"href":"https:\/\/mariswiss.com\/fi\/wp-json\/wp\/v2\/product_tag?post=16442"}],"curies":[{"name":"wp","href":"https:\/\/api.w.org\/{rel}","templated":true}]}}