{"id":16448,"date":"2023-10-31T08:18:07","date_gmt":"2023-10-31T08:18:07","guid":{"rendered":"https:\/\/mariswiss.com\/?post_type=product&#038;p=16448"},"modified":"2026-04-24T18:28:52","modified_gmt":"2026-04-24T18:28:52","slug":"blueberry-mini-buds-cbd-indoor","status":"publish","type":"product","link":"https:\/\/mariswiss.com\/fi\/product\/blueberry-mini-buds-cbd-indoor\/","title":{"rendered":"Mustikka mini buds CBD Indoor"},"content":{"rendered":"<p><span style=\"text-decoration: underline;\"><strong>MUSTIKKA MINI BUDS CBD SIS\u00c4TILOISSA<\/strong><\/span><\/p>\n<ul>\n<li>Alkuper\u00e4: Viljelty Sveitsiss\u00e4 ja kasvatettu sis\u00e4tiloissa. Optimaaliset olosuhteet (kosteus, l\u00e4mp\u00f6, valo).<\/li>\n<li>Ulkon\u00e4k\u00f6: Pienet, popcornin kokoiset kukat, tiiviit ja kirkkaat, joissa on pieni\u00e4 v\u00e4rillisi\u00e4 kohokohtia, jotka johtuvat kukissa olevista m\u00e4nnist\u00e4.<\/li>\n<li>Tuoksu \/ maku: Mustikkalajikkeelle tyypillinen hedelm\u00e4inen tuoksu, kun pussi avataan. Kulutettaessa maistuu miellytt\u00e4v\u00e4 makeus.<\/li>\n<li>CBD-pitoisuus \/ vaikutukset: 16% CBD:t\u00e4 t\u00e4ss\u00e4 kukassa. Ei liian voimakas, ihanteellinen sek\u00e4 p\u00e4iv\u00e4- ett\u00e4 iltak\u00e4ytt\u00f6\u00f6n.<\/li>\n<\/ul>","protected":false},"excerpt":{"rendered":"<p><span style=\"text-decoration: underline;\"><strong>MUSTIKKA MINI BUDS CBD SIS\u00c4TILOISSA<\/strong><\/span><\/p>\n<ul>\n<li>Alkuper\u00e4: Kasvatettu sis\u00e4tiloissa Sveitsiss\u00e4 optimaalisissa olosuhteissa (kosteus, l\u00e4mp\u00f6, valo, l\u00e4mp\u00f6tila).<\/li>\n<li>Ulkon\u00e4k\u00f6: Lajitelma pieni\u00e4 popcorn-tyyppisi\u00e4 kukkia. Vaaleanvihre\u00e4, jossa on kauniita v\u00e4rillisi\u00e4 kohokohtia kukan m\u00e4nnik\u00f6iden ansiosta.<\/li>\n<li>Tuoksu \/ maku: Mustikkalajikkeelle tyypillinen hedelm\u00e4inen aromi. Eritt\u00e4in helppo sy\u00f6d\u00e4, hedelm\u00e4inen j\u00e4lkimaku (mustikka, punainen hedelm\u00e4).<\/li>\n<li>CBD-pitoisuus\/vaikutukset: 16% CBD:t\u00e4 t\u00e4ss\u00e4 kukassa, suhteellisen maltillinen teho, joka takaa kevyen rentoutumisen. Sit\u00e4 voidaan ottaa mihin aikaan p\u00e4iv\u00e4st\u00e4 tahansa.<\/li>\n<\/ul>","protected":false},"featured_media":16453,"comment_status":"open","ping_status":"closed","template":"","meta":{"inline_featured_image":false},"product_cat":[353,354,407],"product_tag":[220,76],"class_list":{"0":"post-16448","1":"product","2":"type-product","3":"status-publish","4":"has-post-thumbnail","6":"product_brand-mari-swiss","7":"product_cat-fleurs-de-cbd","8":"product_cat-indoor","9":"product_cat-mini-buds","10":"product_tag-fleurs-cbd","11":"product_tag-indoor","13":"first","14":"instock","15":"sale","16":"taxable","17":"shipping-taxable","18":"purchasable","19":"product-type-variable"},"jetpack_sharing_enabled":true,"_links":{"self":[{"href":"https:\/\/mariswiss.com\/fi\/wp-json\/wp\/v2\/product\/16448","targetHints":{"allow":["GET"]}}],"collection":[{"href":"https:\/\/mariswiss.com\/fi\/wp-json\/wp\/v2\/product"}],"about":[{"href":"https:\/\/mariswiss.com\/fi\/wp-json\/wp\/v2\/types\/product"}],"replies":[{"embeddable":true,"href":"https:\/\/mariswiss.com\/fi\/wp-json\/wp\/v2\/comments?post=16448"}],"wp:featuredmedia":[{"embeddable":true,"href":"https:\/\/mariswiss.com\/fi\/wp-json\/wp\/v2\/media\/16453"}],"wp:attachment":[{"href":"https:\/\/mariswiss.com\/fi\/wp-json\/wp\/v2\/media?parent=16448"}],"wp:term":[{"taxonomy":"product_cat","embeddable":true,"href":"https:\/\/mariswiss.com\/fi\/wp-json\/wp\/v2\/product_cat?post=16448"},{"taxonomy":"product_tag","embeddable":true,"href":"https:\/\/mariswiss.com\/fi\/wp-json\/wp\/v2\/product_tag?post=16448"}],"curies":[{"name":"wp","href":"https:\/\/api.w.org\/{rel}","templated":true}]}}