{"id":16454,"date":"2023-10-31T08:27:23","date_gmt":"2023-10-31T08:27:23","guid":{"rendered":"https:\/\/mariswiss.com\/?post_type=product&#038;p=16454"},"modified":"2026-04-09T19:04:25","modified_gmt":"2026-04-09T19:04:25","slug":"charlotte-web-cbd-indoor","status":"publish","type":"product","link":"https:\/\/mariswiss.com\/fi\/product\/charlotte-web-cbd-indoor\/","title":{"rendered":"Charlotten verkko CBD Indoor"},"content":{"rendered":"<p><span style=\"text-decoration: underline;\"><strong>CHARLOTTEN WEB CBD SIS\u00c4TILOISSA<\/strong><\/span><\/p>\n<ul>\n<li>Alkuper\u00e4: Viljelty Sveitsiss\u00e4 ja kasvatettu sis\u00e4tiloissa. Optimaaliset olosuhteet (kosteus, l\u00e4mp\u00f6, valo).<\/li>\n<li>Ulkon\u00e4k\u00f6: Pienet, popcornin kokoiset kukat, tiiviit ja kirkkaat, siitep\u00f6lyn ymp\u00e4r\u00f6im\u00e4t. Hieman kosteat kukat.<\/li>\n<li>Haju \/ maku: Pussin avaamisen j\u00e4lkeen puinen haju. Poltettaessa haju on melko pippurinen ja voimakas, ja maku on hyvin voimakas.<\/li>\n<li>CBD-pitoisuus \/ vaikutukset: 16% CBD:t\u00e4 t\u00e4ss\u00e4 kukassa. Ei liian voimakas, ihanteellinen sek\u00e4 p\u00e4iv\u00e4- ett\u00e4 iltak\u00e4ytt\u00f6\u00f6n.<\/li>\n<\/ul>","protected":false},"excerpt":{"rendered":"<p><span style=\"text-decoration: underline;\"><strong>CHARLOTTEN WEB CBD SIS\u00c4TILOISSA<\/strong><\/span><\/p>\n<ul>\n<li>Alkuper\u00e4: Kasvatettu sis\u00e4tiloissa Sveitsiss\u00e4 optimaalisissa olosuhteissa (kosteus, l\u00e4mp\u00f6, valo, l\u00e4mp\u00f6tila).<\/li>\n<li>Ulkon\u00e4k\u00f6: Lajitelma pieni\u00e4 popcornin kaltaisia kukkia. Vaaleanvihre\u00e4t ja niiss\u00e4 on paljon siitep\u00f6ly\u00e4. Melko hieman kostea kukka.<\/li>\n<li>Haju \/ maku: Pussin avaamisen j\u00e4lkeen puinen haju. Poltettaessa haju on melko pippurinen ja voimakas, ja maku on hyvin voimakas.<\/li>\n<li>CBD-pitoisuus\/vaikutukset: 16% CBD:t\u00e4 t\u00e4ss\u00e4 kukassa, suhteellisen maltillinen teho, joka takaa kevyen rentoutumisen. Sit\u00e4 voidaan ottaa mihin aikaan p\u00e4iv\u00e4st\u00e4 tahansa.<\/li>\n<\/ul>","protected":false},"featured_media":16459,"comment_status":"open","ping_status":"closed","template":"","meta":{"inline_featured_image":false},"product_cat":[353,354,407],"product_tag":[220,76],"class_list":{"0":"post-16454","1":"product","2":"type-product","3":"status-publish","4":"has-post-thumbnail","6":"product_brand-mari-swiss","7":"product_cat-fleurs-de-cbd","8":"product_cat-indoor","9":"product_cat-mini-buds","10":"product_tag-fleurs-cbd","11":"product_tag-indoor","13":"first","14":"instock","15":"sale","16":"taxable","17":"shipping-taxable","18":"purchasable","19":"product-type-variable"},"jetpack_sharing_enabled":true,"_links":{"self":[{"href":"https:\/\/mariswiss.com\/fi\/wp-json\/wp\/v2\/product\/16454","targetHints":{"allow":["GET"]}}],"collection":[{"href":"https:\/\/mariswiss.com\/fi\/wp-json\/wp\/v2\/product"}],"about":[{"href":"https:\/\/mariswiss.com\/fi\/wp-json\/wp\/v2\/types\/product"}],"replies":[{"embeddable":true,"href":"https:\/\/mariswiss.com\/fi\/wp-json\/wp\/v2\/comments?post=16454"}],"wp:featuredmedia":[{"embeddable":true,"href":"https:\/\/mariswiss.com\/fi\/wp-json\/wp\/v2\/media\/16459"}],"wp:attachment":[{"href":"https:\/\/mariswiss.com\/fi\/wp-json\/wp\/v2\/media?parent=16454"}],"wp:term":[{"taxonomy":"product_cat","embeddable":true,"href":"https:\/\/mariswiss.com\/fi\/wp-json\/wp\/v2\/product_cat?post=16454"},{"taxonomy":"product_tag","embeddable":true,"href":"https:\/\/mariswiss.com\/fi\/wp-json\/wp\/v2\/product_tag?post=16454"}],"curies":[{"name":"wp","href":"https:\/\/api.w.org\/{rel}","templated":true}]}}