{"id":16475,"date":"2023-10-31T09:02:01","date_gmt":"2023-10-31T09:02:01","guid":{"rendered":"https:\/\/mariswiss.com\/?post_type=product&#038;p=16475"},"modified":"2025-07-17T10:20:04","modified_gmt":"2025-07-17T10:20:04","slug":"blueberry-muffin-cbd-indoor","status":"publish","type":"product","link":"https:\/\/mariswiss.com\/fi\/product\/blueberry-muffin-cbd-indoor\/","title":{"rendered":"Mustikka Muffin CBD Indoor"},"content":{"rendered":"<p><span style=\"text-decoration: underline;\"><strong>MUSTIKKA MUFFINSSI CBD SIS\u00c4TILOISSA<\/strong><\/span><\/p>\n<ul>\n<li>Alkuper\u00e4: kasvatettu sis\u00e4tiloissa Sveitsiss\u00e4. Viljelyolosuhteet ovat siis t\u00e4ydelliset (kosteus, l\u00e4mp\u00f6, valo jne.).<\/li>\n<li>Ulkon\u00e4k\u00f6: Suuret, vaaleanvihre\u00e4t silmut. Kukat ovat tiiviit\u00e4 ja t\u00e4ynn\u00e4 oransseja trikomeja, jotka ovat tyypillisi\u00e4 Blueberry-genetiikalle.<\/li>\n<li>Tuoksu \/ maku: Eritt\u00e4in tuoksuva, hedelm\u00e4inen, puumainen kukka. Kulutettaessa suussa tuntuu makea maku.<\/li>\n<li>CBD-pitoisuus \/ vaikutukset: 18% CBD:t\u00e4 t\u00e4ss\u00e4 kukassa, joten se on melko vahva kukka, joka varmasti auttaa sinua rentoutumaan.<\/li>\n<\/ul>","protected":false},"excerpt":{"rendered":"<p><span style=\"text-decoration: underline;\"><strong>MUSTIKKA MUFFINSSI CBD SIS\u00c4TILOISSA<\/strong><\/span><\/p>\n<ul>\n<li>Alkuper\u00e4: kasvatettu sis\u00e4tiloissa Sveitsiss\u00e4. Viljelyolosuhteet ovat siis t\u00e4ydelliset (kosteus, l\u00e4mp\u00f6, valo jne.).<\/li>\n<li>Ulkon\u00e4k\u00f6: Suuret, vaaleanvihre\u00e4t silmut. Kukat ovat tiiviit\u00e4 ja t\u00e4ynn\u00e4 oransseja trikomeja, jotka ovat tyypillisi\u00e4 Blueberry-genetiikalle.<\/li>\n<li>Tuoksu \/ maku: Eritt\u00e4in tuoksuva, hedelm\u00e4inen, puumainen kukka. Kulutettaessa suussa tuntuu makea maku.<\/li>\n<li>CBD-pitoisuus \/ vaikutukset: 18% CBD:t\u00e4 t\u00e4ss\u00e4 kukassa, joten se on melko vahva kukka, joka varmasti auttaa sinua rentoutumaan.<\/li>\n<\/ul>","protected":false},"featured_media":16480,"comment_status":"open","ping_status":"closed","template":"","meta":{"inline_featured_image":false},"product_cat":[353,354],"product_tag":[220,76],"class_list":{"0":"post-16475","1":"product","2":"type-product","3":"status-publish","4":"has-post-thumbnail","6":"product_brand-mari-swiss","7":"product_cat-fleurs-de-cbd","8":"product_cat-indoor","9":"product_tag-fleurs-cbd","10":"product_tag-indoor","12":"first","13":"instock","14":"sale","15":"taxable","16":"shipping-taxable","17":"purchasable","18":"product-type-variable"},"jetpack_sharing_enabled":true,"_links":{"self":[{"href":"https:\/\/mariswiss.com\/fi\/wp-json\/wp\/v2\/product\/16475","targetHints":{"allow":["GET"]}}],"collection":[{"href":"https:\/\/mariswiss.com\/fi\/wp-json\/wp\/v2\/product"}],"about":[{"href":"https:\/\/mariswiss.com\/fi\/wp-json\/wp\/v2\/types\/product"}],"replies":[{"embeddable":true,"href":"https:\/\/mariswiss.com\/fi\/wp-json\/wp\/v2\/comments?post=16475"}],"wp:featuredmedia":[{"embeddable":true,"href":"https:\/\/mariswiss.com\/fi\/wp-json\/wp\/v2\/media\/16480"}],"wp:attachment":[{"href":"https:\/\/mariswiss.com\/fi\/wp-json\/wp\/v2\/media?parent=16475"}],"wp:term":[{"taxonomy":"product_cat","embeddable":true,"href":"https:\/\/mariswiss.com\/fi\/wp-json\/wp\/v2\/product_cat?post=16475"},{"taxonomy":"product_tag","embeddable":true,"href":"https:\/\/mariswiss.com\/fi\/wp-json\/wp\/v2\/product_tag?post=16475"}],"curies":[{"name":"wp","href":"https:\/\/api.w.org\/{rel}","templated":true}]}}