{"id":16493,"date":"2023-10-31T13:24:43","date_gmt":"2023-10-31T13:24:43","guid":{"rendered":"https:\/\/mariswiss.com\/?post_type=product&#038;p=16493"},"modified":"2026-01-29T17:07:21","modified_gmt":"2026-01-29T17:07:21","slug":"gold-mousseux-thcp","status":"publish","type":"product","link":"https:\/\/mariswiss.com\/fi\/product\/gold-mousseux-thcp\/","title":{"rendered":"Kultainen kuohuva CBN+"},"content":{"rendered":"<p><span style=\"text-decoration: underline;\"><strong>KULTAINEN KIMALLUS HSD<\/strong><\/span><\/p>\n<ul>\n<li class=\"lead\">Alkuper\u00e4: Valmistettu Sveitsiss\u00e4 kasvattajalaboratoriossamme sis\u00e4tiloissa kasvatetuista kukista.<\/li>\n<li class=\"lead\">Ulkon\u00e4k\u00f6: Upea kultainen hasis, joka on pehme\u00e4 ja helppok\u00e4ytt\u00f6inen.<\/li>\n<li class=\"lead\">Tuoksu \/ maku: Hieman maanl\u00e4heinen hartsi, joka muistuttaa tuoksultaan nuoruuden paskoja. Kulutettaessa voimakas, pippurinen maku.<\/li>\n<li class=\"lead\">CBD - HSD \/ vaikutukset: 25% CBD, 10% HSD. T\u00e4m\u00e4 on voimakas hasis, jota suosittelemme nauttimaan p\u00e4iv\u00e4n p\u00e4\u00e4tteeksi. HSD on sekoitus CBN- ja CBD-isoletteja ja luonnollista, laillista musimolia. Se on t\u00e4ysin sallittu sekoitus, joka on vahvempi ja jolla on enemm\u00e4n vaikutuksia kuin CBD:ll\u00e4, mutta ei voimakkaita psykotrooppisia vaikutuksia.<\/li>\n<\/ul>","protected":false},"excerpt":{"rendered":"<p><span style=\"text-decoration: underline;\"><strong>KULTAINEN KIMALLUS HSD<\/strong><\/span><\/p>\n<ul>\n<li class=\"lead\">Alkuper\u00e4: Valmistettu Sveitsiss\u00e4 kasvattajalaboratoriossamme sis\u00e4tiloissa kasvatetuista kukista.<\/li>\n<li class=\"lead\">Ulkon\u00e4k\u00f6: Upea kultainen hasis, joka on pehme\u00e4 ja helppok\u00e4ytt\u00f6inen.<\/li>\n<li class=\"lead\">Tuoksu \/ maku: Hieman maanl\u00e4heinen hartsi, joka muistuttaa tuoksultaan nuoruuden paskoja. Kulutettaessa voimakas, pippurinen maku.<\/li>\n<li class=\"lead\">CBD - HSD \/ vaikutukset: 25% CBD, 10% HSD. T\u00e4m\u00e4 on voimakas hasis, jota suosittelemme nauttimaan p\u00e4iv\u00e4n p\u00e4\u00e4tteeksi. HSD on sekoitus CBN- ja CBD-isoletteja ja luonnollista, laillista musimolia. Se on t\u00e4ysin sallittu sekoitus, joka on vahvempi ja jolla on enemm\u00e4n vaikutuksia kuin CBD:ll\u00e4, mutta ei voimakkaita psykotrooppisia vaikutuksia.<\/li>\n<li style=\"list-style-type: none;\"><\/li>\n<\/ul>","protected":false},"featured_media":19307,"comment_status":"open","ping_status":"closed","template":"","meta":{"inline_featured_image":false},"product_cat":[362,360],"product_tag":[244,482,76],"class_list":{"0":"post-16493","1":"product","2":"type-product","3":"status-publish","4":"has-post-thumbnail","6":"product_brand-mari-swiss","7":"product_cat-resines-de-thcp","8":"product_cat-thcp","9":"product_tag-hash","10":"product_tag-hsd","11":"product_tag-indoor","13":"first","14":"instock","15":"sale","16":"taxable","17":"shipping-taxable","18":"purchasable","19":"product-type-variable"},"jetpack_sharing_enabled":true,"_links":{"self":[{"href":"https:\/\/mariswiss.com\/fi\/wp-json\/wp\/v2\/product\/16493","targetHints":{"allow":["GET"]}}],"collection":[{"href":"https:\/\/mariswiss.com\/fi\/wp-json\/wp\/v2\/product"}],"about":[{"href":"https:\/\/mariswiss.com\/fi\/wp-json\/wp\/v2\/types\/product"}],"replies":[{"embeddable":true,"href":"https:\/\/mariswiss.com\/fi\/wp-json\/wp\/v2\/comments?post=16493"}],"wp:featuredmedia":[{"embeddable":true,"href":"https:\/\/mariswiss.com\/fi\/wp-json\/wp\/v2\/media\/19307"}],"wp:attachment":[{"href":"https:\/\/mariswiss.com\/fi\/wp-json\/wp\/v2\/media?parent=16493"}],"wp:term":[{"taxonomy":"product_cat","embeddable":true,"href":"https:\/\/mariswiss.com\/fi\/wp-json\/wp\/v2\/product_cat?post=16493"},{"taxonomy":"product_tag","embeddable":true,"href":"https:\/\/mariswiss.com\/fi\/wp-json\/wp\/v2\/product_tag?post=16493"}],"curies":[{"name":"wp","href":"https:\/\/api.w.org\/{rel}","templated":true}]}}