{"id":16499,"date":"2023-10-31T13:59:01","date_gmt":"2023-10-31T13:59:01","guid":{"rendered":"https:\/\/mariswiss.com\/?post_type=product&#038;p=16499"},"modified":"2025-07-17T10:17:35","modified_gmt":"2025-07-17T10:17:35","slug":"red-lebanese-thcp","status":"publish","type":"product","link":"https:\/\/mariswiss.com\/fi\/product\/red-lebanese-thcp\/","title":{"rendered":"Punainen libanonilainen"},"content":{"rendered":"<p><span style=\"text-decoration: underline;\"><strong>PUNAINEN LIBANONILAINEN<\/strong><\/span><\/p>\n<ul>\n<li>Alkuper\u00e4: Valmistettu Sveitsiss\u00e4 kasvattajalaboratoriossamme sis\u00e4tiloissa kasvatetuista kukista.<\/li>\n<li>Ulkon\u00e4k\u00f6: T\u00e4m\u00e4 tummanpunainen hartsi valmistetaan j\u00e4\u00e4hdytetyist\u00e4 sis\u00e4tilojen kukista, jotka antavat sille punaisen v\u00e4rin.<\/li>\n<li>Tuoksu \/ maku: Kuten useimmilla hasheilla, sill\u00e4 on voimakas maanl\u00e4heinen tuoksu. Nautittuna se on hieman mausteinen.<\/li>\n<li>CBD-pitoisuus\/vaikutukset: 22% CBD:t\u00e4. T\u00e4m\u00e4 on voimakas hasis, jota suosittelemme nauttimaan p\u00e4iv\u00e4n p\u00e4\u00e4tteeksi.<\/li>\n<\/ul>","protected":false},"excerpt":{"rendered":"<p><span style=\"text-decoration: underline;\"><strong>PUNAINEN LIBANONILAINEN<\/strong><\/span><\/p>\n<ul>\n<li class=\"lead\">Alkuper\u00e4: Valmistettu Sveitsiss\u00e4 kasvattajalaboratoriossamme sis\u00e4tiloissa kasvatetuista kukista.<\/li>\n<li class=\"lead\">Ulkon\u00e4k\u00f6: T\u00e4m\u00e4 tummanpunainen hartsi valmistetaan j\u00e4\u00e4hdytetyist\u00e4 sis\u00e4tilojen kukista, jotka antavat sille punaisen v\u00e4rin.<\/li>\n<li class=\"lead\">Tuoksu \/ maku: Kuten useimmilla hasheilla, sill\u00e4 on voimakas maanl\u00e4heinen tuoksu. Nautittuna se on hieman mausteinen.<\/li>\n<li class=\"lead\">CBD-pitoisuus\/vaikutukset: 22% CBD:t\u00e4. T\u00e4m\u00e4 on voimakas hasis, jota suosittelemme nauttimaan p\u00e4iv\u00e4n p\u00e4\u00e4tteeksi.<\/li>\n<li style=\"list-style-type: none;\"><\/li>\n<\/ul>","protected":false},"featured_media":16504,"comment_status":"open","ping_status":"closed","template":"","meta":{"inline_featured_image":false},"product_cat":[362],"product_tag":[244,76],"class_list":{"0":"post-16499","1":"product","2":"type-product","3":"status-publish","4":"has-post-thumbnail","6":"product_brand-mari-swiss","7":"product_cat-resines-de-thcp","8":"product_tag-hash","9":"product_tag-indoor","11":"first","12":"instock","13":"sale","14":"taxable","15":"shipping-taxable","16":"purchasable","17":"product-type-variable","18":"has-default-attributes"},"jetpack_sharing_enabled":true,"_links":{"self":[{"href":"https:\/\/mariswiss.com\/fi\/wp-json\/wp\/v2\/product\/16499","targetHints":{"allow":["GET"]}}],"collection":[{"href":"https:\/\/mariswiss.com\/fi\/wp-json\/wp\/v2\/product"}],"about":[{"href":"https:\/\/mariswiss.com\/fi\/wp-json\/wp\/v2\/types\/product"}],"replies":[{"embeddable":true,"href":"https:\/\/mariswiss.com\/fi\/wp-json\/wp\/v2\/comments?post=16499"}],"wp:featuredmedia":[{"embeddable":true,"href":"https:\/\/mariswiss.com\/fi\/wp-json\/wp\/v2\/media\/16504"}],"wp:attachment":[{"href":"https:\/\/mariswiss.com\/fi\/wp-json\/wp\/v2\/media?parent=16499"}],"wp:term":[{"taxonomy":"product_cat","embeddable":true,"href":"https:\/\/mariswiss.com\/fi\/wp-json\/wp\/v2\/product_cat?post=16499"},{"taxonomy":"product_tag","embeddable":true,"href":"https:\/\/mariswiss.com\/fi\/wp-json\/wp\/v2\/product_tag?post=16499"}],"curies":[{"name":"wp","href":"https:\/\/api.w.org\/{rel}","templated":true}]}}