{"id":16529,"date":"2023-11-03T15:05:33","date_gmt":"2023-11-03T15:05:33","guid":{"rendered":"https:\/\/mariswiss.com\/?post_type=product&#038;p=16529"},"modified":"2025-07-11T08:17:44","modified_gmt":"2025-07-11T08:17:44","slug":"black-caramello-hash","status":"publish","type":"product","link":"https:\/\/mariswiss.com\/fi\/product\/black-caramello-hash\/","title":{"rendered":"Musta Caramello Hash CBD"},"content":{"rendered":"<p><span style=\"text-decoration: underline;\"><strong>MUSTA KARAMELLI HASIS<\/strong><\/span><\/p>\n<ul>\n<li>Alkuper\u00e4: Valmistettu Sveitsiss\u00e4 kasvattajalaboratoriossamme sis\u00e4tiloissa kasvatetuista kukista.<\/li>\n<li>Ulkon\u00e4k\u00f6: Se on tummanruskeaa, pehme\u00e4\u00e4 hartsia, jota on eritt\u00e4in helppo k\u00e4ytt\u00e4\u00e4.<\/li>\n<li>Tuoksu \/ maku: Eritt\u00e4in omaper\u00e4inen pippurinen tuoksu, joka eroaa muista hasheista. Kulutettaessa maku on hieman mausteinen.<\/li>\n<li>CBD-pitoisuus\/vaikutukset: 25% CBD:t\u00e4. T\u00e4m\u00e4 on voimakas hasis, joka rentouttaa sinut juuri niin kuin tarvitset.<\/li>\n<\/ul>","protected":false},"excerpt":{"rendered":"<p><span style=\"text-decoration: underline;\"><strong>MUSTA KARAMELLI HASIS<\/strong><\/span><\/p>\n<ul>\n<li class=\"lead\">Alkuper\u00e4: Valmistettu Sveitsiss\u00e4 kasvattajalaboratoriossamme sis\u00e4tiloissa kasvatetuista kukista.<\/li>\n<li class=\"lead\">Ulkon\u00e4k\u00f6: Se on tummanruskeaa, pehme\u00e4\u00e4 hartsia, jota on eritt\u00e4in helppo k\u00e4ytt\u00e4\u00e4.<\/li>\n<li class=\"lead\">Tuoksu \/ maku: Eritt\u00e4in omaper\u00e4inen pippurinen tuoksu, joka eroaa muista hasheista. Kulutettaessa maku on hieman mausteinen.<\/li>\n<li class=\"lead\">CBD-pitoisuus\/vaikutukset: 25% CBD:t\u00e4. T\u00e4m\u00e4 on voimakas hasis, joka rentouttaa sinut juuri niin kuin tarvitset.<\/li>\n<li style=\"list-style-type: none;\"><\/li>\n<\/ul>","protected":false},"featured_media":16534,"comment_status":"open","ping_status":"closed","template":"","meta":{"inline_featured_image":false},"product_cat":[357],"product_tag":[244,76],"class_list":{"0":"post-16529","1":"product","2":"type-product","3":"status-publish","4":"has-post-thumbnail","6":"product_brand-mari-swiss","7":"product_cat-resines-de-cbd","8":"product_tag-hash","9":"product_tag-indoor","11":"first","12":"instock","13":"sale","14":"taxable","15":"shipping-taxable","16":"purchasable","17":"product-type-variable"},"jetpack_sharing_enabled":true,"_links":{"self":[{"href":"https:\/\/mariswiss.com\/fi\/wp-json\/wp\/v2\/product\/16529","targetHints":{"allow":["GET"]}}],"collection":[{"href":"https:\/\/mariswiss.com\/fi\/wp-json\/wp\/v2\/product"}],"about":[{"href":"https:\/\/mariswiss.com\/fi\/wp-json\/wp\/v2\/types\/product"}],"replies":[{"embeddable":true,"href":"https:\/\/mariswiss.com\/fi\/wp-json\/wp\/v2\/comments?post=16529"}],"wp:featuredmedia":[{"embeddable":true,"href":"https:\/\/mariswiss.com\/fi\/wp-json\/wp\/v2\/media\/16534"}],"wp:attachment":[{"href":"https:\/\/mariswiss.com\/fi\/wp-json\/wp\/v2\/media?parent=16529"}],"wp:term":[{"taxonomy":"product_cat","embeddable":true,"href":"https:\/\/mariswiss.com\/fi\/wp-json\/wp\/v2\/product_cat?post=16529"},{"taxonomy":"product_tag","embeddable":true,"href":"https:\/\/mariswiss.com\/fi\/wp-json\/wp\/v2\/product_tag?post=16529"}],"curies":[{"name":"wp","href":"https:\/\/api.w.org\/{rel}","templated":true}]}}