{"id":16535,"date":"2023-11-03T15:15:13","date_gmt":"2023-11-03T15:15:13","guid":{"rendered":"https:\/\/mariswiss.com\/?post_type=product&#038;p=16535"},"modified":"2026-01-29T11:02:10","modified_gmt":"2026-01-29T11:02:10","slug":"red-lebanese-hash","status":"publish","type":"product","link":"https:\/\/mariswiss.com\/fi\/product\/red-lebanese-hash\/","title":{"rendered":"Punainen libanonilainen lesejauho CBN"},"content":{"rendered":"<p><span style=\"text-decoration: underline;\"><strong>PUNAINEN LIBANONILAINEN HASIS<\/strong><\/span><\/p>\n<ul>\n<li class=\"lead\">Alkuper\u00e4: Valmistettu Sveitsiss\u00e4 kasvattajalaboratoriossamme sis\u00e4tiloissa kasvatetuista kukista.<\/li>\n<li class=\"lead\">Ulkon\u00e4k\u00f6: Vaaleanruskea hartsi, jossa on punaisen okran s\u00e4vyj\u00e4. Keskikova, helppo k\u00e4ytt\u00e4\u00e4. CBNolatin lis\u00e4\u00e4minen.<\/li>\n<li class=\"lead\">Haju \/ maku: Voimakas, puumainen haju. Poltettuna tuoksuu aidolle vanhalle paskalle.<\/li>\n<li class=\"lead\">CBD-vaikutukset: 25% CBD:t\u00e4. T\u00e4m\u00e4 on voimakas hasis, joka rentouttaa sinut juuri niin kuin tarvitset.<\/li>\n<\/ul>","protected":false},"excerpt":{"rendered":"<p><span style=\"text-decoration: underline;\"><strong>RED LEBANESE HASH CBN<\/strong><\/span><\/p>\n<ul>\n<li class=\"lead\">Alkuper\u00e4: Valmistettu Sveitsiss\u00e4 kasvattajalaboratoriossamme sis\u00e4tiloissa kasvatetuista kukista.<\/li>\n<li class=\"lead\">Ulkon\u00e4k\u00f6: Vaaleanruskea hartsi, jossa on punaisen okran s\u00e4vyj\u00e4. Keskikova, helppo k\u00e4ytt\u00e4\u00e4. CBNolatin lis\u00e4\u00e4minen.<\/li>\n<li class=\"lead\">Haju \/ maku: Voimakas, puumainen haju. Poltettuna tuoksuu aidolle vanhalle paskalle.<\/li>\n<li class=\"lead\">CBD-vaikutukset: 25% CBD:t\u00e4. T\u00e4m\u00e4 on voimakas hasis, joka rentouttaa sinut juuri niin kuin tarvitset.<\/li>\n<li style=\"list-style-type: none;\"><\/li>\n<\/ul>","protected":false},"featured_media":19305,"comment_status":"open","ping_status":"closed","template":"","meta":{"inline_featured_image":false},"product_cat":[357,360,362],"product_tag":[244,482,76],"class_list":{"0":"post-16535","1":"product","2":"type-product","3":"status-publish","4":"has-post-thumbnail","6":"product_brand-mari-swiss","7":"product_cat-resines-de-cbd","8":"product_cat-thcp","9":"product_cat-resines-de-thcp","10":"product_tag-hash","11":"product_tag-hsd","12":"product_tag-indoor","14":"first","15":"instock","16":"sale","17":"taxable","18":"shipping-taxable","19":"purchasable","20":"product-type-variable"},"jetpack_sharing_enabled":true,"_links":{"self":[{"href":"https:\/\/mariswiss.com\/fi\/wp-json\/wp\/v2\/product\/16535","targetHints":{"allow":["GET"]}}],"collection":[{"href":"https:\/\/mariswiss.com\/fi\/wp-json\/wp\/v2\/product"}],"about":[{"href":"https:\/\/mariswiss.com\/fi\/wp-json\/wp\/v2\/types\/product"}],"replies":[{"embeddable":true,"href":"https:\/\/mariswiss.com\/fi\/wp-json\/wp\/v2\/comments?post=16535"}],"wp:featuredmedia":[{"embeddable":true,"href":"https:\/\/mariswiss.com\/fi\/wp-json\/wp\/v2\/media\/19305"}],"wp:attachment":[{"href":"https:\/\/mariswiss.com\/fi\/wp-json\/wp\/v2\/media?parent=16535"}],"wp:term":[{"taxonomy":"product_cat","embeddable":true,"href":"https:\/\/mariswiss.com\/fi\/wp-json\/wp\/v2\/product_cat?post=16535"},{"taxonomy":"product_tag","embeddable":true,"href":"https:\/\/mariswiss.com\/fi\/wp-json\/wp\/v2\/product_tag?post=16535"}],"curies":[{"name":"wp","href":"https:\/\/api.w.org\/{rel}","templated":true}]}}