{"id":16553,"date":"2023-11-07T13:39:16","date_gmt":"2023-11-07T13:39:16","guid":{"rendered":"https:\/\/mariswiss.com\/?post_type=product&#038;p=16553"},"modified":"2025-07-17T10:15:18","modified_gmt":"2025-07-17T10:15:18","slug":"hash-king-hassan","status":"publish","type":"product","link":"https:\/\/mariswiss.com\/fi\/product\/hash-king-hassan\/","title":{"rendered":"Hash King Hassan CBD"},"content":{"rendered":"<p><span style=\"text-decoration: underline;\"><strong>HASH KUNINGAS HASSAN<\/strong><\/span><\/p>\n<ul>\n<li>Alkuper\u00e4: Valmistettu Sveitsiss\u00e4 kasvattajalaboratoriossamme sis\u00e4tiloissa kasvatetuista kukista.<\/li>\n<li>Ulkon\u00e4k\u00f6: ulkopinta tummaa hartsia, sis\u00e4pinta vaaleanruskea. Pehme\u00e4 ja helppok\u00e4ytt\u00f6inen<\/li>\n<li>Haju \/ maku: Eritt\u00e4in tunnistettava pippurinen haju ja voimakas maku nautittuna.<\/li>\n<li>CBD-pitoisuus\/vaikutukset: 24% CBD:t\u00e4 t\u00e4ss\u00e4 hasiksessa, joten voit todella tuntea, kuinka rentouttavaa se on.<\/li>\n<\/ul>","protected":false},"excerpt":{"rendered":"<p><span style=\"text-decoration: underline;\"><strong>HASH KUNINGAS HASSAN<\/strong><\/span><\/p>\n<ul>\n<li class=\"lead\">Alkuper\u00e4: Valmistettu Sveitsiss\u00e4 kasvattajalaboratoriossamme sis\u00e4tiloissa kasvatetuista kukista.<\/li>\n<li class=\"lead\">Ulkon\u00e4k\u00f6: ulkopinta tummaa hartsia, sis\u00e4pinta vaaleanruskea. Pehme\u00e4 ja helppok\u00e4ytt\u00f6inen.<\/li>\n<li class=\"lead\">Haju \/ maku: Eritt\u00e4in tunnistettava pippurinen haju ja voimakas maku nautittuna.<\/li>\n<li class=\"lead\">CBD-pitoisuus\/vaikutukset: 24% CBD:t\u00e4 t\u00e4ss\u00e4 hasiksessa, joten voit todella tuntea, kuinka rentouttavaa se on.<\/li>\n<li style=\"list-style-type: none;\"><\/li>\n<\/ul>","protected":false},"featured_media":16558,"comment_status":"open","ping_status":"closed","template":"","meta":{"inline_featured_image":false},"product_cat":[357],"product_tag":[244,76],"class_list":{"0":"post-16553","1":"product","2":"type-product","3":"status-publish","4":"has-post-thumbnail","6":"product_brand-mari-swiss","7":"product_cat-resines-de-cbd","8":"product_tag-hash","9":"product_tag-indoor","11":"first","12":"instock","13":"sale","14":"taxable","15":"shipping-taxable","16":"purchasable","17":"product-type-variable","18":"has-default-attributes"},"jetpack_sharing_enabled":true,"_links":{"self":[{"href":"https:\/\/mariswiss.com\/fi\/wp-json\/wp\/v2\/product\/16553","targetHints":{"allow":["GET"]}}],"collection":[{"href":"https:\/\/mariswiss.com\/fi\/wp-json\/wp\/v2\/product"}],"about":[{"href":"https:\/\/mariswiss.com\/fi\/wp-json\/wp\/v2\/types\/product"}],"replies":[{"embeddable":true,"href":"https:\/\/mariswiss.com\/fi\/wp-json\/wp\/v2\/comments?post=16553"}],"wp:featuredmedia":[{"embeddable":true,"href":"https:\/\/mariswiss.com\/fi\/wp-json\/wp\/v2\/media\/16558"}],"wp:attachment":[{"href":"https:\/\/mariswiss.com\/fi\/wp-json\/wp\/v2\/media?parent=16553"}],"wp:term":[{"taxonomy":"product_cat","embeddable":true,"href":"https:\/\/mariswiss.com\/fi\/wp-json\/wp\/v2\/product_cat?post=16553"},{"taxonomy":"product_tag","embeddable":true,"href":"https:\/\/mariswiss.com\/fi\/wp-json\/wp\/v2\/product_tag?post=16553"}],"curies":[{"name":"wp","href":"https:\/\/api.w.org\/{rel}","templated":true}]}}