{"id":16559,"date":"2023-11-07T14:01:27","date_gmt":"2023-11-07T14:01:27","guid":{"rendered":"https:\/\/mariswiss.com\/?post_type=product&#038;p=16559"},"modified":"2025-07-11T08:17:39","modified_gmt":"2025-07-11T08:17:39","slug":"charas","status":"publish","type":"product","link":"https:\/\/mariswiss.com\/fi\/product\/charas\/","title":{"rendered":"Charas CBD"},"content":{"rendered":"<p><span style=\"text-decoration: underline;\"><strong>CHARAS<\/strong><\/span><\/p>\n<ul>\n<li>Alkuper\u00e4: Valmistetaan Sveitsiss\u00e4 tuottajiemme laboratoriossa sis\u00e4tiloissa kasvatetuista kukista t\u00e4ysin luonnonmukaisesti, ilman torjunta-aineiden k\u00e4ytt\u00f6\u00e4.<\/li>\n<li>Ulkon\u00e4k\u00f6: kaunis musta hasis, melko kova, joten sit\u00e4 on l\u00e4mmitett\u00e4v\u00e4 ennen k\u00e4ytt\u00f6\u00e4.<\/li>\n<li>Tuoksu \/ maku: Puumainen, pippurinen tuoksu, joka on hyvin omaleimainen ja aivan erilainen kuin muut tuoksumme. Poikkeuksellinen tuote<\/li>\n<li>CBD-pitoisuus\/vaikutukset: T\u00e4ss\u00e4 hasiksessa on 22% CBD:t\u00e4, joten rentoutuminen on hyvin ilmeist\u00e4 kulutuksen aikana.<\/li>\n<\/ul>","protected":false},"excerpt":{"rendered":"<p><span style=\"text-decoration: underline;\"><strong>CHARAS<\/strong><\/span><\/p>\n<ul>\n<li class=\"lead\">Alkuper\u00e4: Valmistetaan Sveitsiss\u00e4 tuottajiemme laboratoriossa sis\u00e4tiloissa kasvatetuista kukista t\u00e4ysin luonnonmukaisesti, ilman torjunta-aineiden k\u00e4ytt\u00f6\u00e4.<\/li>\n<li class=\"lead\"><span style=\"font-size: 20.16px;\">N\u00e4k\u00f6kohta:<\/span><span style=\"font-size: 20.16px;\"> Kaunista mustaa hasista, melko kovaa, joten sit\u00e4 on l\u00e4mmitett\u00e4v\u00e4 ennen k\u00e4ytt\u00f6\u00e4.<\/span><\/li>\n<li class=\"lead\">Tuoksu \/ maku: Puumainen, pippurinen tuoksu, joka on hyvin omaleimainen ja aivan erilainen kuin muut tuoksumme. Poikkeuksellinen tuote<\/li>\n<li class=\"lead\">CBD-pitoisuus\/vaikutukset: T\u00e4ss\u00e4 hasiksessa on 22% CBD:t\u00e4, joten rentoutuminen on hyvin ilmeist\u00e4 kulutuksen aikana.<\/li>\n<li style=\"list-style-type: none;\"><\/li>\n<\/ul>","protected":false},"featured_media":16564,"comment_status":"open","ping_status":"closed","template":"","meta":{"inline_featured_image":false},"product_cat":[357],"product_tag":[244,76],"class_list":{"0":"post-16559","1":"product","2":"type-product","3":"status-publish","4":"has-post-thumbnail","6":"product_brand-mari-swiss","7":"product_cat-resines-de-cbd","8":"product_tag-hash","9":"product_tag-indoor","11":"first","12":"instock","13":"sale","14":"taxable","15":"shipping-taxable","16":"purchasable","17":"product-type-variable"},"jetpack_sharing_enabled":true,"_links":{"self":[{"href":"https:\/\/mariswiss.com\/fi\/wp-json\/wp\/v2\/product\/16559","targetHints":{"allow":["GET"]}}],"collection":[{"href":"https:\/\/mariswiss.com\/fi\/wp-json\/wp\/v2\/product"}],"about":[{"href":"https:\/\/mariswiss.com\/fi\/wp-json\/wp\/v2\/types\/product"}],"replies":[{"embeddable":true,"href":"https:\/\/mariswiss.com\/fi\/wp-json\/wp\/v2\/comments?post=16559"}],"wp:featuredmedia":[{"embeddable":true,"href":"https:\/\/mariswiss.com\/fi\/wp-json\/wp\/v2\/media\/16564"}],"wp:attachment":[{"href":"https:\/\/mariswiss.com\/fi\/wp-json\/wp\/v2\/media?parent=16559"}],"wp:term":[{"taxonomy":"product_cat","embeddable":true,"href":"https:\/\/mariswiss.com\/fi\/wp-json\/wp\/v2\/product_cat?post=16559"},{"taxonomy":"product_tag","embeddable":true,"href":"https:\/\/mariswiss.com\/fi\/wp-json\/wp\/v2\/product_tag?post=16559"}],"curies":[{"name":"wp","href":"https:\/\/api.w.org\/{rel}","templated":true}]}}