{"id":16565,"date":"2023-11-07T15:16:05","date_gmt":"2023-11-07T15:16:05","guid":{"rendered":"https:\/\/mariswiss.com\/?post_type=product&#038;p=16565"},"modified":"2025-07-11T08:17:37","modified_gmt":"2025-07-11T08:17:37","slug":"snoop-dogg-king-size-slim","status":"publish","type":"product","link":"https:\/\/mariswiss.com\/fi\/product\/snoop-dogg-king-size-slim\/","title":{"rendered":"Snoop Dogg King Size Slim"},"content":{"rendered":"<p>Snoop Dogg king size slim -lakanat, jotka on nimetty niiden maineikkaan luojan, r\u00e4pp\u00e4ri Snoop Doggin mukaan.<\/p>\n<p>N\u00e4m\u00e4 arkit erottuvat ainutlaatuisen hienosta paperista ja hitaasta palamisesta.<\/p>\n<p>Ne on valmistettu selluloosasta, ja niiss\u00e4 on suuri tahmea pinta.<\/p>","protected":false},"excerpt":{"rendered":"<p>Snoop Dogg king size slim -lakanat, jotka on nimetty niiden luojan, r\u00e4pp\u00e4ri Snoop Doggin mukaan.<\/p>\n<p>N\u00e4m\u00e4 arkit erottuvat ainutlaatuisen hienosta paperista ja hitaasta palamisesta. Ne on valmistettu selluloosasta ja niiss\u00e4 on suuri tahmea pinta.<\/p>\n<ul>\n<li>Koko: 107*44 mm<\/li>\n<li>Paino: 14g\/qm2<\/li>\n<li>33 arkkia pakkauksessa<\/li>\n<\/ul>","protected":false},"featured_media":16566,"comment_status":"open","ping_status":"closed","template":"","meta":{"inline_featured_image":false},"product_cat":[15,366,369],"product_tag":[217],"class_list":{"0":"post-16565","1":"product","2":"type-product","3":"status-publish","4":"has-post-thumbnail","6":"product_cat-uncategorized","7":"product_cat-accessoires","8":"product_cat-feuilles-a-rouler","9":"product_tag-feuilles","11":"first","12":"instock","13":"taxable","14":"shipping-taxable","15":"purchasable","16":"product-type-simple"},"jetpack_sharing_enabled":true,"_links":{"self":[{"href":"https:\/\/mariswiss.com\/fi\/wp-json\/wp\/v2\/product\/16565","targetHints":{"allow":["GET"]}}],"collection":[{"href":"https:\/\/mariswiss.com\/fi\/wp-json\/wp\/v2\/product"}],"about":[{"href":"https:\/\/mariswiss.com\/fi\/wp-json\/wp\/v2\/types\/product"}],"replies":[{"embeddable":true,"href":"https:\/\/mariswiss.com\/fi\/wp-json\/wp\/v2\/comments?post=16565"}],"wp:featuredmedia":[{"embeddable":true,"href":"https:\/\/mariswiss.com\/fi\/wp-json\/wp\/v2\/media\/16566"}],"wp:attachment":[{"href":"https:\/\/mariswiss.com\/fi\/wp-json\/wp\/v2\/media?parent=16565"}],"wp:term":[{"taxonomy":"product_cat","embeddable":true,"href":"https:\/\/mariswiss.com\/fi\/wp-json\/wp\/v2\/product_cat?post=16565"},{"taxonomy":"product_tag","embeddable":true,"href":"https:\/\/mariswiss.com\/fi\/wp-json\/wp\/v2\/product_tag?post=16565"}],"curies":[{"name":"wp","href":"https:\/\/api.w.org\/{rel}","templated":true}]}}