{"id":16568,"date":"2023-11-07T15:42:57","date_gmt":"2023-11-07T15:42:57","guid":{"rendered":"https:\/\/mariswiss.com\/?post_type=product&#038;p=16568"},"modified":"2025-07-11T08:17:35","modified_gmt":"2025-07-11T08:17:35","slug":"element-king-size-slim","status":"publish","type":"product","link":"https:\/\/mariswiss.com\/fi\/product\/element-king-size-slim\/","title":{"rendered":"Element King Size Slim"},"content":{"rendered":"<p>Alkuper\u00e4iset Element King Size Slim -lakanat on valmistettu Espanjassa ymp\u00e4rist\u00f6yst\u00e4v\u00e4llisten standardien mukaisesti.<br \/>\nKeveytens\u00e4 ja innovatiivisen ristikk\u00e4isen vesileiman ansiosta n\u00e4m\u00e4 paperit palavat hyvin pitk\u00e4\u00e4n!<br \/>\nAkaasiakumin kanssa.<\/p>\n<p>Yksi vihkonen sis\u00e4lt\u00e4\u00e4 32 arkkia (108 x 44 mm).<br \/>\nYksi laatikko sis\u00e4lt\u00e4\u00e4 50 vihkoa.<\/p>","protected":false},"excerpt":{"rendered":"<p>Alkuper\u00e4iset Elements King Size -lakanat on valmistettu Espanjassa ymp\u00e4rist\u00f6yst\u00e4v\u00e4llisten standardien mukaisesti.<\/p>\n<p>Keveytens\u00e4 ja innovatiivisen ristikk\u00e4isen vesileiman ansiosta n\u00e4m\u00e4 paperit palavat hyvin pitk\u00e4\u00e4n!<br \/>\nAkaasiakumin kanssa.<\/p>\n<ul>\n<li>Yksi vihkonen sis\u00e4lt\u00e4\u00e4 32 arkkia (108 x 44 mm).<\/li>\n<li>Paino: 14g\/qm2<\/li>\n<li>Yksi laatikko sis\u00e4lt\u00e4\u00e4 50 vihkoa.<\/li>\n<\/ul>","protected":false},"featured_media":16569,"comment_status":"open","ping_status":"closed","template":"","meta":{"inline_featured_image":false},"product_cat":[15,366,369],"product_tag":[217],"class_list":{"0":"post-16568","1":"product","2":"type-product","3":"status-publish","4":"has-post-thumbnail","6":"product_cat-uncategorized","7":"product_cat-accessoires","8":"product_cat-feuilles-a-rouler","9":"product_tag-feuilles","11":"first","12":"instock","13":"taxable","14":"shipping-taxable","15":"purchasable","16":"product-type-simple"},"jetpack_sharing_enabled":true,"_links":{"self":[{"href":"https:\/\/mariswiss.com\/fi\/wp-json\/wp\/v2\/product\/16568","targetHints":{"allow":["GET"]}}],"collection":[{"href":"https:\/\/mariswiss.com\/fi\/wp-json\/wp\/v2\/product"}],"about":[{"href":"https:\/\/mariswiss.com\/fi\/wp-json\/wp\/v2\/types\/product"}],"replies":[{"embeddable":true,"href":"https:\/\/mariswiss.com\/fi\/wp-json\/wp\/v2\/comments?post=16568"}],"wp:featuredmedia":[{"embeddable":true,"href":"https:\/\/mariswiss.com\/fi\/wp-json\/wp\/v2\/media\/16569"}],"wp:attachment":[{"href":"https:\/\/mariswiss.com\/fi\/wp-json\/wp\/v2\/media?parent=16568"}],"wp:term":[{"taxonomy":"product_cat","embeddable":true,"href":"https:\/\/mariswiss.com\/fi\/wp-json\/wp\/v2\/product_cat?post=16568"},{"taxonomy":"product_tag","embeddable":true,"href":"https:\/\/mariswiss.com\/fi\/wp-json\/wp\/v2\/product_tag?post=16568"}],"curies":[{"name":"wp","href":"https:\/\/api.w.org\/{rel}","templated":true}]}}