{"id":16628,"date":"2023-11-15T17:20:00","date_gmt":"2023-11-15T17:20:00","guid":{"rendered":"https:\/\/mariswiss.com\/?post_type=product&#038;p=16628"},"modified":"2025-07-11T08:17:34","modified_gmt":"2025-07-11T08:17:34","slug":"manali-hhcpo","status":"publish","type":"product","link":"https:\/\/mariswiss.com\/fi\/product\/manali-hhcpo\/","title":{"rendered":"Manali"},"content":{"rendered":"","protected":false},"excerpt":{"rendered":"<ul>\n<li style=\"list-style-type: none;\"><span style=\"text-decoration: underline;\"><strong>MANALI<\/strong><\/span>\n<ul>\n<li>Alkuper\u00e4: Kasvatettu huolellisesti Sveitsin Valais'n vieh\u00e4tt\u00e4v\u00e4ss\u00e4 kantonissa sis\u00e4tiloissa kasvatetuista kukista.<\/li>\n<li>Ulkon\u00e4k\u00f6: T\u00e4m\u00e4 syv\u00e4nmusta hartsi on valmistettu huolellisesti j\u00e4\u00e4hdytetyist\u00e4 sis\u00e4kukista.<\/li>\n<li>Tuoksu \/ maku: Kuten kaikessa hyv\u00e4ss\u00e4 hasiksessa, siin\u00e4 on selv\u00e4 maanl\u00e4heinen tuoksu. Kun se on nautittu, sen maku paljastaa hieman makeat vivahteet, ja se on samalla hienoisen pehme\u00e4 maku.<\/li>\n<li>CBD-pitoisuus\/vaikutukset: T\u00e4m\u00e4 hasis sis\u00e4lt\u00e4\u00e4 vaikuttavan 20% CBD+ -pitoisuuden, ja se erottuu edukseen voimakkuudellaan. Suosittelemme, ett\u00e4 nautit t\u00e4m\u00e4n kokemuksen illalla.<\/li>\n<\/ul>\n<\/li>\n<\/ul>","protected":false},"featured_media":17038,"comment_status":"open","ping_status":"closed","template":"","meta":{"inline_featured_image":false},"product_cat":[362,360],"product_tag":[244,76],"class_list":{"0":"post-16628","1":"product","2":"type-product","3":"status-publish","4":"has-post-thumbnail","6":"product_brand-mari-swiss","7":"product_cat-resines-de-thcp","8":"product_cat-thcp","9":"product_tag-hash","10":"product_tag-indoor","12":"first","13":"outofstock","14":"sale","15":"taxable","16":"shipping-taxable","17":"purchasable","18":"product-type-variable"},"jetpack_sharing_enabled":true,"_links":{"self":[{"href":"https:\/\/mariswiss.com\/fi\/wp-json\/wp\/v2\/product\/16628","targetHints":{"allow":["GET"]}}],"collection":[{"href":"https:\/\/mariswiss.com\/fi\/wp-json\/wp\/v2\/product"}],"about":[{"href":"https:\/\/mariswiss.com\/fi\/wp-json\/wp\/v2\/types\/product"}],"replies":[{"embeddable":true,"href":"https:\/\/mariswiss.com\/fi\/wp-json\/wp\/v2\/comments?post=16628"}],"wp:featuredmedia":[{"embeddable":true,"href":"https:\/\/mariswiss.com\/fi\/wp-json\/wp\/v2\/media\/17038"}],"wp:attachment":[{"href":"https:\/\/mariswiss.com\/fi\/wp-json\/wp\/v2\/media?parent=16628"}],"wp:term":[{"taxonomy":"product_cat","embeddable":true,"href":"https:\/\/mariswiss.com\/fi\/wp-json\/wp\/v2\/product_cat?post=16628"},{"taxonomy":"product_tag","embeddable":true,"href":"https:\/\/mariswiss.com\/fi\/wp-json\/wp\/v2\/product_tag?post=16628"}],"curies":[{"name":"wp","href":"https:\/\/api.w.org\/{rel}","templated":true}]}}