{"id":16786,"date":"2023-11-23T15:18:40","date_gmt":"2023-11-23T15:18:40","guid":{"rendered":"https:\/\/mariswiss.com\/?post_type=product&#038;p=16786"},"modified":"2026-04-03T23:29:42","modified_gmt":"2026-04-03T23:29:42","slug":"afghani-greenhouse-thv","status":"publish","type":"product","link":"https:\/\/mariswiss.com\/fi\/product\/afghani-greenhouse-thv\/","title":{"rendered":"Afghani Greenhouse THV"},"content":{"rendered":"","protected":false},"excerpt":{"rendered":"<p><span style=\"text-decoration: underline;\"><strong>AFGANISTANILAINEN KASVIHUONE<\/strong><\/span><\/p>\n<ul>\n<li>Origine: Cultiv\u00e9e en Suisse (canton de Valais) sous serre mais avec lampes, donc une fleur GH d&#8217;excellente qualit\u00e9, proche de la qualit\u00e9 indoor. NOUVELLE R\u00c9COLTE !<\/li>\n<li>Ulkon\u00e4k\u00f6: Keskikokoiset tai suurikokoiset kukat, melko vaaleanvihre\u00e4t, joissa on selv\u00e4sti n\u00e4kyvi\u00e4 oransseja trikomeja.<\/li>\n<li>Tuoksu \/ maku: Melko hedelm\u00e4inen, t\u00e4ytel\u00e4inen tuoksu. Kun juot sit\u00e4, tunnet sen t\u00e4yden aromin ja voiman.<\/li>\n<li>Taux de CBD \/ effets : 17% de CBD, et 10% de THV c&#8217;est donc une fleur puissante, avec des effets, et donc conseill\u00e9 d&#8217;utiliser en soir\u00e9e.<\/li>\n<\/ul>","protected":false},"featured_media":20144,"comment_status":"open","ping_status":"closed","template":"","meta":{"inline_featured_image":false},"product_cat":[360,353,361],"product_tag":[76,494],"class_list":{"0":"post-16786","1":"product","2":"type-product","3":"status-publish","4":"has-post-thumbnail","6":"product_brand-mari-swiss","7":"product_cat-thcp","8":"product_cat-fleurs-de-cbd","9":"product_cat-fleurs-de-thcp","10":"product_tag-indoor","11":"product_tag-thv","13":"first","14":"instock","15":"sale","16":"taxable","17":"shipping-taxable","18":"purchasable","19":"product-type-variable","20":"has-default-attributes"},"jetpack_sharing_enabled":true,"_links":{"self":[{"href":"https:\/\/mariswiss.com\/fi\/wp-json\/wp\/v2\/product\/16786","targetHints":{"allow":["GET"]}}],"collection":[{"href":"https:\/\/mariswiss.com\/fi\/wp-json\/wp\/v2\/product"}],"about":[{"href":"https:\/\/mariswiss.com\/fi\/wp-json\/wp\/v2\/types\/product"}],"replies":[{"embeddable":true,"href":"https:\/\/mariswiss.com\/fi\/wp-json\/wp\/v2\/comments?post=16786"}],"wp:featuredmedia":[{"embeddable":true,"href":"https:\/\/mariswiss.com\/fi\/wp-json\/wp\/v2\/media\/20144"}],"wp:attachment":[{"href":"https:\/\/mariswiss.com\/fi\/wp-json\/wp\/v2\/media?parent=16786"}],"wp:term":[{"taxonomy":"product_cat","embeddable":true,"href":"https:\/\/mariswiss.com\/fi\/wp-json\/wp\/v2\/product_cat?post=16786"},{"taxonomy":"product_tag","embeddable":true,"href":"https:\/\/mariswiss.com\/fi\/wp-json\/wp\/v2\/product_tag?post=16786"}],"curies":[{"name":"wp","href":"https:\/\/api.w.org\/{rel}","templated":true}]}}