{"id":16800,"date":"2023-11-23T15:31:39","date_gmt":"2023-11-23T15:31:39","guid":{"rendered":"https:\/\/mariswiss.com\/?post_type=product&#038;p=16800"},"modified":"2026-02-24T09:42:14","modified_gmt":"2026-02-24T09:42:14","slug":"hash-marocain-hhcpo","status":"publish","type":"product","link":"https:\/\/mariswiss.com\/fi\/product\/hash-marocain-hhcpo\/","title":{"rendered":"Marokkolainen hash - sis\u00e4tiloissa"},"content":{"rendered":"","protected":false},"excerpt":{"rendered":"<p><strong>MAROKKOLAINEN HASIS - SIS\u00c4TILOISSA<\/strong><\/p>\n<p>L\u00f6yd\u00e4 tai l\u00f6yd\u00e4 uudelleen <strong>Marokkolainen hasis<\/strong>Aivan kuin ennen vanhaan! T\u00e4m\u00e4 klassikko on palannut takaisin voimalla, sen autenttisilla mauilla ja taatulla vaikutuksella.<\/p>\n<ul>\n<li>Alkuper\u00e4: Valmistetaan huolella Sveitsin Valais'n vieh\u00e4tt\u00e4v\u00e4ss\u00e4 kantonissa sis\u00e4tiloissa kasvatetuista kukista.<\/li>\n<li>Ulkon\u00e4k\u00f6: Syv\u00e4nmusta hartsi, jonka koostumus on herkullisen pehme\u00e4 ja kermainen, ja joka tarjoaa vertaansa vailla olevan helppok\u00e4ytt\u00f6isyyden.<\/li>\n<li>Tuoksu\/tuoksu: Kuten kaikessa hyv\u00e4ss\u00e4 hasiksessa, siin\u00e4 on erottuva maanl\u00e4heinen tuoksu. Maistettaessa sen makea maku t\u00e4ydent\u00e4\u00e4 kokemusta ja antaa sille hienovaraisen ja miellytt\u00e4v\u00e4n lis\u00e4n.<\/li>\n<li>Vaikutukset: Huomattava 25%++ CBD:t\u00e4 antaa t\u00e4lle hartsille poikkeuksellisen tehon. Huippulaadukas tuote, joka vie sinut takaisin juurillesi unohtumattomaan rentouttavaan kokemukseen.<\/li>\n<\/ul>","protected":false},"featured_media":19548,"comment_status":"open","ping_status":"closed","template":"","meta":{"inline_featured_image":false},"product_cat":[15,352,357,360,362],"product_tag":[244,76],"class_list":{"0":"post-16800","1":"product","2":"type-product","3":"status-publish","4":"has-post-thumbnail","6":"product_brand-mari-swiss","7":"product_cat-uncategorized","8":"product_cat-cbd","9":"product_cat-resines-de-cbd","10":"product_cat-thcp","11":"product_cat-resines-de-thcp","12":"product_tag-hash","13":"product_tag-indoor","15":"first","16":"instock","17":"sale","18":"taxable","19":"shipping-taxable","20":"purchasable","21":"product-type-variable","22":"has-default-attributes"},"jetpack_sharing_enabled":true,"_links":{"self":[{"href":"https:\/\/mariswiss.com\/fi\/wp-json\/wp\/v2\/product\/16800","targetHints":{"allow":["GET"]}}],"collection":[{"href":"https:\/\/mariswiss.com\/fi\/wp-json\/wp\/v2\/product"}],"about":[{"href":"https:\/\/mariswiss.com\/fi\/wp-json\/wp\/v2\/types\/product"}],"replies":[{"embeddable":true,"href":"https:\/\/mariswiss.com\/fi\/wp-json\/wp\/v2\/comments?post=16800"}],"wp:featuredmedia":[{"embeddable":true,"href":"https:\/\/mariswiss.com\/fi\/wp-json\/wp\/v2\/media\/19548"}],"wp:attachment":[{"href":"https:\/\/mariswiss.com\/fi\/wp-json\/wp\/v2\/media?parent=16800"}],"wp:term":[{"taxonomy":"product_cat","embeddable":true,"href":"https:\/\/mariswiss.com\/fi\/wp-json\/wp\/v2\/product_cat?post=16800"},{"taxonomy":"product_tag","embeddable":true,"href":"https:\/\/mariswiss.com\/fi\/wp-json\/wp\/v2\/product_tag?post=16800"}],"curies":[{"name":"wp","href":"https:\/\/api.w.org\/{rel}","templated":true}]}}