{"id":16813,"date":"2023-11-23T15:37:30","date_gmt":"2023-11-23T15:37:30","guid":{"rendered":"https:\/\/mariswiss.com\/?post_type=product&#038;p=16813"},"modified":"2025-07-11T08:17:06","modified_gmt":"2025-07-11T08:17:06","slug":"nepali-hhcpo","status":"publish","type":"product","link":"https:\/\/mariswiss.com\/fi\/product\/nepali-hhcpo\/","title":{"rendered":"Nepali - sis\u00e4tiloissa"},"content":{"rendered":"","protected":false},"excerpt":{"rendered":"<ul>\n<li style=\"list-style-type: none;\"><span style=\"text-decoration: underline;\"><strong>NEPALI<\/strong><\/span>\n<ul>\n<li>Alkuper\u00e4: Valmistettu huolella Sveitsin Valais'n kantonissa sis\u00e4tiloissa kasvatetuista kukista.<\/li>\n<li>Ulkon\u00e4k\u00f6: T\u00e4m\u00e4 hartsi on v\u00e4rilt\u00e4\u00e4n syv\u00e4n mustaa ja rakenteeltaan pehme\u00e4\u00e4 ja t\u00e4ytel\u00e4ist\u00e4, joten sit\u00e4 on helppo k\u00e4ytt\u00e4\u00e4.<\/li>\n<li>Tuoksu \/ maku: T\u00e4ll\u00e4 tunnetulla hasiksella on ainutlaatuinen tuoksu, joka on sek\u00e4 pippurinen ett\u00e4 herkullinen. Poltettaessa t\u00e4m\u00e4 hieman pist\u00e4v\u00e4 hajuj\u00e4lki tulee esiin, mik\u00e4 lis\u00e4\u00e4 makuel\u00e4mykseen omaleimaisen vivahteen.<\/li>\n<li>Vaikutukset: Merkitt\u00e4v\u00e4 26% CBD+ -pitoisuus antaa t\u00e4lle hartsille huomattavan tehon.<\/li>\n<\/ul>\n<\/li>\n<\/ul>","protected":false},"featured_media":16820,"comment_status":"open","ping_status":"closed","template":"","meta":{"inline_featured_image":false},"product_cat":[362,360],"product_tag":[244,76],"class_list":{"0":"post-16813","1":"product","2":"type-product","3":"status-publish","4":"has-post-thumbnail","6":"product_brand-mari-swiss","7":"product_cat-resines-de-thcp","8":"product_cat-thcp","9":"product_tag-hash","10":"product_tag-indoor","12":"first","13":"outofstock","14":"sale","15":"taxable","16":"shipping-taxable","17":"purchasable","18":"product-type-variable","19":"has-default-attributes"},"jetpack_sharing_enabled":true,"_links":{"self":[{"href":"https:\/\/mariswiss.com\/fi\/wp-json\/wp\/v2\/product\/16813","targetHints":{"allow":["GET"]}}],"collection":[{"href":"https:\/\/mariswiss.com\/fi\/wp-json\/wp\/v2\/product"}],"about":[{"href":"https:\/\/mariswiss.com\/fi\/wp-json\/wp\/v2\/types\/product"}],"replies":[{"embeddable":true,"href":"https:\/\/mariswiss.com\/fi\/wp-json\/wp\/v2\/comments?post=16813"}],"wp:featuredmedia":[{"embeddable":true,"href":"https:\/\/mariswiss.com\/fi\/wp-json\/wp\/v2\/media\/16820"}],"wp:attachment":[{"href":"https:\/\/mariswiss.com\/fi\/wp-json\/wp\/v2\/media?parent=16813"}],"wp:term":[{"taxonomy":"product_cat","embeddable":true,"href":"https:\/\/mariswiss.com\/fi\/wp-json\/wp\/v2\/product_cat?post=16813"},{"taxonomy":"product_tag","embeddable":true,"href":"https:\/\/mariswiss.com\/fi\/wp-json\/wp\/v2\/product_tag?post=16813"}],"curies":[{"name":"wp","href":"https:\/\/api.w.org\/{rel}","templated":true}]}}