{"id":17380,"date":"2024-02-01T16:15:57","date_gmt":"2024-02-01T16:15:57","guid":{"rendered":"https:\/\/mariswiss.com\/?post_type=product&#038;p=17380"},"modified":"2026-04-17T09:04:06","modified_gmt":"2026-04-17T09:04:06","slug":"frosty-cake-cbd","status":"publish","type":"product","link":"https:\/\/mariswiss.com\/fi\/product\/frosty-cake-cbd\/","title":{"rendered":"J\u00e4\u00e4t\u00e4v\u00e4 CBD-kakku"},"content":{"rendered":"<p><span style=\"text-decoration: underline;\"><strong>HUURTEINEN KAKKU CBD<\/strong><\/span><\/p>\n<p>Frosty Cake CBD on uusin lis\u00e4ys CBD-luetteloomme. Se on kryo-tyyppinen kukka, joten se on hyvin kirkas ja leimahtava, ja se on eritt\u00e4in suurten ruohonp\u00e4iden muodossa.<\/p>\n<p>Se miellytt\u00e4\u00e4 varmasti, sill\u00e4 se muistuttaa sinua luonnollisesta, puumaisesta kukasta.<\/p>\n<p>Pakko hyv\u00e4n CBD-tuotteen tuntijoille.<\/p>","protected":false},"excerpt":{"rendered":"<p><span style=\"text-decoration: underline;\"><strong>HUURTEINEN KAKKU CBD<\/strong><\/span><\/p>\n<ul>\n<li>Alkuper\u00e4: Frosty Cake CBD on upea kukka, jota kasvatetaan kasvihuoneissa ranskankielisess\u00e4 Sveitsiss\u00e4. Se on eritt\u00e4in vaaleanvihre\u00e4, mik\u00e4 johtuu sen puolihydroponisesta viljelyst\u00e4.<\/li>\n<li>Ulkon\u00e4k\u00f6: Eritt\u00e4in suuret, p\u00f6rr\u00f6iset silmut, jotka on helppo murentaa.<\/li>\n<li>Tuoksu \/ Maku: Kukka, jolla on hyvin luonnollinen, puumainen tuoksu. Se vetoaa valtavasti hyvin kukkaisten ja maanl\u00e4heisten kukkien yst\u00e4viin.<\/li>\n<li>CBD-pitoisuus: 13% CBD:t\u00e4 t\u00e4ss\u00e4 eritt\u00e4in korkealaatuisessa kasvihuonekukassa.<\/li>\n<\/ul>","protected":false},"featured_media":20086,"comment_status":"open","ping_status":"closed","template":"","meta":{"inline_featured_image":false},"product_cat":[352,353,355],"product_tag":[220,227],"class_list":{"0":"post-17380","1":"product","2":"type-product","3":"status-publish","4":"has-post-thumbnail","6":"product_brand-mari-swiss","7":"product_cat-cbd","8":"product_cat-fleurs-de-cbd","9":"product_cat-greenhouse","10":"product_tag-fleurs-cbd","11":"product_tag-greenhouse","13":"first","14":"instock","15":"sale","16":"taxable","17":"shipping-taxable","18":"purchasable","19":"product-type-variable","20":"has-default-attributes"},"jetpack_sharing_enabled":true,"_links":{"self":[{"href":"https:\/\/mariswiss.com\/fi\/wp-json\/wp\/v2\/product\/17380","targetHints":{"allow":["GET"]}}],"collection":[{"href":"https:\/\/mariswiss.com\/fi\/wp-json\/wp\/v2\/product"}],"about":[{"href":"https:\/\/mariswiss.com\/fi\/wp-json\/wp\/v2\/types\/product"}],"replies":[{"embeddable":true,"href":"https:\/\/mariswiss.com\/fi\/wp-json\/wp\/v2\/comments?post=17380"}],"wp:featuredmedia":[{"embeddable":true,"href":"https:\/\/mariswiss.com\/fi\/wp-json\/wp\/v2\/media\/20086"}],"wp:attachment":[{"href":"https:\/\/mariswiss.com\/fi\/wp-json\/wp\/v2\/media?parent=17380"}],"wp:term":[{"taxonomy":"product_cat","embeddable":true,"href":"https:\/\/mariswiss.com\/fi\/wp-json\/wp\/v2\/product_cat?post=17380"},{"taxonomy":"product_tag","embeddable":true,"href":"https:\/\/mariswiss.com\/fi\/wp-json\/wp\/v2\/product_tag?post=17380"}],"curies":[{"name":"wp","href":"https:\/\/api.w.org\/{rel}","templated":true}]}}