{"id":17527,"date":"2024-03-15T07:48:55","date_gmt":"2024-03-15T07:48:55","guid":{"rendered":"https:\/\/mariswiss.com\/?post_type=product&#038;p=17527"},"modified":"2025-07-11T08:17:02","modified_gmt":"2025-07-11T08:17:02","slug":"swiss-cream-hash-thcp","status":"publish","type":"product","link":"https:\/\/mariswiss.com\/fi\/product\/swiss-cream-hash-thcp\/","title":{"rendered":"Sveitsil\u00e4inen kermaviili - sis\u00e4tiloissa"},"content":{"rendered":"","protected":false},"excerpt":{"rendered":"<p><span style=\"text-decoration: underline;\"><strong>SVEITSIL\u00c4INEN KERMAVIILI SIS\u00c4TILOISSA<\/strong><\/span><\/p>\n<p>Tutustu uuteen Swiss Cream Hashiin, joka on poikkeuksellinen hartsi, jossa yhdistyv\u00e4t makeus ja runsas aromi.<\/p>\n<ul>\n<li class=\"lead\">Alkuper\u00e4: Valmistettu Sveitsiss\u00e4 Valais'n kantonissa.<\/li>\n<li class=\"lead\">Ulkon\u00e4k\u00f6: Pehme\u00e4n ja \u00f6ljym\u00e4isen rakenteensa ansiosta sit\u00e4 on helppo k\u00e4sitell\u00e4 ja nauttia, ja se kutsuu sinut ainutlaatuiselle aistimismatkalle heti ensimm\u00e4isest\u00e4 kosketuksesta l\u00e4htien.<\/li>\n<li class=\"lead\">Tuoksu \/ maku: Tuoksu her\u00e4tt\u00e4\u00e4 muistoja perinteist\u00e4 hasista muistuttavalla nostalgisella tuoksullaan, kun taas sen vahvat terpeenit tuottavat vertaansa vailla olevaa tehoa, jota viimeistelyss\u00e4 on hienostunut pippurinen vivahde.<\/li>\n<li class=\"lead\">Vaikutukset: 22% CBD+:lla rikastettu Swiss Cream Hash lupaa syv\u00e4\u00e4 rentoutumista, ihanteellinen rauhoittavaan iltaan. Sen rauhoittava ja lohduttava vaikutus on t\u00e4ydellisesti tasapainossa optimaalisen hyvinvoinnin saavuttamiseksi. T\u00e4m\u00e4 hasis on laadun ruumiillistuma, joka on suunniteltu miellytt\u00e4m\u00e4\u00e4n tuntijoita, jotka etsiv\u00e4t aitoa hartsia, jossa kaikuvat ajattomat maut.<\/li>\n<li style=\"list-style-type: none;\"><\/li>\n<\/ul>","protected":false},"featured_media":17534,"comment_status":"open","ping_status":"closed","template":"","meta":{"inline_featured_image":false},"product_cat":[362,360],"product_tag":[244,76],"class_list":{"0":"post-17527","1":"product","2":"type-product","3":"status-publish","4":"has-post-thumbnail","6":"product_brand-mari-swiss","7":"product_cat-resines-de-thcp","8":"product_cat-thcp","9":"product_tag-hash","10":"product_tag-indoor","12":"first","13":"outofstock","14":"sale","15":"taxable","16":"shipping-taxable","17":"purchasable","18":"product-type-variable","19":"has-default-attributes"},"jetpack_sharing_enabled":true,"_links":{"self":[{"href":"https:\/\/mariswiss.com\/fi\/wp-json\/wp\/v2\/product\/17527","targetHints":{"allow":["GET"]}}],"collection":[{"href":"https:\/\/mariswiss.com\/fi\/wp-json\/wp\/v2\/product"}],"about":[{"href":"https:\/\/mariswiss.com\/fi\/wp-json\/wp\/v2\/types\/product"}],"replies":[{"embeddable":true,"href":"https:\/\/mariswiss.com\/fi\/wp-json\/wp\/v2\/comments?post=17527"}],"wp:featuredmedia":[{"embeddable":true,"href":"https:\/\/mariswiss.com\/fi\/wp-json\/wp\/v2\/media\/17534"}],"wp:attachment":[{"href":"https:\/\/mariswiss.com\/fi\/wp-json\/wp\/v2\/media?parent=17527"}],"wp:term":[{"taxonomy":"product_cat","embeddable":true,"href":"https:\/\/mariswiss.com\/fi\/wp-json\/wp\/v2\/product_cat?post=17527"},{"taxonomy":"product_tag","embeddable":true,"href":"https:\/\/mariswiss.com\/fi\/wp-json\/wp\/v2\/product_tag?post=17527"}],"curies":[{"name":"wp","href":"https:\/\/api.w.org\/{rel}","templated":true}]}}