{"id":17535,"date":"2024-03-15T08:16:58","date_gmt":"2024-03-15T08:16:58","guid":{"rendered":"https:\/\/mariswiss.com\/?post_type=product&#038;p=17535"},"modified":"2026-04-17T09:04:05","modified_gmt":"2026-04-17T09:04:05","slug":"kushberry-thcp","status":"publish","type":"product","link":"https:\/\/mariswiss.com\/fi\/product\/kushberry-thcp\/","title":{"rendered":"Kushberry - Kasvihuone"},"content":{"rendered":"","protected":false},"excerpt":{"rendered":"<p><strong>Kushberry THCP - Kasvihuone<\/strong><\/p>\n<p>Tutustu KushBerry Greenhouseen, THCP-mallistomme uusimpaan tulokkaaseen, jossa jokainen majesteettinen kukka on 1-3 cm:n kokoinen.<\/p>\n<ul>\n<li>Alkuper\u00e4: Viljelty Sveitsiss\u00e4 Vaudin alueella.<\/li>\n<li>Ulkon\u00e4k\u00f6: Lajike erottuu raikkaana ja kevyen\u00e4, ja sen ilmava rakenne korostaa sen tyypillisi\u00e4 oransseja s\u00e4vyj\u00e4.<\/li>\n<li>Tuoksu \/ maku: Poltettaessa se vapauttaa makean hedelm\u00e4isi\u00e4 aromeja, jotka ovat lajikkeen maineen mukaisia ja tarjoavat lumoavan aistikokemuksen.<\/li>\n<li>CBD-pitoisuus\/vaikutukset: KushBerry Greenhouse on rikastettu 18% CBD+:lla, ja se on vankka vaihtoehto. Sen tehoon liittyy syv\u00e4 rentoutuminen ja hieno makupaletti, joka lupaa moitteetonta nautintoa jokaisella k\u00e4ytt\u00f6kerralla.<\/li>\n<\/ul>","protected":false},"featured_media":17541,"comment_status":"open","ping_status":"closed","template":"","meta":{"inline_featured_image":false},"product_cat":[361],"product_tag":[227],"class_list":{"0":"post-17535","1":"product","2":"type-product","3":"status-publish","4":"has-post-thumbnail","6":"product_brand-mari-swiss","7":"product_cat-fleurs-de-thcp","8":"product_tag-greenhouse","10":"first","11":"outofstock","12":"sale","13":"taxable","14":"shipping-taxable","15":"purchasable","16":"product-type-variable"},"jetpack_sharing_enabled":true,"_links":{"self":[{"href":"https:\/\/mariswiss.com\/fi\/wp-json\/wp\/v2\/product\/17535","targetHints":{"allow":["GET"]}}],"collection":[{"href":"https:\/\/mariswiss.com\/fi\/wp-json\/wp\/v2\/product"}],"about":[{"href":"https:\/\/mariswiss.com\/fi\/wp-json\/wp\/v2\/types\/product"}],"replies":[{"embeddable":true,"href":"https:\/\/mariswiss.com\/fi\/wp-json\/wp\/v2\/comments?post=17535"}],"wp:featuredmedia":[{"embeddable":true,"href":"https:\/\/mariswiss.com\/fi\/wp-json\/wp\/v2\/media\/17541"}],"wp:attachment":[{"href":"https:\/\/mariswiss.com\/fi\/wp-json\/wp\/v2\/media?parent=17535"}],"wp:term":[{"taxonomy":"product_cat","embeddable":true,"href":"https:\/\/mariswiss.com\/fi\/wp-json\/wp\/v2\/product_cat?post=17535"},{"taxonomy":"product_tag","embeddable":true,"href":"https:\/\/mariswiss.com\/fi\/wp-json\/wp\/v2\/product_tag?post=17535"}],"curies":[{"name":"wp","href":"https:\/\/api.w.org\/{rel}","templated":true}]}}