{"id":17897,"date":"2024-04-10T12:54:48","date_gmt":"2024-04-10T12:54:48","guid":{"rendered":"https:\/\/mariswiss.com\/?post_type=product&#038;p=17897"},"modified":"2026-04-17T09:04:03","modified_gmt":"2026-04-17T09:04:03","slug":"voyageur-cbd-indoor","status":"publish","type":"product","link":"https:\/\/mariswiss.com\/fi\/product\/voyageur-cbd-indoor\/","title":{"rendered":"Voyageur CBD Indoor"},"content":{"rendered":"","protected":false},"excerpt":{"rendered":"<p><strong>Voyageur CBD Indoor<\/strong><\/p>\n<ul>\n<li>\n<div>Alkuper\u00e4: T\u00e4m\u00e4 lajike viljell\u00e4\u00e4n sis\u00e4tiloissa Sveitsin Freiburgin kantonissa, mik\u00e4 takaa poikkeuksellisen korkean laadun ja puhtauden.<\/div>\n<\/li>\n<li>\n<div>Ulkon\u00e4k\u00f6: Suuret, vaaleanvihre\u00e4t silmut, tiiviit ja runsaasti siitep\u00f6ly\u00e4 sis\u00e4lt\u00e4v\u00e4t, joten ne tuntuvat hieman tahmeilta.<\/div>\n<div><\/div>\n<\/li>\n<li>\n<div>Tuoksu \/ Maku: Tuoksu on mausteinen ja hieman hedelm\u00e4inen. Maistettaessa se j\u00e4tt\u00e4\u00e4 pehme\u00e4n, miellytt\u00e4v\u00e4n maun suuhun.<\/div>\n<\/li>\n<li>\n<div>CBD-pitoisuus \/ vaikutukset : CBD-pitoisuus on 25%, joten t\u00e4m\u00e4 kukka on suhteellisen voimakas ja takaa syv\u00e4n ja pitk\u00e4kestoisen rentoutumisen.<\/div>\n<\/li>\n<\/ul>","protected":false},"featured_media":17903,"comment_status":"open","ping_status":"closed","template":"","meta":{"inline_featured_image":false},"product_cat":[353,354],"product_tag":[220,76],"class_list":{"0":"post-17897","1":"product","2":"type-product","3":"status-publish","4":"has-post-thumbnail","6":"product_brand-mari-swiss","7":"product_cat-fleurs-de-cbd","8":"product_cat-indoor","9":"product_tag-fleurs-cbd","10":"product_tag-indoor","12":"first","13":"instock","14":"sale","15":"taxable","16":"shipping-taxable","17":"purchasable","18":"product-type-variable","19":"has-default-attributes"},"jetpack_sharing_enabled":true,"_links":{"self":[{"href":"https:\/\/mariswiss.com\/fi\/wp-json\/wp\/v2\/product\/17897","targetHints":{"allow":["GET"]}}],"collection":[{"href":"https:\/\/mariswiss.com\/fi\/wp-json\/wp\/v2\/product"}],"about":[{"href":"https:\/\/mariswiss.com\/fi\/wp-json\/wp\/v2\/types\/product"}],"replies":[{"embeddable":true,"href":"https:\/\/mariswiss.com\/fi\/wp-json\/wp\/v2\/comments?post=17897"}],"wp:featuredmedia":[{"embeddable":true,"href":"https:\/\/mariswiss.com\/fi\/wp-json\/wp\/v2\/media\/17903"}],"wp:attachment":[{"href":"https:\/\/mariswiss.com\/fi\/wp-json\/wp\/v2\/media?parent=17897"}],"wp:term":[{"taxonomy":"product_cat","embeddable":true,"href":"https:\/\/mariswiss.com\/fi\/wp-json\/wp\/v2\/product_cat?post=17897"},{"taxonomy":"product_tag","embeddable":true,"href":"https:\/\/mariswiss.com\/fi\/wp-json\/wp\/v2\/product_tag?post=17897"}],"curies":[{"name":"wp","href":"https:\/\/api.w.org\/{rel}","templated":true}]}}