{"id":18082,"date":"2024-05-03T09:48:37","date_gmt":"2024-05-03T09:48:37","guid":{"rendered":"https:\/\/mariswiss.com\/?post_type=product&#038;p=18082"},"modified":"2025-07-15T15:51:09","modified_gmt":"2025-07-15T15:51:09","slug":"swiss-premium-black-hash-bio-cbd","status":"publish","type":"product","link":"https:\/\/mariswiss.com\/fi\/product\/swiss-premium-black-hash-bio-cbd\/","title":{"rendered":"Swiss Premium Black Hash BIO CBD"},"content":{"rendered":"","protected":false},"excerpt":{"rendered":"<div style=\"text-align: left;\">\n<p><strong>Swiss Premium Black Hash ORGANIC<\/strong><\/p>\n<ul>\n<li>Alkuper\u00e4: Swiss Premium Black Hash BIO tuotetaan Bernin kantonissa Sveitsiss\u00e4, jossa korkealaatuiset kukat kasvatetaan sis\u00e4tiloissa luonnonmukaisen viljelyn periaatteiden mukaisesti.<\/li>\n<li>Ulkon\u00e4k\u00f6: T\u00e4m\u00e4 hartsi on tiivis ja hieman \u00f6ljyinen, joten sit\u00e4 on helppo k\u00e4sitell\u00e4 ja k\u00e4ytt\u00e4\u00e4 optimaalisesti.<\/li>\n<li>Tuoksu \/ Maku: T\u00e4m\u00e4 hasis tarjoaa voimakkaan aromikkaan makuel\u00e4myksen, joka ilahduttaa aitojen ja luonteeltaan erilaisten hartsien yst\u00e4vi\u00e4.<\/li>\n<li>CBD-pitoisuus \/ vaikutukset: Sis\u00e4lt\u00e4\u00e4 30% CBD:t\u00e4. Ensisijaisesti rentouttava, t\u00e4m\u00e4 hasis on ihanteellinen niille, jotka etsiv\u00e4t syv\u00e4\u00e4 rentoutumista, kiitos sen ominaisuuksien, jotka ovat per\u00e4isin korkealaatuisista orgaanisista kukista. Ehdoton valinta poikkeuksellista kokemusta etsiville tuntijoille.<\/li>\n<\/ul>\n<\/div>","protected":false},"featured_media":18055,"comment_status":"open","ping_status":"closed","template":"","meta":{"inline_featured_image":false},"product_cat":[352,357],"product_tag":[],"class_list":{"0":"post-18082","1":"product","2":"type-product","3":"status-publish","4":"has-post-thumbnail","6":"product_brand-mari-swiss","7":"product_cat-cbd","8":"product_cat-resines-de-cbd","10":"first","11":"instock","12":"sale","13":"taxable","14":"shipping-taxable","15":"purchasable","16":"product-type-variable"},"jetpack_sharing_enabled":true,"_links":{"self":[{"href":"https:\/\/mariswiss.com\/fi\/wp-json\/wp\/v2\/product\/18082","targetHints":{"allow":["GET"]}}],"collection":[{"href":"https:\/\/mariswiss.com\/fi\/wp-json\/wp\/v2\/product"}],"about":[{"href":"https:\/\/mariswiss.com\/fi\/wp-json\/wp\/v2\/types\/product"}],"replies":[{"embeddable":true,"href":"https:\/\/mariswiss.com\/fi\/wp-json\/wp\/v2\/comments?post=18082"}],"wp:featuredmedia":[{"embeddable":true,"href":"https:\/\/mariswiss.com\/fi\/wp-json\/wp\/v2\/media\/18055"}],"wp:attachment":[{"href":"https:\/\/mariswiss.com\/fi\/wp-json\/wp\/v2\/media?parent=18082"}],"wp:term":[{"taxonomy":"product_cat","embeddable":true,"href":"https:\/\/mariswiss.com\/fi\/wp-json\/wp\/v2\/product_cat?post=18082"},{"taxonomy":"product_tag","embeddable":true,"href":"https:\/\/mariswiss.com\/fi\/wp-json\/wp\/v2\/product_tag?post=18082"}],"curies":[{"name":"wp","href":"https:\/\/api.w.org\/{rel}","templated":true}]}}