{"id":18088,"date":"2024-05-03T09:49:49","date_gmt":"2024-05-03T09:49:49","guid":{"rendered":"https:\/\/mariswiss.com\/?post_type=product&#038;p=18088"},"modified":"2025-07-15T15:50:47","modified_gmt":"2025-07-15T15:50:47","slug":"swiss-premium-brown-hash-bio-cbd","status":"publish","type":"product","link":"https:\/\/mariswiss.com\/fi\/product\/swiss-premium-brown-hash-bio-cbd\/","title":{"rendered":"Swiss Premium Brown Hash BIO CBD"},"content":{"rendered":"","protected":false},"excerpt":{"rendered":"<div style=\"text-align: left;\">\n<p><strong>Swiss Premium Black Hash ORGANIC<\/strong><\/p>\n<ul>\n<li>Alkuper\u00e4: Swiss Premium Brown Hash BIO tuotetaan Bernin kantonissa Sveitsiss\u00e4, jossa korkealaatuiset kukat kasvatetaan sis\u00e4tiloissa luonnonmukaisen viljelyn periaatteiden mukaisesti.<\/li>\n<li>Ulkon\u00e4k\u00f6: Hieman tummanruskean v\u00e4rinen hartsi on puolipehme\u00e4\u00e4 ja eritt\u00e4in k\u00e4yt\u00e4nn\u00f6llist\u00e4 k\u00e4ytt\u00e4\u00e4. Se on sormiyst\u00e4v\u00e4llinen, joten se on ihanteellinen valinta helppoon ja puhtaaseen k\u00e4ytt\u00f6\u00f6n.<\/li>\n<li>Haju \/ maku: Miellytt\u00e4v\u00e4 maku. <span style=\"font-size: 14.4px;\">makea.<\/span><\/li>\n<li>CBD-pitoisuus \/ vaikutukset: Sis\u00e4lt\u00e4\u00e4 29% CBD:t\u00e4. Swiss Premium Brown Hash BIO, jonka CBD-pitoisuus on 27%, takaa syv\u00e4n rentoutumisen. Se on hartsi, joka sopii t\u00e4ydellisesti niille, jotka haluavat rentoutua nauttien samalla tuotteesta, jolla on omaleimainen maku.<\/li>\n<\/ul>\n<\/div>","protected":false},"featured_media":18054,"comment_status":"open","ping_status":"closed","template":"","meta":{"inline_featured_image":false},"product_cat":[352,357],"product_tag":[],"class_list":{"0":"post-18088","1":"product","2":"type-product","3":"status-publish","4":"has-post-thumbnail","6":"product_brand-mari-swiss","7":"product_cat-cbd","8":"product_cat-resines-de-cbd","10":"first","11":"instock","12":"sale","13":"taxable","14":"shipping-taxable","15":"purchasable","16":"product-type-variable"},"jetpack_sharing_enabled":true,"_links":{"self":[{"href":"https:\/\/mariswiss.com\/fi\/wp-json\/wp\/v2\/product\/18088","targetHints":{"allow":["GET"]}}],"collection":[{"href":"https:\/\/mariswiss.com\/fi\/wp-json\/wp\/v2\/product"}],"about":[{"href":"https:\/\/mariswiss.com\/fi\/wp-json\/wp\/v2\/types\/product"}],"replies":[{"embeddable":true,"href":"https:\/\/mariswiss.com\/fi\/wp-json\/wp\/v2\/comments?post=18088"}],"wp:featuredmedia":[{"embeddable":true,"href":"https:\/\/mariswiss.com\/fi\/wp-json\/wp\/v2\/media\/18054"}],"wp:attachment":[{"href":"https:\/\/mariswiss.com\/fi\/wp-json\/wp\/v2\/media?parent=18088"}],"wp:term":[{"taxonomy":"product_cat","embeddable":true,"href":"https:\/\/mariswiss.com\/fi\/wp-json\/wp\/v2\/product_cat?post=18088"},{"taxonomy":"product_tag","embeddable":true,"href":"https:\/\/mariswiss.com\/fi\/wp-json\/wp\/v2\/product_tag?post=18088"}],"curies":[{"name":"wp","href":"https:\/\/api.w.org\/{rel}","templated":true}]}}