{"id":18296,"date":"2024-05-27T14:17:18","date_gmt":"2024-05-27T14:17:18","guid":{"rendered":"https:\/\/mariswiss.com\/?post_type=product&#038;p=18296"},"modified":"2025-07-11T08:16:26","modified_gmt":"2025-07-11T08:16:26","slug":"ocb-bamboo-king-size-slim-papers-100-bamboo","status":"publish","type":"product","link":"https:\/\/mariswiss.com\/fi\/product\/ocb-bamboo-king-size-slim-papers-100-bamboo\/","title":{"rendered":"OCB BAMBU KING SIZE SLIM PAPERIT - 100% BAMBU - 100% BAMBU"},"content":{"rendered":"","protected":false},"excerpt":{"rendered":"<h2>OCB BAMBU KING SIZE SLIM PAPERIT<\/h2>\n<p>T\u00e4ss\u00e4 OCB esittelee 100 % bambusta valmistetut savukkeenlehdet!<\/p>\n<p>Bambu on nopeasti uusiutuva raaka-aine, ja siit\u00e4 valmistetulle paperille on my\u00f6s ominaista sen joustavuus ja repeytymiskest\u00e4vyys. Jokainen vihkonen sis\u00e4lt\u00e4\u00e4 32 arkkia valkaisematonta, eritt\u00e4in hienoa ja tasaisesti palavaa bambupaperia. T\u00e4m\u00e4 tuote on vegaaninen ja valmistettu Ranskassa.<\/p>\n<p>P\u00e4hkin\u00e4nkuoressa:<\/p>\n<ul>\n<li>Arkin koko: 44 x 109 mm<\/li>\n<li>Valkaisematon ja v\u00e4riaineeton<\/li>\n<li>32 arkkia per vihko<\/li>\n<li>50 vihkoa laatikossa<\/li>\n<\/ul>","protected":false},"featured_media":18297,"comment_status":"open","ping_status":"closed","template":"","meta":{"inline_featured_image":false},"product_cat":[366,369],"product_tag":[217],"class_list":{"0":"post-18296","1":"product","2":"type-product","3":"status-publish","4":"has-post-thumbnail","6":"product_brand-ocb","7":"product_cat-accessoires","8":"product_cat-feuilles-a-rouler","9":"product_tag-feuilles","11":"first","12":"instock","13":"taxable","14":"shipping-taxable","15":"purchasable","16":"product-type-simple"},"jetpack_sharing_enabled":true,"_links":{"self":[{"href":"https:\/\/mariswiss.com\/fi\/wp-json\/wp\/v2\/product\/18296","targetHints":{"allow":["GET"]}}],"collection":[{"href":"https:\/\/mariswiss.com\/fi\/wp-json\/wp\/v2\/product"}],"about":[{"href":"https:\/\/mariswiss.com\/fi\/wp-json\/wp\/v2\/types\/product"}],"replies":[{"embeddable":true,"href":"https:\/\/mariswiss.com\/fi\/wp-json\/wp\/v2\/comments?post=18296"}],"wp:featuredmedia":[{"embeddable":true,"href":"https:\/\/mariswiss.com\/fi\/wp-json\/wp\/v2\/media\/18297"}],"wp:attachment":[{"href":"https:\/\/mariswiss.com\/fi\/wp-json\/wp\/v2\/media?parent=18296"}],"wp:term":[{"taxonomy":"product_cat","embeddable":true,"href":"https:\/\/mariswiss.com\/fi\/wp-json\/wp\/v2\/product_cat?post=18296"},{"taxonomy":"product_tag","embeddable":true,"href":"https:\/\/mariswiss.com\/fi\/wp-json\/wp\/v2\/product_tag?post=18296"}],"curies":[{"name":"wp","href":"https:\/\/api.w.org\/{rel}","templated":true}]}}