{"id":18378,"date":"2024-05-31T13:03:37","date_gmt":"2024-05-31T13:03:37","guid":{"rendered":"https:\/\/mariswiss.com\/?post_type=product&#038;p=18378"},"modified":"2025-11-05T05:20:33","modified_gmt":"2025-11-05T05:20:33","slug":"jamaican-dream-cbd-hybride","status":"publish","type":"product","link":"https:\/\/mariswiss.com\/fi\/product\/jamaican-dream-cbd-hybride\/","title":{"rendered":"Jamaican Dream CBD - Hybridi"},"content":{"rendered":"","protected":false},"excerpt":{"rendered":"<h2>Jamaican Dream CBD - Hybridi<\/h2>\n<ul>\n<li>Alkuper\u00e4: T\u00e4t\u00e4 lajiketta kasvatetaan kasvihuoneissa Sveitsin Valais'n kantonissa.<\/li>\n<li>Ulkon\u00e4k\u00f6: Se erottuu oransseista ja valkoisista trikomeista, tiiviist\u00e4 rakenteesta ja vaaleanvihre\u00e4st\u00e4 v\u00e4rist\u00e4.<\/li>\n<li>Tuoksu \/ maku: Yll\u00e4tt\u00e4v\u00e4n virkist\u00e4v\u00e4 trooppinen aromi.<\/li>\n<li>CBD-pitoisuus \/ vaikutukset: T\u00e4m\u00e4n kukan CBD-pitoisuus on 22%.<\/li>\n<\/ul>","protected":false},"featured_media":18371,"comment_status":"open","ping_status":"closed","template":"","meta":{"inline_featured_image":false},"product_cat":[353,352,355],"product_tag":[220,406,76],"class_list":{"0":"post-18378","1":"product","2":"type-product","3":"status-publish","4":"has-post-thumbnail","6":"product_brand-mari-swiss","7":"product_cat-fleurs-de-cbd","8":"product_cat-cbd","9":"product_cat-greenhouse","10":"product_tag-fleurs-cbd","11":"product_tag-hybride","12":"product_tag-indoor","14":"first","15":"outofstock","16":"sale","17":"taxable","18":"shipping-taxable","19":"purchasable","20":"product-type-variable"},"jetpack_sharing_enabled":true,"_links":{"self":[{"href":"https:\/\/mariswiss.com\/fi\/wp-json\/wp\/v2\/product\/18378","targetHints":{"allow":["GET"]}}],"collection":[{"href":"https:\/\/mariswiss.com\/fi\/wp-json\/wp\/v2\/product"}],"about":[{"href":"https:\/\/mariswiss.com\/fi\/wp-json\/wp\/v2\/types\/product"}],"replies":[{"embeddable":true,"href":"https:\/\/mariswiss.com\/fi\/wp-json\/wp\/v2\/comments?post=18378"}],"wp:featuredmedia":[{"embeddable":true,"href":"https:\/\/mariswiss.com\/fi\/wp-json\/wp\/v2\/media\/18371"}],"wp:attachment":[{"href":"https:\/\/mariswiss.com\/fi\/wp-json\/wp\/v2\/media?parent=18378"}],"wp:term":[{"taxonomy":"product_cat","embeddable":true,"href":"https:\/\/mariswiss.com\/fi\/wp-json\/wp\/v2\/product_cat?post=18378"},{"taxonomy":"product_tag","embeddable":true,"href":"https:\/\/mariswiss.com\/fi\/wp-json\/wp\/v2\/product_tag?post=18378"}],"curies":[{"name":"wp","href":"https:\/\/api.w.org\/{rel}","templated":true}]}}