{"id":18887,"date":"2024-07-23T18:10:56","date_gmt":"2024-07-23T18:10:56","guid":{"rendered":"https:\/\/mariswiss.com\/?post_type=product&#038;p=18887"},"modified":"2026-04-17T09:03:57","modified_gmt":"2026-04-17T09:03:57","slug":"cali-cheese-cbd-greenhouse","status":"publish","type":"product","link":"https:\/\/mariswiss.com\/fi\/product\/cali-cheese-cbd-greenhouse\/","title":{"rendered":"Cali Cheese CBD kasvihuone"},"content":{"rendered":"","protected":false},"excerpt":{"rendered":"<p><strong>Cali Cheese CBD kasvihuone<\/strong><\/p>\n<p><strong>Alkuper\u00e4<\/strong> T\u00e4m\u00e4 lajike on per\u00e4isin Bielin kasvihuoneesta, jossa viile\u00e4t olosuhteet, puhdas ja hyvin hoidettu maaper\u00e4 sek\u00e4 uuden sukupolven kasvihuoneet takaavat parhaan mahdollisen laadun.<\/p>\n<p><strong>Aspect<\/strong> Suuri kukka, jonka v\u00e4ri on hieman tummanvihre\u00e4.<\/p>\n<p><strong>Haju \/ maku<\/strong> Sen luonnollinen, omaleimainen maku tekee siit\u00e4 helposti tunnistettavan, ja se tarjoaa erinomaista vastinetta rahalle.<\/p>\n<p><strong>CBD:n taso \/ vaikutukset<\/strong> T\u00e4m\u00e4n kukan CBD-pitoisuus on 17%, ja se tarjoaa kohtalaisia rentouttavia vaikutuksia.<\/p>","protected":false},"featured_media":20085,"comment_status":"open","ping_status":"closed","template":"","meta":{"inline_featured_image":false},"product_cat":[353,352,355],"product_tag":[227],"class_list":{"0":"post-18887","1":"product","2":"type-product","3":"status-publish","4":"has-post-thumbnail","6":"product_brand-mari-swiss","7":"product_cat-fleurs-de-cbd","8":"product_cat-cbd","9":"product_cat-greenhouse","10":"product_tag-greenhouse","12":"first","13":"instock","14":"sale","15":"taxable","16":"shipping-taxable","17":"purchasable","18":"product-type-variable"},"jetpack_sharing_enabled":true,"_links":{"self":[{"href":"https:\/\/mariswiss.com\/fi\/wp-json\/wp\/v2\/product\/18887","targetHints":{"allow":["GET"]}}],"collection":[{"href":"https:\/\/mariswiss.com\/fi\/wp-json\/wp\/v2\/product"}],"about":[{"href":"https:\/\/mariswiss.com\/fi\/wp-json\/wp\/v2\/types\/product"}],"replies":[{"embeddable":true,"href":"https:\/\/mariswiss.com\/fi\/wp-json\/wp\/v2\/comments?post=18887"}],"wp:featuredmedia":[{"embeddable":true,"href":"https:\/\/mariswiss.com\/fi\/wp-json\/wp\/v2\/media\/20085"}],"wp:attachment":[{"href":"https:\/\/mariswiss.com\/fi\/wp-json\/wp\/v2\/media?parent=18887"}],"wp:term":[{"taxonomy":"product_cat","embeddable":true,"href":"https:\/\/mariswiss.com\/fi\/wp-json\/wp\/v2\/product_cat?post=18887"},{"taxonomy":"product_tag","embeddable":true,"href":"https:\/\/mariswiss.com\/fi\/wp-json\/wp\/v2\/product_tag?post=18887"}],"curies":[{"name":"wp","href":"https:\/\/api.w.org\/{rel}","templated":true}]}}