{"id":19297,"date":"2024-09-10T13:30:43","date_gmt":"2024-09-10T13:30:43","guid":{"rendered":"https:\/\/mariswiss.com\/?post_type=product&#038;p=19297"},"modified":"2025-12-05T15:00:02","modified_gmt":"2025-12-05T15:00:02","slug":"tropical-greenhouse-cbn","status":"publish","type":"product","link":"https:\/\/mariswiss.com\/fi\/product\/tropical-greenhouse-cbn\/","title":{"rendered":"Tropical Greenhouse CBN"},"content":{"rendered":"","protected":false},"excerpt":{"rendered":"<p><strong>Tropical Greenhouse CBN<\/strong><\/p>\n<p><strong>Alkuper\u00e4<\/strong> T\u00e4t\u00e4 lajiketta kasvatetaan sveitsil\u00e4isiss\u00e4 kasvihuoneissa, joten l\u00e4mp\u00f6tila on hieman viile\u00e4mpi, koska se on hieman korkeammalla. Sit\u00e4 tuottavat intohimoiset viljelij\u00e4t Sveitsin vuoristoalueilla.<\/p>\n<p><strong>Aspect<\/strong> Kevyet, suuret, pompulinmuotoiset nuput. Hieman lehtim\u00e4isempi ja ilmavampi kuin sis\u00e4kasvi, mik\u00e4 antaa sille sen vieh\u00e4tyksen.<\/p>\n<p><strong style=\"font-size: 14.4px;\">Haju \/ maku<\/strong><span style=\"font-size: 14.4px;\"> Lajike on l\u00e4heist\u00e4 sukua Hawaiian Haze -lajikkeelle, ja se on hyvin hedelm\u00e4inen (mangon ja eksoottisten hedelmien s\u00e4vyj\u00e4) ja kukkainen. HSD (CBN-isolaatti, CBC ja voimakas luonnollinen laillinen siitep\u00f6ly) pirist\u00e4\u00e4 ja tekee t\u00e4st\u00e4 kukasta voimakkaan.<\/span><\/p>\n<p><strong>CBD-tasot ja vaikutukset<\/strong> : Cette fleur affiche un taux de CBD de 16%, et 10% de CBN.<\/p>","protected":false},"featured_media":19303,"comment_status":"open","ping_status":"closed","template":"","meta":{"inline_featured_image":false},"product_cat":[360,361],"product_tag":[227,482],"class_list":{"0":"post-19297","1":"product","2":"type-product","3":"status-publish","4":"has-post-thumbnail","6":"product_cat-thcp","7":"product_cat-fleurs-de-thcp","8":"product_tag-greenhouse","9":"product_tag-hsd","11":"first","12":"outofstock","13":"sale","14":"taxable","15":"shipping-taxable","16":"purchasable","17":"product-type-variable"},"jetpack_sharing_enabled":true,"_links":{"self":[{"href":"https:\/\/mariswiss.com\/fi\/wp-json\/wp\/v2\/product\/19297","targetHints":{"allow":["GET"]}}],"collection":[{"href":"https:\/\/mariswiss.com\/fi\/wp-json\/wp\/v2\/product"}],"about":[{"href":"https:\/\/mariswiss.com\/fi\/wp-json\/wp\/v2\/types\/product"}],"replies":[{"embeddable":true,"href":"https:\/\/mariswiss.com\/fi\/wp-json\/wp\/v2\/comments?post=19297"}],"wp:featuredmedia":[{"embeddable":true,"href":"https:\/\/mariswiss.com\/fi\/wp-json\/wp\/v2\/media\/19303"}],"wp:attachment":[{"href":"https:\/\/mariswiss.com\/fi\/wp-json\/wp\/v2\/media?parent=19297"}],"wp:term":[{"taxonomy":"product_cat","embeddable":true,"href":"https:\/\/mariswiss.com\/fi\/wp-json\/wp\/v2\/product_cat?post=19297"},{"taxonomy":"product_tag","embeddable":true,"href":"https:\/\/mariswiss.com\/fi\/wp-json\/wp\/v2\/product_tag?post=19297"}],"curies":[{"name":"wp","href":"https:\/\/api.w.org\/{rel}","templated":true}]}}