{"id":19657,"date":"2024-11-05T16:23:55","date_gmt":"2024-11-05T16:23:55","guid":{"rendered":"https:\/\/mariswiss.com\/?post_type=product&#038;p=19657"},"modified":"2025-10-28T09:50:05","modified_gmt":"2025-10-28T09:50:05","slug":"hash-bekaa-rouge","status":"publish","type":"product","link":"https:\/\/mariswiss.com\/fi\/product\/hash-bekaa-rouge\/","title":{"rendered":"Hash Bekaa Red"},"content":{"rendered":"","protected":false},"excerpt":{"rendered":"<p><strong>Hash Bekaa Red<\/strong><\/p>\n<ul>\n<li>Alkuper\u00e4: T\u00e4m\u00e4 tuote on valmistettu Sveitsiss\u00e4 kryogeenisesti pakastetuista Purple-kukista, jotka antavat tuotteelle sen upean, erottuvan violetin v\u00e4rin. Se on kylm\u00e4puristettu, mik\u00e4 tuo esiin sen eloisat v\u00e4rit.<\/li>\n<li>Ulkon\u00e4k\u00f6: Pehme\u00e4, pureskeltava hartsi, joka on eritt\u00e4in helppo murentaa. Ei tarvitse juuri lainkaan l\u00e4mp\u00f6\u00e4 tai tulta.<\/li>\n<li>Tuoksu \/ Maku: Makeat, erottuvat muistiinpanot, mik\u00e4 tekee pihkasta maukkaan sek\u00e4 valmistettaessa ett\u00e4 nautittaessa.<\/li>\n<li>CBD-pitoisuus \/ Vaikutukset: T\u00e4m\u00e4 on rentouttava hasis, joka sis\u00e4lt\u00e4\u00e4 25% CBD:t\u00e4.<\/li>\n<\/ul>\n<ul>\n<li style=\"list-style-type: none;\"><\/li>\n<\/ul>","protected":false},"featured_media":19686,"comment_status":"open","ping_status":"closed","template":"","meta":{"inline_featured_image":false},"product_cat":[352,357],"product_tag":[244,76],"class_list":{"0":"post-19657","1":"product","2":"type-product","3":"status-publish","4":"has-post-thumbnail","6":"product_brand-mari-swiss","7":"product_cat-cbd","8":"product_cat-resines-de-cbd","9":"product_tag-hash","10":"product_tag-indoor","12":"first","13":"instock","14":"sale","15":"taxable","16":"shipping-taxable","17":"purchasable","18":"product-type-variable","19":"has-default-attributes"},"jetpack_sharing_enabled":true,"_links":{"self":[{"href":"https:\/\/mariswiss.com\/fi\/wp-json\/wp\/v2\/product\/19657","targetHints":{"allow":["GET"]}}],"collection":[{"href":"https:\/\/mariswiss.com\/fi\/wp-json\/wp\/v2\/product"}],"about":[{"href":"https:\/\/mariswiss.com\/fi\/wp-json\/wp\/v2\/types\/product"}],"replies":[{"embeddable":true,"href":"https:\/\/mariswiss.com\/fi\/wp-json\/wp\/v2\/comments?post=19657"}],"wp:featuredmedia":[{"embeddable":true,"href":"https:\/\/mariswiss.com\/fi\/wp-json\/wp\/v2\/media\/19686"}],"wp:attachment":[{"href":"https:\/\/mariswiss.com\/fi\/wp-json\/wp\/v2\/media?parent=19657"}],"wp:term":[{"taxonomy":"product_cat","embeddable":true,"href":"https:\/\/mariswiss.com\/fi\/wp-json\/wp\/v2\/product_cat?post=19657"},{"taxonomy":"product_tag","embeddable":true,"href":"https:\/\/mariswiss.com\/fi\/wp-json\/wp\/v2\/product_tag?post=19657"}],"curies":[{"name":"wp","href":"https:\/\/api.w.org\/{rel}","templated":true}]}}