{"id":19907,"date":"2025-01-17T15:31:25","date_gmt":"2025-01-17T15:31:25","guid":{"rendered":"https:\/\/mariswiss.com\/?post_type=product&#038;p=19907"},"modified":"2026-04-07T06:35:28","modified_gmt":"2026-04-07T06:35:28","slug":"blue-dream-indoor-thv","status":"publish","type":"product","link":"https:\/\/mariswiss.com\/fi\/product\/blue-dream-indoor-thv\/","title":{"rendered":"Blue Dream indoor THV"},"content":{"rendered":"","protected":false},"excerpt":{"rendered":"<p><strong>Blue Dream indoor THV<\/strong><\/p>\n<p><strong>Alkuper\u00e4<\/strong> :Cette fleur provient d&#8217;une culture hybride entre 2 vari\u00e9t\u00e9s, la purple haze et la OG. Cette g\u00e9n\u00e9tique est sp\u00e9ciale, et a \u00e9t\u00e9 cultiv\u00e9e en int\u00e9rieur, donc aux conditions parfaites.<\/p>\n<p><strong>Aspect<\/strong> : De grosses buds aux couleurs fonc\u00e9es. Plut\u00f4t humides (d\u00fb \u00e0 l&#8217;infusion dans le distillat THV).<\/p>\n<p><strong style=\"font-size: 14.4px;\">Haju \/ maku<\/strong><span style=\"font-size: 14.4px;\"> : Son c\u00f4t\u00e9 Purple Haze ressort bien, elle est floralement puissante et l\u00e9g\u00e8rement bois\u00e9e. Le distillat THV la rend forte et euphorisante.<\/span><\/p>\n<p><strong>CBD-tasot ja vaikutukset<\/strong> : Cette fleur affiche un taux de CBD de 16%, et 10% de THV. C&#8217;est donc une fleur puissante.<\/p>","protected":false},"featured_media":19915,"comment_status":"open","ping_status":"closed","template":"","meta":{"inline_featured_image":false},"product_cat":[360,361],"product_tag":[227,482],"class_list":{"0":"post-19907","1":"product","2":"type-product","3":"status-publish","4":"has-post-thumbnail","6":"product_cat-thcp","7":"product_cat-fleurs-de-thcp","8":"product_tag-greenhouse","9":"product_tag-hsd","11":"first","12":"instock","13":"sale","14":"taxable","15":"shipping-taxable","16":"purchasable","17":"product-type-variable"},"jetpack_sharing_enabled":true,"_links":{"self":[{"href":"https:\/\/mariswiss.com\/fi\/wp-json\/wp\/v2\/product\/19907","targetHints":{"allow":["GET"]}}],"collection":[{"href":"https:\/\/mariswiss.com\/fi\/wp-json\/wp\/v2\/product"}],"about":[{"href":"https:\/\/mariswiss.com\/fi\/wp-json\/wp\/v2\/types\/product"}],"replies":[{"embeddable":true,"href":"https:\/\/mariswiss.com\/fi\/wp-json\/wp\/v2\/comments?post=19907"}],"wp:featuredmedia":[{"embeddable":true,"href":"https:\/\/mariswiss.com\/fi\/wp-json\/wp\/v2\/media\/19915"}],"wp:attachment":[{"href":"https:\/\/mariswiss.com\/fi\/wp-json\/wp\/v2\/media?parent=19907"}],"wp:term":[{"taxonomy":"product_cat","embeddable":true,"href":"https:\/\/mariswiss.com\/fi\/wp-json\/wp\/v2\/product_cat?post=19907"},{"taxonomy":"product_tag","embeddable":true,"href":"https:\/\/mariswiss.com\/fi\/wp-json\/wp\/v2\/product_tag?post=19907"}],"curies":[{"name":"wp","href":"https:\/\/api.w.org\/{rel}","templated":true}]}}