{"id":20277,"date":"2025-05-20T10:21:51","date_gmt":"2025-05-20T10:21:51","guid":{"rendered":"https:\/\/mariswiss.com\/?post_type=product&#038;p=20277"},"modified":"2026-02-23T20:10:22","modified_gmt":"2026-02-23T20:10:22","slug":"rif-hash-premium-cbd","status":"publish","type":"product","link":"https:\/\/mariswiss.com\/fi\/product\/rif-hash-premium-cbd\/","title":{"rendered":"Rif Hash Premium CBD"},"content":{"rendered":"<p>Nouveau hash CBD, de top qualit\u00e9, tout droit du venant du Maroc.<\/p>\n<p>Le Rif Hash Premium CBD est un hash puissant, tr\u00e8s odorant, mais tr\u00e8s doux \u00e0 la consommation. Pas besoin de le chauffer, il est \u00e0 la fois compact et relativement mou lors de l&#8217;utilisation<\/p>\n<p>Si vous aimez les r\u00e9sines fortes, florales et faciles d&#8217;utilisation, ce hash est fait pour vous !<\/p>","protected":false},"excerpt":{"rendered":"<p><strong>Rif Hash Premium CBD<\/strong><\/p>\n<ul>\n<li>Origine: Ce produit provient directement des montagnes du Rif au Maroc. Base de fleurs tamis\u00e9es a 160 microns, ce qui assure une qualit\u00e9 de produit exceptionnelle.<\/li>\n<li>Aspect: Ce hash est plut\u00f4t clair, tr\u00e8s moelleux mais compact \u00e0 la fois. Tr\u00e8s simple a utiliser (pas besoin de flamme).<\/li>\n<li>Odeur \/ Go\u00fbt: le Rif Hash Premium CBD est un hash mondialement connu pour ses odeurs florales et puissantes, tr\u00e8s reconnaissables. Lors de la combustion, vous sentirez cette forte odeur \u00e9pic\u00e9e, et lors de la consommation, vous retrouvez toute la puissance de ses terp\u00e8nes.<\/li>\n<li>Taux de CBD \/ Effets : Contenant 32% de CBD, il garantit une excellente relaxation.<\/li>\n<\/ul>\n<ul>\n<li style=\"list-style-type: none;\"><\/li>\n<\/ul>","protected":false},"featured_media":20283,"comment_status":"open","ping_status":"closed","template":"","meta":{"inline_featured_image":false},"product_cat":[352,357,360],"product_tag":[244,76],"class_list":{"0":"post-20277","1":"product","2":"type-product","3":"status-publish","4":"has-post-thumbnail","6":"product_brand-mari-swiss","7":"product_cat-cbd","8":"product_cat-resines-de-cbd","9":"product_cat-thcp","10":"product_tag-hash","11":"product_tag-indoor","13":"first","14":"instock","15":"sale","16":"taxable","17":"shipping-taxable","18":"purchasable","19":"product-type-variable","20":"has-default-attributes"},"jetpack_sharing_enabled":true,"_links":{"self":[{"href":"https:\/\/mariswiss.com\/fi\/wp-json\/wp\/v2\/product\/20277","targetHints":{"allow":["GET"]}}],"collection":[{"href":"https:\/\/mariswiss.com\/fi\/wp-json\/wp\/v2\/product"}],"about":[{"href":"https:\/\/mariswiss.com\/fi\/wp-json\/wp\/v2\/types\/product"}],"replies":[{"embeddable":true,"href":"https:\/\/mariswiss.com\/fi\/wp-json\/wp\/v2\/comments?post=20277"}],"wp:featuredmedia":[{"embeddable":true,"href":"https:\/\/mariswiss.com\/fi\/wp-json\/wp\/v2\/media\/20283"}],"wp:attachment":[{"href":"https:\/\/mariswiss.com\/fi\/wp-json\/wp\/v2\/media?parent=20277"}],"wp:term":[{"taxonomy":"product_cat","embeddable":true,"href":"https:\/\/mariswiss.com\/fi\/wp-json\/wp\/v2\/product_cat?post=20277"},{"taxonomy":"product_tag","embeddable":true,"href":"https:\/\/mariswiss.com\/fi\/wp-json\/wp\/v2\/product_tag?post=20277"}],"curies":[{"name":"wp","href":"https:\/\/api.w.org\/{rel}","templated":true}]}}