{"id":8371,"date":"2023-10-13T12:27:19","date_gmt":"2023-10-13T12:27:19","guid":{"rendered":"https:\/\/mariswiss.com\/?post_type=product&#038;p=8371"},"modified":"2025-07-11T08:19:22","modified_gmt":"2025-07-11T08:19:22","slug":"raw-connoisseur-king-size-slim-filtres","status":"publish","type":"product","link":"https:\/\/mariswiss.com\/fi\/product\/raw-connoisseur-king-size-slim-filtres\/","title":{"rendered":"Raw Connoisseur King Size Slim + suodattimet"},"content":{"rendered":"<p>RAW King Size Slim + suodattimet. 2 olennaista elementti\u00e4 yhdistettyn\u00e4 yhteen pakkaukseen, joka helpottaa kulutustasi. Lakanat sis\u00e4lt\u00e4v\u00e4t valkaisemattomien kuitujen hybridisekoitusta (ei valkaistu kloorilla). Paperi on v\u00e4rilt\u00e4\u00e4n luonnollista l\u00e4pikuultavaa vaaleanruskeaa. RAW on niin ohutta, ett\u00e4 voit n\u00e4hd\u00e4 sen l\u00e4pi. Jokaisessa paperissa on patentoitu CrissCross-vesileima.<\/p>\n<p>Varmistaaksemme, ett\u00e4 saat parhaan mahdollisen makuel\u00e4myksen, myymme vain korkealaatuisia tuotteita, jotka ovat maailmalla tunnettuja hienosta rakenteestaan ja jotka on ennen kaikkea valmistettu ensiluokkaisista materiaaleista ja raaka-aineista.<\/p>\n<p>Hinnat ovat my\u00f6s eritt\u00e4in houkuttelevat t\u00e4m\u00e4ntyyppisille tuotteille, joten \u00e4l\u00e4 ep\u00e4r\u00f6i lis\u00e4t\u00e4 niit\u00e4 tilaukseesi!<\/p>","protected":false},"excerpt":{"rendered":"<p><strong>32 arkkia ja 32 suodatinta pakkauksessa<\/strong><\/p>\n<p>Raw Connoisseur King Size Slim -lakanat ja suodattimet yhdess\u00e4 pakkauksessa. RAW Connoisseur yhdist\u00e4\u00e4 kaksi kulutuksen kannalta olennaista elementti\u00e4 samaan malliin.<br \/>\nRAW-paperit sis\u00e4lt\u00e4v\u00e4t valkaisemattomien kuitujen hybridisekoitusta (ei kloorivalkaisua), ja paperi on v\u00e4rilt\u00e4\u00e4n luonnollisen l\u00e4pikuultavaa vaaleanruskeaa. RAW on niin ohutta, ett\u00e4 sen l\u00e4pi voi n\u00e4hd\u00e4. Jokaisessa paperissa on patentoitu CrissCross-vesileima. T\u00e4m\u00e4 erityinen vesileima est\u00e4\u00e4 l\u00e4pily\u00f6nnin ja s\u00e4ilytt\u00e4\u00e4 tasaisen palamisen ominaisuudet, joista olemme tunnettuja.<br \/>\nRAW-suodattimet on valmistettu 100%-kloorittomasta paperista.<\/p>","protected":false},"featured_media":8372,"comment_status":"open","ping_status":"closed","template":"","meta":{"inline_featured_image":false},"product_cat":[15,366,369],"product_tag":[217,218],"class_list":{"0":"post-8371","1":"product","2":"type-product","3":"status-publish","4":"has-post-thumbnail","6":"product_brand-raw","7":"product_cat-uncategorized","8":"product_cat-accessoires","9":"product_cat-feuilles-a-rouler","10":"product_tag-feuilles","11":"product_tag-filtres","13":"first","14":"outofstock","15":"taxable","16":"shipping-taxable","17":"purchasable","18":"product-type-simple"},"jetpack_sharing_enabled":true,"_links":{"self":[{"href":"https:\/\/mariswiss.com\/fi\/wp-json\/wp\/v2\/product\/8371","targetHints":{"allow":["GET"]}}],"collection":[{"href":"https:\/\/mariswiss.com\/fi\/wp-json\/wp\/v2\/product"}],"about":[{"href":"https:\/\/mariswiss.com\/fi\/wp-json\/wp\/v2\/types\/product"}],"replies":[{"embeddable":true,"href":"https:\/\/mariswiss.com\/fi\/wp-json\/wp\/v2\/comments?post=8371"}],"wp:featuredmedia":[{"embeddable":true,"href":"https:\/\/mariswiss.com\/fi\/wp-json\/wp\/v2\/media\/8372"}],"wp:attachment":[{"href":"https:\/\/mariswiss.com\/fi\/wp-json\/wp\/v2\/media?parent=8371"}],"wp:term":[{"taxonomy":"product_cat","embeddable":true,"href":"https:\/\/mariswiss.com\/fi\/wp-json\/wp\/v2\/product_cat?post=8371"},{"taxonomy":"product_tag","embeddable":true,"href":"https:\/\/mariswiss.com\/fi\/wp-json\/wp\/v2\/product_tag?post=8371"}],"curies":[{"name":"wp","href":"https:\/\/api.w.org\/{rel}","templated":true}]}}