{"id":8380,"date":"2023-10-13T12:27:19","date_gmt":"2023-10-13T12:27:19","guid":{"rendered":"https:\/\/mariswiss.com\/?post_type=product&#038;p=8380"},"modified":"2025-09-06T04:19:27","modified_gmt":"2025-09-06T04:19:27","slug":"raw-organic-king-size-slim-filtres","status":"publish","type":"product","link":"https:\/\/mariswiss.com\/fi\/product\/raw-organic-king-size-slim-filtres\/","title":{"rendered":"Raaka orgaaninen King Size Slim + suodattimet"},"content":{"rendered":"<p>RAW esittelee ensimm\u00e4iset t\u00e4ysin orgaaniset ja vegaaniset k\u00e4\u00e4rint\u00e4paperit. Valmistettu kest\u00e4vill\u00e4 ja ekologisilla menetelmill\u00e4.<\/p>\n<p>Paperi, joka palaa hell\u00e4varaisesti, takaa laadukkaan maun ja erinomaisen rentoutumisen.<\/p>\n<p>Varmistaaksemme, ett\u00e4 saat parhaan mahdollisen makuel\u00e4myksen, myymme vain korkealaatuisia tuotteita. Maailmanlaajuisesti tunnustettuja hienosta rakenteestaan ja ennen kaikkea ensiluokkaisista materiaaleista ja raaka-aineista valmistettuja.<\/p>\n<p>Hinnat ovat my\u00f6s eritt\u00e4in houkuttelevat t\u00e4m\u00e4ntyyppisille tuotteille, joten \u00e4l\u00e4 ep\u00e4r\u00f6i lis\u00e4t\u00e4 niit\u00e4 tilaukseesi!<\/p>","protected":false},"excerpt":{"rendered":"<p>RAW esittelee ensimm\u00e4iset t\u00e4ysin orgaaniset ja vegaaniset k\u00e4\u00e4rint\u00e4paperit. Valmistettu kest\u00e4vill\u00e4 ja ekologisilla menetelmill\u00e4. Paperi, joka palaa hell\u00e4varaisesti, varmistaakseen laadukkaan maun ja erinomaisen rentoutumisen.<\/p>","protected":false},"featured_media":8382,"comment_status":"open","ping_status":"closed","template":"","meta":{"inline_featured_image":false},"product_cat":[15,366,369],"product_tag":[217,218],"class_list":{"0":"post-8380","1":"product","2":"type-product","3":"status-publish","4":"has-post-thumbnail","6":"product_brand-raw","7":"product_cat-uncategorized","8":"product_cat-accessoires","9":"product_cat-feuilles-a-rouler","10":"product_tag-feuilles","11":"product_tag-filtres","13":"first","14":"instock","15":"taxable","16":"shipping-taxable","17":"purchasable","18":"product-type-simple"},"jetpack_sharing_enabled":true,"_links":{"self":[{"href":"https:\/\/mariswiss.com\/fi\/wp-json\/wp\/v2\/product\/8380","targetHints":{"allow":["GET"]}}],"collection":[{"href":"https:\/\/mariswiss.com\/fi\/wp-json\/wp\/v2\/product"}],"about":[{"href":"https:\/\/mariswiss.com\/fi\/wp-json\/wp\/v2\/types\/product"}],"replies":[{"embeddable":true,"href":"https:\/\/mariswiss.com\/fi\/wp-json\/wp\/v2\/comments?post=8380"}],"wp:featuredmedia":[{"embeddable":true,"href":"https:\/\/mariswiss.com\/fi\/wp-json\/wp\/v2\/media\/8382"}],"wp:attachment":[{"href":"https:\/\/mariswiss.com\/fi\/wp-json\/wp\/v2\/media?parent=8380"}],"wp:term":[{"taxonomy":"product_cat","embeddable":true,"href":"https:\/\/mariswiss.com\/fi\/wp-json\/wp\/v2\/product_cat?post=8380"},{"taxonomy":"product_tag","embeddable":true,"href":"https:\/\/mariswiss.com\/fi\/wp-json\/wp\/v2\/product_tag?post=8380"}],"curies":[{"name":"wp","href":"https:\/\/api.w.org\/{rel}","templated":true}]}}