{"id":8384,"date":"2023-10-13T12:27:19","date_gmt":"2023-10-13T12:27:19","guid":{"rendered":"https:\/\/mariswiss.com\/?post_type=product&#038;p=8384"},"modified":"2025-11-25T20:04:45","modified_gmt":"2025-11-25T20:04:45","slug":"raw-organic-king-size-slim","status":"publish","type":"product","link":"https:\/\/mariswiss.com\/fi\/product\/raw-organic-king-size-slim\/","title":{"rendered":"Raw Organic King Size Slim ( 32 arkkia \/ pakkaus )"},"content":{"rendered":"<p>RAW Organic -paperit on valmistettu valkaisemattomasta luonnon hampusta. Kasvatettu ja korjattu kest\u00e4vill\u00e4 menetelmill\u00e4. Jokainen paperi on merkitty ristinmuotoisella vesileimalla. T\u00e4m\u00e4 erityinen vesileima auttaa est\u00e4m\u00e4\u00e4n tippumista ja pit\u00e4\u00e4 polton mahdollisimman tasaisena!<\/p>\n<p>Ensiluokkaiset lehdet t\u00e4ydellisen maun takaamiseksi!<\/p>\n<p>Varmistaaksemme, ett\u00e4 saat parasta mahdollista vastinetta rahoillesi, myymme vain korkealaatuisia tuotteita, jotka ovat maailmanlaajuisesti tunnettuja hienosta rakenteestaan ja jotka on ennen kaikkea valmistettu ensiluokkaisista materiaaleista ja raaka-aineista.<\/p>\n<p>Hinnat ovat my\u00f6s eritt\u00e4in houkuttelevat t\u00e4m\u00e4ntyyppisille tuotteille, joten \u00e4l\u00e4 ep\u00e4r\u00f6i lis\u00e4t\u00e4 niit\u00e4 tilaukseesi!<\/p>","protected":false},"excerpt":{"rendered":"<p><strong>32 arkkia pakkauksessa<\/strong><\/p>\n<p>Raw Organic King Size Slim -paperit on valmistettu luonnollisesta, valkaisemattomasta hampusta, joka on kasvatettu ja korjattu kest\u00e4vin menetelmin. Jokainen paperi on merkitty ristinmuotoisella vesileimalla: t\u00e4m\u00e4 erityinen vesileima auttaa est\u00e4m\u00e4\u00e4n tippumista ja pit\u00e4\u00e4 palamisen mahdollisimman tasaisena!<\/p>\n<p>Ensiluokkaiset lehdet t\u00e4ydellisen maun takaamiseksi!<\/p>","protected":false},"featured_media":8385,"comment_status":"open","ping_status":"closed","template":"","meta":{"inline_featured_image":false},"product_cat":[15,366,369],"product_tag":[217,218],"class_list":{"0":"post-8384","1":"product","2":"type-product","3":"status-publish","4":"has-post-thumbnail","6":"product_brand-raw","7":"product_cat-uncategorized","8":"product_cat-accessoires","9":"product_cat-feuilles-a-rouler","10":"product_tag-feuilles","11":"product_tag-filtres","13":"first","14":"instock","15":"taxable","16":"shipping-taxable","17":"purchasable","18":"product-type-simple"},"jetpack_sharing_enabled":true,"_links":{"self":[{"href":"https:\/\/mariswiss.com\/fi\/wp-json\/wp\/v2\/product\/8384","targetHints":{"allow":["GET"]}}],"collection":[{"href":"https:\/\/mariswiss.com\/fi\/wp-json\/wp\/v2\/product"}],"about":[{"href":"https:\/\/mariswiss.com\/fi\/wp-json\/wp\/v2\/types\/product"}],"replies":[{"embeddable":true,"href":"https:\/\/mariswiss.com\/fi\/wp-json\/wp\/v2\/comments?post=8384"}],"wp:featuredmedia":[{"embeddable":true,"href":"https:\/\/mariswiss.com\/fi\/wp-json\/wp\/v2\/media\/8385"}],"wp:attachment":[{"href":"https:\/\/mariswiss.com\/fi\/wp-json\/wp\/v2\/media?parent=8384"}],"wp:term":[{"taxonomy":"product_cat","embeddable":true,"href":"https:\/\/mariswiss.com\/fi\/wp-json\/wp\/v2\/product_cat?post=8384"},{"taxonomy":"product_tag","embeddable":true,"href":"https:\/\/mariswiss.com\/fi\/wp-json\/wp\/v2\/product_tag?post=8384"}],"curies":[{"name":"wp","href":"https:\/\/api.w.org\/{rel}","templated":true}]}}