{"id":8460,"date":"2023-10-13T12:27:46","date_gmt":"2023-10-13T12:27:46","guid":{"rendered":"https:\/\/mariswiss.com\/?post_type=product&#038;p=8460"},"modified":"2025-07-11T08:19:22","modified_gmt":"2025-07-11T08:19:22","slug":"filtres-raw-wide-hemp-cotton-25mm","status":"publish","type":"product","link":"https:\/\/mariswiss.com\/fi\/product\/filtres-raw-wide-hemp-cotton-25mm\/","title":{"rendered":"Raaka leve\u00e4 hamppu puuvilla 25mm suodattimet"},"content":{"rendered":"<p>Raw on aina valmistanut erinomaisia papereita ilman kemikaaleja tai valkaisuaineita. Nyt he ovat lis\u00e4nneet rei'ityksi\u00e4 t\u00e4h\u00e4n ihanaan kykyyn!<br \/>\nRaaka rei'itetty k\u00e4rki tarkoittaa, ett\u00e4 sinulla ei ole en\u00e4\u00e4 tekosyyt\u00e4 k\u00e4\u00e4ri\u00e4 huonolaatuista savuketta. Rei'itykset voidaan taivuttaa niin, ett\u00e4 ne muodostavat kahvipannussa \"z\"-muodon. T\u00e4m\u00e4 lis\u00e4\u00e4 savun viilennyst\u00e4.<br \/>\nK\u00e4rjet ovat tavallista leve\u00e4mm\u00e4t, mik\u00e4 lis\u00e4\u00e4 j\u00e4\u00e4hdytyst\u00e4 entisest\u00e4\u00e4n ja tekee niist\u00e4 ihanteelliset eritt\u00e4in suurille savukkeille.<br \/>\nValmistettu luonnollisista hamppu- ja puuvillakuiduista.<\/p>\n<p>Varmistaaksemme, ett\u00e4 saat parhaan mahdollisen makuel\u00e4myksen, myymme vain korkealaatuisia tuotteita. Ne ovat maailmankuuluja rakenteeltaan, ja ennen kaikkea ne on valmistettu ensiluokkaisista materiaaleista ja raaka-aineista.<\/p>\n<p>Hinnat ovat my\u00f6s eritt\u00e4in houkuttelevat t\u00e4m\u00e4ntyyppisille tuotteille, joten \u00e4l\u00e4 ep\u00e4r\u00f6i lis\u00e4t\u00e4 niit\u00e4 tilaukseesi!<\/p>","protected":false},"excerpt":{"rendered":"<p>Eritt\u00e4in suuret raa'at nibsit<br \/>\nRei'itetty helppoa rullausta varten<br \/>\nKoko: 55x25mm<br \/>\n50 sulkakyn\u00e4\u00e4 per vihkonen<\/p>\n<p>Z-taitto entist\u00e4kin parempaa savun suodatusta varten<\/p>","protected":false},"featured_media":8461,"comment_status":"open","ping_status":"closed","template":"","meta":{"inline_featured_image":false},"product_cat":[15,366,368],"product_tag":[217,218],"class_list":{"0":"post-8460","1":"product","2":"type-product","3":"status-publish","4":"has-post-thumbnail","6":"product_brand-raw","7":"product_cat-uncategorized","8":"product_cat-accessoires","9":"product_cat-filtres","10":"product_tag-feuilles","11":"product_tag-filtres","13":"first","14":"instock","15":"taxable","16":"shipping-taxable","17":"purchasable","18":"product-type-simple"},"jetpack_sharing_enabled":true,"_links":{"self":[{"href":"https:\/\/mariswiss.com\/fi\/wp-json\/wp\/v2\/product\/8460","targetHints":{"allow":["GET"]}}],"collection":[{"href":"https:\/\/mariswiss.com\/fi\/wp-json\/wp\/v2\/product"}],"about":[{"href":"https:\/\/mariswiss.com\/fi\/wp-json\/wp\/v2\/types\/product"}],"replies":[{"embeddable":true,"href":"https:\/\/mariswiss.com\/fi\/wp-json\/wp\/v2\/comments?post=8460"}],"wp:featuredmedia":[{"embeddable":true,"href":"https:\/\/mariswiss.com\/fi\/wp-json\/wp\/v2\/media\/8461"}],"wp:attachment":[{"href":"https:\/\/mariswiss.com\/fi\/wp-json\/wp\/v2\/media?parent=8460"}],"wp:term":[{"taxonomy":"product_cat","embeddable":true,"href":"https:\/\/mariswiss.com\/fi\/wp-json\/wp\/v2\/product_cat?post=8460"},{"taxonomy":"product_tag","embeddable":true,"href":"https:\/\/mariswiss.com\/fi\/wp-json\/wp\/v2\/product_tag?post=8460"}],"curies":[{"name":"wp","href":"https:\/\/api.w.org\/{rel}","templated":true}]}}