{"id":8809,"date":"2023-10-13T12:28:18","date_gmt":"2023-10-13T12:28:18","guid":{"rendered":"https:\/\/mariswiss.com\/?post_type=product&#038;p=8809"},"modified":"2025-07-11T08:18:39","modified_gmt":"2025-07-11T08:18:39","slug":"blunt-wrap-double-platinum-silver-berries","status":"publish","type":"product","link":"https:\/\/mariswiss.com\/fi\/product\/blunt-wrap-double-platinum-silver-berries\/","title":{"rendered":"Blunt Wrap Double Platinum Silver | Marjat"},"content":{"rendered":"<p>Blunt on\u00a0<b>savukepaperin tyyppi<\/b>\u00a0ja termi, jota k\u00e4ytet\u00e4\u00e4n kuvaamaan<i>\u00a0suuret nivelet.\u00a0<\/i>Tylpp\u00e4 lehti on\u00a0<b><a href=\"https:\/\/mariswiss.com\/fi\/product\/blunt-wrap-double-platinum-purple\/\">luonnollinen tupakanlehti<\/a>,\u00a0<\/b>jotka voidaan maustaa, jotta ruokaan saadaan lis\u00e4\u00e4 makua. <a href=\"https:\/\/mariswiss.com\/fi\/7808-2\/\">kannabis<\/a>.<\/p>\n<p>Amerikkalaiset r\u00e4pp\u00e4rit ja hiphop-laulajat k\u00e4yttiv\u00e4t t\u00e4t\u00e4 termi\u00e4 ensimm\u00e4isen\u00e4.<b>\u00a0rullauspaperia liitosten tekemiseksi.<\/b>\u00a0Se oli hyv\u00e4 tapa j\u00e4\u00e4d\u00e4 huomaamatta, koska se oli -<i>\u00a0n\u00e4ytti enemm\u00e4n Kuubassa tuotetuilta cohiba-sikareilta...<\/i>.<\/p>","protected":false},"excerpt":{"rendered":"<p><strong>Blunt Wrap Double Platinum Silver<\/strong><\/p>\n<p><strong>2 tupakkaa per pakkaus<\/strong><br \/>\n<strong>Vesimelonin maku<\/strong><br \/>\nNauti muista mauista <a href=\"https:\/\/mariswiss.com\/fi\/product\/blunt-wrap-double-platinum-green-apple-martini\/\">Tylpp\u00e4 k\u00e4\u00e4re<\/a>.<br \/>\nHedelm\u00e4inen, <a href=\"https:\/\/mariswiss.com\/fi\/product\/blunt-wrap-double-platinum-blue-blueberry-burst\/\">eksoottiset<\/a>makea - jokaiselle l\u00f6ytyy jotakin!<br \/>\nAito karibialainen savustusherkku, joka on valmistettu Dominikaanisessa tasavallassa.<\/p>","protected":false},"featured_media":8787,"comment_status":"open","ping_status":"closed","template":"","meta":{"inline_featured_image":false},"product_cat":[15,366,367],"product_tag":[217,218],"class_list":{"0":"post-8809","1":"product","2":"type-product","3":"status-publish","4":"has-post-thumbnail","6":"product_brand-blunt-wrap-double-platinum","7":"product_cat-uncategorized","8":"product_cat-accessoires","9":"product_cat-blunt","10":"product_tag-feuilles","11":"product_tag-filtres","13":"first","14":"outofstock","15":"taxable","16":"shipping-taxable","17":"purchasable","18":"product-type-variable"},"jetpack_sharing_enabled":true,"_links":{"self":[{"href":"https:\/\/mariswiss.com\/fi\/wp-json\/wp\/v2\/product\/8809","targetHints":{"allow":["GET"]}}],"collection":[{"href":"https:\/\/mariswiss.com\/fi\/wp-json\/wp\/v2\/product"}],"about":[{"href":"https:\/\/mariswiss.com\/fi\/wp-json\/wp\/v2\/types\/product"}],"replies":[{"embeddable":true,"href":"https:\/\/mariswiss.com\/fi\/wp-json\/wp\/v2\/comments?post=8809"}],"wp:featuredmedia":[{"embeddable":true,"href":"https:\/\/mariswiss.com\/fi\/wp-json\/wp\/v2\/media\/8787"}],"wp:attachment":[{"href":"https:\/\/mariswiss.com\/fi\/wp-json\/wp\/v2\/media?parent=8809"}],"wp:term":[{"taxonomy":"product_cat","embeddable":true,"href":"https:\/\/mariswiss.com\/fi\/wp-json\/wp\/v2\/product_cat?post=8809"},{"taxonomy":"product_tag","embeddable":true,"href":"https:\/\/mariswiss.com\/fi\/wp-json\/wp\/v2\/product_tag?post=8809"}],"curies":[{"name":"wp","href":"https:\/\/api.w.org\/{rel}","templated":true}]}}