{"id":8844,"date":"2023-10-13T12:28:58","date_gmt":"2023-10-13T12:28:58","guid":{"rendered":"https:\/\/mariswiss.com\/?post_type=product&#038;p=8844"},"modified":"2025-07-11T08:18:31","modified_gmt":"2025-07-11T08:18:31","slug":"filtres-a-charbon-active-actitube-slim-compact-travel-size","status":"publish","type":"product","link":"https:\/\/mariswiss.com\/fi\/product\/filtres-a-charbon-active-actitube-slim-compact-travel-size\/","title":{"rendered":"Actitube-aktiivihiilisuodattimet | Ohut kompakti matkakoko"},"content":{"rendered":"<p>Actitube-hiilisuodattimet<\/p>\n<p>- Suodattimen mitat: 7 x 27 mm<br \/>\n- Keraamiset korkit molemmin puolin<br \/>\n- Pakkauksen mitat: n. 19 x 36 x 36 mm<br \/>\n- 10 suodatinta pakkauksessa<\/p>","protected":false},"excerpt":{"rendered":"<p>T\u00e4m\u00e4 actiTube-yhti\u00f6n uusi tuote mahtuu jokaiseen taskuun, olipa se kuinka pieni tahansa!<\/p>\n<p>T\u00e4ss\u00e4 ovat actiTuben (entinen TUNE) hyv\u00e4ksi havaitut aktiivihiilisuodattimet uudessa pakkausmuodossa, jonka avulla voit tehd\u00e4 eritt\u00e4in tilaa s\u00e4\u00e4st\u00e4vi\u00e4 pakkauksia.<br \/>\nEritt\u00e4in pieniss\u00e4 pakkauksissa on 10 actiTube slim -suodatinta, ja ne mahtuvat eritt\u00e4in helposti mihin tahansa reppuun, taskuun tai tupakkapussiin.<\/p>\n<p>N\u00e4m\u00e4 suodattimet lupaavat?<br \/>\n- v\u00e4hent\u00e4\u00e4 tervan imeytymist\u00e4 hengitysteihin.<br \/>\n- ett\u00e4 jokainen tuoksu maistuu miellytt\u00e4v\u00e4n raikkaalta, makealta ja kuivalta.<br \/>\n- ett\u00e4 ne eiv\u00e4t tukkeudu tai p\u00e4\u00e4st\u00e4 kondenssivett\u00e4 ulos.<\/p>","protected":false},"featured_media":9973,"comment_status":"open","ping_status":"closed","template":"","meta":{"inline_featured_image":false},"product_cat":[15,366,368],"product_tag":[217,218],"class_list":{"0":"post-8844","1":"product","2":"type-product","3":"status-publish","4":"has-post-thumbnail","6":"product_brand-actitube","7":"product_cat-uncategorized","8":"product_cat-accessoires","9":"product_cat-filtres","10":"product_tag-feuilles","11":"product_tag-filtres","13":"first","14":"instock","15":"taxable","16":"shipping-taxable","17":"purchasable","18":"product-type-simple"},"jetpack_sharing_enabled":true,"_links":{"self":[{"href":"https:\/\/mariswiss.com\/fi\/wp-json\/wp\/v2\/product\/8844","targetHints":{"allow":["GET"]}}],"collection":[{"href":"https:\/\/mariswiss.com\/fi\/wp-json\/wp\/v2\/product"}],"about":[{"href":"https:\/\/mariswiss.com\/fi\/wp-json\/wp\/v2\/types\/product"}],"replies":[{"embeddable":true,"href":"https:\/\/mariswiss.com\/fi\/wp-json\/wp\/v2\/comments?post=8844"}],"wp:featuredmedia":[{"embeddable":true,"href":"https:\/\/mariswiss.com\/fi\/wp-json\/wp\/v2\/media\/9973"}],"wp:attachment":[{"href":"https:\/\/mariswiss.com\/fi\/wp-json\/wp\/v2\/media?parent=8844"}],"wp:term":[{"taxonomy":"product_cat","embeddable":true,"href":"https:\/\/mariswiss.com\/fi\/wp-json\/wp\/v2\/product_cat?post=8844"},{"taxonomy":"product_tag","embeddable":true,"href":"https:\/\/mariswiss.com\/fi\/wp-json\/wp\/v2\/product_tag?post=8844"}],"curies":[{"name":"wp","href":"https:\/\/api.w.org\/{rel}","templated":true}]}}