{"id":9739,"date":"2023-10-12T13:52:56","date_gmt":"2023-10-12T13:52:56","guid":{"rendered":"https:\/\/mariswiss.com\/?post_type=product&#038;p=9739"},"modified":"2025-07-11T08:19:28","modified_gmt":"2025-07-11T08:19:28","slug":"seda-filtres-bio","status":"publish","type":"product","link":"https:\/\/mariswiss.com\/fi\/product\/seda-filtres-bio\/","title":{"rendered":"SEDA Biofilters"},"content":{"rendered":"<p>SEDA Bio -suodattimet ovat t\u00e4ysin orgaanisia. Ne on valmistettu amarantinsiemenist\u00e4, joten ne ovat yst\u00e4v\u00e4llisi\u00e4 planeetalle ja tekev\u00e4t maistelusta entist\u00e4kin erikoisempaa.<\/p>\n<p>Noin 35 suodatinta pakkauksessa.<\/p>\n<p>Pieni hinta symbolisesta lis\u00e4varusteesta.<\/p>\n<p>Kaikki tarvikkeemme ja niihin liittyv\u00e4t tuotteet on valittu huolellisesti niiden koostumuksen, maineen ja k\u00e4ytt\u00f6tarkoituksen mukaan. Sivustoltamme l\u00f6yd\u00e4t vain referenssimerkkej\u00e4, jotka tuovat mieleen mukavia muistoja.<\/p>","protected":false},"excerpt":{"rendered":"<p>SEDA Bio -suodattimet ovat t\u00e4ysin orgaanisia. Ne on valmistettu amarantinsiemenist\u00e4, joten ne ovat yst\u00e4v\u00e4llisi\u00e4 planeetalle ja tekev\u00e4t maistelusta entist\u00e4kin erikoisempaa.<\/p>\n<p>Noin 35 suodatinta pakkauksessa.<\/p>\n<p>Pieni hinta symbolisesta lis\u00e4varusteesta.<\/p>","protected":false},"featured_media":0,"comment_status":"open","ping_status":"closed","template":"","meta":{"inline_featured_image":false},"product_cat":[15,366,368],"product_tag":[218],"class_list":{"0":"post-9739","1":"product","2":"type-product","3":"status-publish","5":"product_brand-seda","6":"product_cat-uncategorized","7":"product_cat-accessoires","8":"product_cat-filtres","9":"product_tag-filtres","11":"first","12":"instock","13":"taxable","14":"shipping-taxable","15":"purchasable","16":"product-type-simple"},"jetpack_sharing_enabled":true,"_links":{"self":[{"href":"https:\/\/mariswiss.com\/fi\/wp-json\/wp\/v2\/product\/9739","targetHints":{"allow":["GET"]}}],"collection":[{"href":"https:\/\/mariswiss.com\/fi\/wp-json\/wp\/v2\/product"}],"about":[{"href":"https:\/\/mariswiss.com\/fi\/wp-json\/wp\/v2\/types\/product"}],"replies":[{"embeddable":true,"href":"https:\/\/mariswiss.com\/fi\/wp-json\/wp\/v2\/comments?post=9739"}],"wp:attachment":[{"href":"https:\/\/mariswiss.com\/fi\/wp-json\/wp\/v2\/media?parent=9739"}],"wp:term":[{"taxonomy":"product_cat","embeddable":true,"href":"https:\/\/mariswiss.com\/fi\/wp-json\/wp\/v2\/product_cat?post=9739"},{"taxonomy":"product_tag","embeddable":true,"href":"https:\/\/mariswiss.com\/fi\/wp-json\/wp\/v2\/product_tag?post=9739"}],"curies":[{"name":"wp","href":"https:\/\/api.w.org\/{rel}","templated":true}]}}