{"id":16180,"date":"2023-10-02T06:59:01","date_gmt":"2023-10-02T06:59:01","guid":{"rendered":"https:\/\/mariswiss.com\/?page_id=16180"},"modified":"2024-12-05T15:25:42","modified_gmt":"2024-12-05T15:25:42","slug":"qui-sommes-nous","status":"publish","type":"page","link":"https:\/\/mariswiss.com\/it\/qui-sommes-nous\/","title":{"rendered":"Chi siamo?"},"content":{"rendered":"<h1>Informazioni su MariSwiss : La vostra fonte affidabile per la cannabis legale svizzera e mondiale di qualit\u00e0<\/h1>\n<p>Benvenuti a MariSwiss, un'azienda europea che dal 2022 si dedica alla fornitura di prodotti di cannabis legale di qualit\u00e0. Siamo orgogliosi del nostro impegno per l'eccellenza, la sostenibilit\u00e0 e la soddisfazione del cliente. In questa pagina vi invitiamo a saperne di pi\u00f9 sulla nostra storia, sul nostro impegno per la qualit\u00e0 svizzera, sulla nostra gamma di prodotti, sul nostro servizio di spedizione in Europa, sul nostro team appassionato e su come contattarci per qualsiasi domanda o richiesta.<\/p>\n<div class=\"ux-logo has-hover align-middle ux_logo inline-block\" style=\"max-width: 100%!important; width: 230px!important\"><a class=\"ux-logo-link block image-\" title=\"\" href=\"https:\/\/mariswiss.com\/it\/\" style=\"padding: 15px;\"><img decoding=\"async\" src=\"https:\/\/i0.wp.com\/mariswiss.com\/wp-content\/uploads\/2023\/10\/MariSwiss-B-scaled.jpg?w=1020&#038;ssl=1\" title=\"\" alt=\"\" class=\"ux-logo-image block\" style=\"height:200px;\" data-recalc-dims=\"1\"><\/a><\/div>\n<h2>La storia di MariSwiss<\/h2>\n<p>La storia di MariSwiss \u00e8 iniziata nel 2022 con una visione chiara: diventare leader nel settore della cannabis legale. Fondata da appassionati di cannabis con la passione per la qualit\u00e0 svizzera, la nostra azienda si \u00e8 rapidamente evoluta per soddisfare la crescente esigenza del mercato di prodotti di cannabis legale di alta qualit\u00e0.<\/p>\n<h2>Il nostro impegno per la qualit\u00e0<\/h2>\n<p>In MariSwiss, la qualit\u00e0 \u00e8 la nostra parola d'ordine. Crediamo nella purezza della natura in Svizzera e altrove, ed \u00e8 per questo che alcuni dei nostri prodotti di cannabis legale provengono da coltivazioni biologiche svizzere. Altri provengono da altre parti del mondo (Uruguay, Francia, Italia), con un rigore produttivo che selezioniamo a mano. Siamo determinati a mantenere i pi\u00f9 alti standard di controllo della qualit\u00e0 per ogni prodotto che offriamo. Lavoriamo a stretto contatto con coltivatori locali che condividono la nostra passione per una coltivazione sostenibile e rispettosa dell'ambiente.<\/p>\n<h2>La nostra gamma di prodotti<\/h2>\n<p>Siamo orgogliosi di offrirvi una gamma diversificata di prodotti di cannabis legali, pensati per soddisfare le vostre esigenze individuali. Che siate alla ricerca di fiori di cannabis di prima qualit\u00e0, potenti estratti, oli raffinati o deliziosi edibles, MariSwiss ha quello che fa per voi. Ognuno dei nostri prodotti \u00e8 stato accuratamente selezionato per la sua qualit\u00e0 e per il suo potenziale di offrire un'esperienza di consumo eccezionale.<\/p>\n<h2>Spedizione in Europa<\/h2>\n<p>La missione di MariSwiss \u00e8 quella di rendere i nostri prodotti di cannabis legale accessibili a un pubblico pi\u00f9 ampio in Europa. Siamo lieti di annunciare che offriamo un servizio di spedizione affidabile e sicuro in molti Paesi europei. Grazie alla nostra esperienza nella logistica, ci impegniamo a garantire che i vostri ordini arrivino in modo sicuro alla vostra porta di casa.<\/p>\n<h2>Il nostro team<\/h2>\n<p>Il nostro team \u00e8 composto da professionisti appassionati e dedicati che condividono la stessa visione di qualit\u00e0 e innovazione. Dalla coltivazione alla distribuzione, ogni membro del nostro team apporta preziose competenze per garantire che MariSwiss continui a essere un punto di riferimento nell'industria della cannabis legale.<\/p>\n<h2>Impegno per la sostenibilit\u00e0<\/h2>\n<p>Noi di MariSwiss comprendiamo l'importanza della sostenibilit\u00e0 nell'industria della cannabis. Per questo ci impegniamo a ridurre il pi\u00f9 possibile la nostra impronta ambientale. I nostri coltivatori utilizzano pratiche agricole rispettose dell'ambiente e usiamo imballaggi riciclabili per ridurre i rifiuti di plastica. Ci impegniamo a contribuire a un futuro pi\u00f9 verde e a fornirvi i migliori prodotti di cannabis legale.<\/p>\n<h2>Innovazione e ricerca<\/h2>\n<p>Crediamo nell'innovazione continua per migliorare i nostri prodotti e soddisfare le mutevoli esigenze dei nostri clienti. Il nostro team di ricerca e sviluppo lavora instancabilmente per sviluppare nuove variet\u00e0 di cannabis, metodi di estrazione avanzati e prodotti innovativi. Rimaniamo all'avanguardia nel settore della cannabis legale.<\/p>\n<h2>Comunit\u00e0 e responsabilit\u00e0 sociale<\/h2>\n<p>MariSwiss \u00e8 orgogliosa di essere parte integrante della comunit\u00e0. Ci impegniamo a sostenere le iniziative locali e a dare un contributo positivo alla nostra societ\u00e0. Inoltre, sosteniamo l'uso responsabile della cannabis legale e promuoviamo informazioni educative per aiutare i nostri clienti a prendere decisioni informate.<\/p>\n<h2>Contattateci<\/h2>\n<p>Siamo sempre felici di ascoltare i nostri clienti e di rispondere alle loro domande. Non esitate a contattarci per qualsiasi informazione, supporto o richiesta di prodotti. Potete contattarci via e-mail all'indirizzo [indirizzo e-mail] o per telefono al numero [numero di telefono]. Siamo presenti anche sui social media, dove potete seguirci per ricevere le ultime notizie e aggiornamenti.<\/p>\n<p>Grazie per aver scelto MariSwiss per le vostre esigenze di prodotti di cannabis legale di qualit\u00e0 svizzera. Non vediamo l'ora di servirvi e di offrirvi un'esperienza eccezionale in ogni fase del processo.<\/p>","protected":false},"excerpt":{"rendered":"<p>\u00c0 propos de MariSwiss : Votre Source de Confiance pour le Cannabis L\u00e9gal de Qualit\u00e9 Suisse et Monde Bienvenue chez MariSwiss, une soci\u00e9t\u00e9 europ\u00e9enne d\u00e9di\u00e9e \u00e0 l&#8217;offre de produits de cannabis l\u00e9gal de qualit\u00e9 depuis 2022. Nous sommes fiers de notre engagement envers l&#8217;excellence, la durabilit\u00e9 et la satisfaction de nos clients. Dans cette page, [&#8230;]","protected":false},"author":2,"featured_media":16175,"parent":0,"menu_order":0,"comment_status":"closed","ping_status":"closed","template":"","meta":{"inline_featured_image":false,"footnotes":""},"class_list":["post-16180","page","type-page","status-publish","has-post-thumbnail","hentry"],"jetpack_sharing_enabled":true,"_links":{"self":[{"href":"https:\/\/mariswiss.com\/it\/wp-json\/wp\/v2\/pages\/16180","targetHints":{"allow":["GET"]}}],"collection":[{"href":"https:\/\/mariswiss.com\/it\/wp-json\/wp\/v2\/pages"}],"about":[{"href":"https:\/\/mariswiss.com\/it\/wp-json\/wp\/v2\/types\/page"}],"author":[{"embeddable":true,"href":"https:\/\/mariswiss.com\/it\/wp-json\/wp\/v2\/users\/2"}],"replies":[{"embeddable":true,"href":"https:\/\/mariswiss.com\/it\/wp-json\/wp\/v2\/comments?post=16180"}],"version-history":[{"count":13,"href":"https:\/\/mariswiss.com\/it\/wp-json\/wp\/v2\/pages\/16180\/revisions"}],"predecessor-version":[{"id":19797,"href":"https:\/\/mariswiss.com\/it\/wp-json\/wp\/v2\/pages\/16180\/revisions\/19797"}],"wp:featuredmedia":[{"embeddable":true,"href":"https:\/\/mariswiss.com\/it\/wp-json\/wp\/v2\/media\/16175"}],"wp:attachment":[{"href":"https:\/\/mariswiss.com\/it\/wp-json\/wp\/v2\/media?parent=16180"}],"curies":[{"name":"wp","href":"https:\/\/api.w.org\/{rel}","templated":true}]}}