{"id":16212,"date":"2023-10-03T12:59:53","date_gmt":"2023-10-03T12:59:53","guid":{"rendered":"https:\/\/mariswiss.com\/?page_id=16212"},"modified":"2024-12-05T15:16:10","modified_gmt":"2024-12-05T15:16:10","slug":"conditions-generales","status":"publish","type":"page","link":"https:\/\/mariswiss.com\/it\/conditions-generales\/","title":{"rendered":"Termini e condizioni generali (GTC)"},"content":{"rendered":"<h1>Termini e condizioni generali (GTC)<\/h1>\n<p>L'utilizzo del nostro sito web e l'acquisto di prodotti o servizi confermano automaticamente l'accettazione dei nostri termini e condizioni e l'et\u00e0 minima di 18 anni.<\/p>\n<p><strong>1. Registrazione<\/strong><br \/>\nL'utente \u00e8 l'unico responsabile dell'accuratezza e della completezza dei dati forniti al momento della registrazione sul sito.<br \/>\nSe necessario, ci informerete di eventuali modifiche ai dati forniti aggiornando il profilo il prima possibile.<br \/>\nAl momento della registrazione, l'utente deve scegliere una password che gli consenta di utilizzare il nostro sito. Questa password \u00e8 strettamente confidenziale. Non deve essere divulgata a terzi.<br \/>\nL'utente \u00e8 l'unico responsabile dell'uso, della conservazione e della sicurezza della propria password.<br \/>\nSe si sa o si sospetta che una terza persona abbia accesso alla propria password, si prega di informarci immediatamente.<\/p>\n<p><strong>2. Premi<\/strong><br \/>\nI prezzi indicati sul nostro sito sono espressi in euro (EUR), franco svizzero (CHF) e sterlina (\u00a3).<br \/>\nIl prezzo indicato nelle schede prodotto non include il trasporto.<br \/>\n<em>I prezzi sono soggetti a modifiche senza preavviso.<\/em><\/p>\n<p><strong>3. Consegna<\/strong><br \/>\nL'ordine verr\u00e0 spedito entro 24-48 ore dal ricevimento del pagamento. Una volta spedito l'ordine, riceverete un'e-mail con il numero di spedizione.<br \/>\nPotete trovare il vostro numero di tracking anche nella vostra sezione personale sul nostro sito, alla voce \"ordini\".<br \/>\nIl vostro ordine sar\u00e0 consegnato all'indirizzo indicato nell'ordine.<br \/>\nInviamo l'ordine per posta prioritaria con un numero di tracciamento.<br \/>\nL'ordine pu\u00f2 essere inviato in diversi pacchetti.<br \/>\nI tempi di spedizione vanno da 3 (tre) a 5 (cinque) giorni lavorativi, o pi\u00f9 a lungo a seconda delle circostanze.<\/p>\n<p><strong>4. Politica di restituzione<\/strong><br \/>\nNell'improbabile caso in cui non siate soddisfatti della qualit\u00e0 dei nostri prodotti, offriamo un servizio di rimborso:<\/p>\n<p>Dovete contattarci entro 7 giorni dal ricevimento inviando un'e-mail a <a href=\"mailto:hello@mariswiss.com\">hello@mariswiss.com<\/a> . Fornendoci il riferimento dell'ordine e descrivendo il motivo per cui si desidera un rimborso. In caso contrario, non saremo responsabili di eventuali perdite o danni.<br \/>\nRestituire il prodotto nella sua confezione originale, non aperta. Se un articolo \u00e8 stato usato\/aperto, non possiamo accettare restituzioni.<br \/>\nGli articoli restituiti saranno ispezionati per verificare la presenza di eventuali difetti e, se individuati, saranno sostituiti o rimborsati.<br \/>\nIl rimborso riguarder\u00e0 il costo del prodotto ed escluder\u00e0 tutte le spese di spedizione e di imballaggio.<br \/>\nI rimborsi saranno generalmente accreditati utilizzando lo stesso metodo di pagamento dell'acquisto.<br \/>\nNon accettiamo restituzioni di prodotti se il gusto o l'odore non sono di vostro gradimento.<\/p>\n<p><strong>5. Rimborso<\/strong><\/p>\n<p>Se si desidera un rimborso per qualsiasi motivo, si prega di contattarci al seguente indirizzo e-mail: <a href=\"mailto:hello@mariswiss.com\">hello@mariswiss.com<\/a> e risponderemo alla vostra richiesta. I rimborsi saranno effettuati caso per caso e con prove inconfutabili.<\/p>\n<p><strong>6. Errore di spedizione<\/strong><br \/>\n- \u00c8 necessario controllare immediatamente l'ordine consegnato.<\/p>\n<p>- Se l'articolo non corrisponde a quello ordinato, ci\u00f2 pu\u00f2 essere dovuto a un errore di spedizione. Il cliente ha tre (3) giorni lavorativi per notificare l'errore.<\/p>\n<p>- In caso di errore di spedizione di cui siamo responsabili, proporremo una soluzione di compensazione caso per caso.<\/p>\n<p><strong>7. Metodi di pagamento<\/strong><br \/>\nSuggeriamo il seguente metodo di pagamento:<\/p>\n<p>Carte di credito (Visa, MasterCard, American Express)<br \/>\nBonifico bancario: IBAN : FR76 3000 4006 8300 0102 5141 293. BIC : BNPAFRPPXXX<br \/>\n* Il numero della carta di credito viene indirizzato ai server di pagamento. Il pagamento viene effettuato direttamente in un ambiente sicuro, senza passare per il server www.mariswiss.com, che garantisce che i numeri della carta di credito siano noti solo al nostro partner bancario.<\/p>\n<p><strong>8. Responsabilit\u00e0 del cliente<\/strong><br \/>\nSi prega di notare che non siamo autorizzati a fornire consigli o diagnosi mediche. Vi consigliamo di consultare il vostro medico prima di iniziare a consumare prodotti contenenti CBD. Vi ricordiamo inoltre che quando vi impegnate a fare un acquisto, vi impegnate a rispettare le regole, ad essere maggiorenni e a conoscere le leggi vigenti nel vostro paese in materia di CBD.<\/p>\n<p>Il cliente si assume la responsabilit\u00e0 di:<\/p>\n<p>Lesioni personali,<br \/>\nDanni e interessi,<br \/>\nMisure punitive,<br \/>\nPerdita di profitti o ricavi,<br \/>\nPerdita dell'uso di un prodotto o di un'apparecchiatura,<br \/>\nPerdita di propriet\u00e0 derivante dall'acquisto, dall'uso o dall'abuso di un prodotto.<br \/>\nMariswiss.com, i suoi proprietari, agenti e dipendenti non possono essere ritenuti responsabili delle azioni dei propri clienti.<\/p>\n<p><strong>9. Politica dei dati<\/strong><br \/>\nSi prega di leggere attentamente la nostra pagina sulla privacy.<\/p>\n<p><strong>10. Modifica dei nostri termini e condizioni generali<\/strong><br \/>\nPossiamo modificare (aggiornare) i nostri termini e condizioni di volta in volta. Vi informeremo di eventuali modifiche pubblicando la nuova informativa sulla privacy su questa pagina.<br \/>\nSi prega di consultare spesso questa pagina quando si utilizza il nostro servizio.<br \/>\nSi consiglia di consultare regolarmente questa politica di riservatezza per prendere nota di eventuali modifiche. Le modifiche alla presente informativa sulla privacy entrano in vigore non appena vengono pubblicate su questa pagina.<\/p>\n<p><strong>11. Contatti e servizio clienti<\/strong><br \/>\nPer ulteriori informazioni, contattateci via e-mail a <a href=\"mailto:contact@mariswiss.com\">contatc@mariswiss.com<\/a> o sul nostro <a href=\"https:\/\/ticket.mariswiss.com\/\">Contattateci per maggiori informazioni.<\/a><\/p>","protected":false},"excerpt":{"rendered":"<p>Conditions g\u00e9n\u00e9rales (CVG) L\u2019utilisation de notre site web et l\u2019achat de produits ou services sur celui-ci, confirme automatiquement que vous acceptez nos conditions g\u00e9n\u00e9rales et que vous confirmez que vous avez au moins 18 ans. 1. Inscription Vous \u00eates seul responsable de l\u2019exactitude et de l\u2019exhaustivit\u00e9 des donn\u00e9es que vous fournissez lors de votre inscription [&#8230;]","protected":false},"author":2,"featured_media":0,"parent":0,"menu_order":0,"comment_status":"closed","ping_status":"closed","template":"","meta":{"inline_featured_image":false,"footnotes":""},"class_list":["post-16212","page","type-page","status-publish","hentry"],"jetpack_sharing_enabled":true,"_links":{"self":[{"href":"https:\/\/mariswiss.com\/it\/wp-json\/wp\/v2\/pages\/16212","targetHints":{"allow":["GET"]}}],"collection":[{"href":"https:\/\/mariswiss.com\/it\/wp-json\/wp\/v2\/pages"}],"about":[{"href":"https:\/\/mariswiss.com\/it\/wp-json\/wp\/v2\/types\/page"}],"author":[{"embeddable":true,"href":"https:\/\/mariswiss.com\/it\/wp-json\/wp\/v2\/users\/2"}],"replies":[{"embeddable":true,"href":"https:\/\/mariswiss.com\/it\/wp-json\/wp\/v2\/comments?post=16212"}],"version-history":[{"count":7,"href":"https:\/\/mariswiss.com\/it\/wp-json\/wp\/v2\/pages\/16212\/revisions"}],"predecessor-version":[{"id":19794,"href":"https:\/\/mariswiss.com\/it\/wp-json\/wp\/v2\/pages\/16212\/revisions\/19794"}],"wp:attachment":[{"href":"https:\/\/mariswiss.com\/it\/wp-json\/wp\/v2\/media?parent=16212"}],"curies":[{"name":"wp","href":"https:\/\/api.w.org\/{rel}","templated":true}]}}