{"id":19726,"date":"2024-11-23T08:38:05","date_gmt":"2024-11-23T08:38:05","guid":{"rendered":"https:\/\/mariswiss.com\/?page_id=19726"},"modified":"2024-12-05T15:11:47","modified_gmt":"2024-12-05T15:11:47","slug":"mention-legal","status":"publish","type":"page","link":"https:\/\/mariswiss.com\/it\/mention-legal\/","title":{"rendered":"Informazioni legali"},"content":{"rendered":"<p>In conformit\u00e0 alle disposizioni degli articoli 6-III e 19 della legge n. 2004-575 del 21 giugno 2004 sulla fiducia nell'economia digitale, nota come L.C.E.N., informiamo gli utenti e i visitatori del sito https:\/\/www.mariswiss.com delle seguenti informazioni:<\/p>\n<p><strong>Informazioni legali :<br \/>\n<\/strong><br \/>\nNome dell'azienda: Eco Brothers S\u00e0rl<br \/>\nIndirizzo: 13 Route d'annemasse, 74160 SAINT-JULIEN-EN-GENEVOIS, Francia.<br \/>\nTel: +33 (0)679 82 40 78<br \/>\nCapitale di : 10.000 EUR<br \/>\nSIRET : 901 440 503 R.C.S. : Thonon-les-Bains<br \/>\nPartita IVA intracomunitaria: FR30901440503<br \/>\nIndirizzo e-mail: contact@mariswiss.com<\/p>\n<p>Il creatore del sito \u00e8: Mari Swiss<br \/>\nIl responsabile della pubblicazione \u00e8 il suo Presidente e Amministratore Delegato.<br \/>\nContattare il responsabile della pubblicazione: contact@mariswiss.com<\/p>\n<p>Contattare il Webmaster: \u00e8 possibile utilizzare il modulo di contatto presente sul sito.<\/p>\n<p>L'host del sito web \u00e8: 1&amp;1 IONOS Inc, 701 Lee Road, Suite 300, Chesterbrook, PA 19087, Stati Uniti.<\/p>","protected":false},"excerpt":{"rendered":"<p>Conform\u00e9ment aux dispositions des articles 6-III et 19 de la Loi n\u00b0 2004-575 du 21 juin 2004 pour la Confiance dans l\u2019\u00e9conomie num\u00e9rique, dite L.C.E.N., nous portons \u00e0 la connaissance des utilisateurs et visiteurs du site : https:\/\/www.mariswiss.com les informations suivantes : Informations l\u00e9gales : Nom de la Soci\u00e9t\u00e9 : Eco Brothers S\u00e0rl Adresse :13 [&#8230;]","protected":false},"author":81,"featured_media":0,"parent":0,"menu_order":0,"comment_status":"closed","ping_status":"closed","template":"","meta":{"inline_featured_image":false,"footnotes":""},"class_list":["post-19726","page","type-page","status-publish","hentry"],"jetpack_sharing_enabled":true,"_links":{"self":[{"href":"https:\/\/mariswiss.com\/it\/wp-json\/wp\/v2\/pages\/19726","targetHints":{"allow":["GET"]}}],"collection":[{"href":"https:\/\/mariswiss.com\/it\/wp-json\/wp\/v2\/pages"}],"about":[{"href":"https:\/\/mariswiss.com\/it\/wp-json\/wp\/v2\/types\/page"}],"author":[{"embeddable":true,"href":"https:\/\/mariswiss.com\/it\/wp-json\/wp\/v2\/users\/81"}],"replies":[{"embeddable":true,"href":"https:\/\/mariswiss.com\/it\/wp-json\/wp\/v2\/comments?post=19726"}],"version-history":[{"count":3,"href":"https:\/\/mariswiss.com\/it\/wp-json\/wp\/v2\/pages\/19726\/revisions"}],"predecessor-version":[{"id":19792,"href":"https:\/\/mariswiss.com\/it\/wp-json\/wp\/v2\/pages\/19726\/revisions\/19792"}],"wp:attachment":[{"href":"https:\/\/mariswiss.com\/it\/wp-json\/wp\/v2\/media?parent=19726"}],"curies":[{"name":"wp","href":"https:\/\/api.w.org\/{rel}","templated":true}]}}